{"id":12726,"date":"2025-09-26T18:39:06","date_gmt":"2025-09-26T18:39:06","guid":{"rendered":"https:\/\/eltiosam.com.mx\/?post_type=product&#038;p=12726"},"modified":"2025-09-26T18:50:10","modified_gmt":"2025-09-26T18:50:10","slug":"refrigerador-de-columna-integrado-30-panelable-signature-skscr3001p-copia","status":"publish","type":"product","link":"https:\/\/eltiosam.com.mx\/index.php\/product\/refrigerador-de-columna-integrado-30-panelable-signature-skscr3001p-copia\/","title":{"rendered":"REFRIGERADOR DE COLUMNA INTEGRADO 30&#8243; PANELABLE SIGNATURE SKSCR3001P"},"content":{"rendered":"<div class=\"woocommerce-product-details__short-description\">\n<p>La ingenier\u00eda avanzada y el dise\u00f1o resuelto garantizan que el frigor\u00edfico de columna integrado Signature Kitchen Suite de 30 pulgadas ofrezca las ingeniosas funciones que necesitan los alimentos frescos, al tiempo que proporciona la capacidad extra en un frigor\u00edfico integrado listo para panel que usted desea.<\/p>\n<p>Caracter\u00edsticas:<\/p>\n<p>Wi-Fi-Enabled para ThinQ\u00ae Control con iPhone \/ Android App: S\u00ed<br \/>\nInversor<br \/>\nCapacidad: 18,0 pies c\u00fabicos<br \/>\nAncho total (pulgadas): 29 3\u20444<br \/>\nAltura total (pulgadas): 83 1\u20442<br \/>\nProfundidad total sin asas (pulgadas): 23 7\u20448<br \/>\nPeso neto (aprox.): 385 lbs.<br \/>\nPeso de env\u00edo (aprox.): 427 lbs.<\/p>\n<\/div>\n<div class=\"utilities\">\n<p>&nbsp;<\/p>\n<\/div>\n","protected":false},"excerpt":{"rendered":"<p>La ingenier\u00eda avanzada y el dise\u00f1o resuelto garantizan que el frigor\u00edfico de columna integrado Signature Kitchen Suite de 30 pulgadas ofrezca las ingeniosas funciones que necesitan los alimentos frescos, al tiempo que proporciona la capacidad extra en un frigor\u00edfico integrado listo para panel que usted desea.<\/p>\n<p>&nbsp;<\/p>\n<p>&nbsp;<\/p>\n","protected":false},"featured_media":11704,"template":"","meta":{"_joinchat":[]},"product_brand":[],"product_cat":[193],"product_tag":[234],"class_list":{"0":"post-12726","1":"product","2":"type-product","3":"status-publish","4":"has-post-thumbnail","6":"product_cat-refrigerador-congelador-inferior","7":"product_tag-signature-kitchen","9":"first","10":"instock","11":"shipping-taxable","12":"product-type-simple"},"_links":{"self":[{"href":"https:\/\/eltiosam.com.mx\/index.php\/wp-json\/wp\/v2\/product\/12726","targetHints":{"allow":["GET"]}}],"collection":[{"href":"https:\/\/eltiosam.com.mx\/index.php\/wp-json\/wp\/v2\/product"}],"about":[{"href":"https:\/\/eltiosam.com.mx\/index.php\/wp-json\/wp\/v2\/types\/product"}],"wp:featuredmedia":[{"embeddable":true,"href":"https:\/\/eltiosam.com.mx\/index.php\/wp-json\/wp\/v2\/media\/11704"}],"wp:attachment":[{"href":"https:\/\/eltiosam.com.mx\/index.php\/wp-json\/wp\/v2\/media?parent=12726"}],"wp:term":[{"taxonomy":"product_brand","embeddable":true,"href":"https:\/\/eltiosam.com.mx\/index.php\/wp-json\/wp\/v2\/product_brand?post=12726"},{"taxonomy":"product_cat","embeddable":true,"href":"https:\/\/eltiosam.com.mx\/index.php\/wp-json\/wp\/v2\/product_cat?post=12726"},{"taxonomy":"product_tag","embeddable":true,"href":"https:\/\/eltiosam.com.mx\/index.php\/wp-json\/wp\/v2\/product_tag?post=12726"}],"curies":[{"name":"wp","href":"https:\/\/api.w.org\/{rel}","templated":true}]}}