{"id":12725,"date":"2025-09-26T18:37:24","date_gmt":"2025-09-26T18:37:24","guid":{"rendered":"https:\/\/eltiosam.com.mx\/?post_type=product&#038;p=12725"},"modified":"2025-09-26T18:50:19","modified_gmt":"2025-09-26T18:50:19","slug":"refrigerador-french-door-36-empotrable-panelable-signature-sksfd3604p-copia","status":"publish","type":"product","link":"https:\/\/eltiosam.com.mx\/index.php\/product\/refrigerador-french-door-36-empotrable-panelable-signature-sksfd3604p-copia\/","title":{"rendered":"REFRIGERADOR FRENCH DOOR 36&#8243; EMPOTRABLE PANELABLE SIGNATURE SKSFD3604P"},"content":{"rendered":"<p>Temperaturas precisas, dise\u00f1o resuelto y un ingenioso caj\u00f3n central convertible en 5 modos hacen de nuestro frigor\u00edfico empotrable de puerta francesa la forma perfecta de mantener la frescura e integridad de todo lo que ponga en \u00e9l. Disponible en panel o en acero inoxidable.<\/p>\n<p>Caracter\u00edsticas:<\/p>\n<div class=\"woocommerce-product-details__short-description\">\n<p>Wi-Fi-Enabled para ThinQ\u00ae Control con iPhone \/ Android App: S\u00ed<br \/>\nInversor<br \/>\nCapacidad: 19,3 pies c\u00fabicos<br \/>\nAnchura total (pulgadas): 35 3\u20444\u2033<br \/>\nAltura total (pulgadas): 83 1\u20442\u2033 Min. \u2013 84 1\u20442\u2033<br \/>\nProfundidad total sin asas (pulgadas): 23 7\u20448\u2033<br \/>\nPeso neto (aprox.): 483 lbs.<br \/>\nPeso de env\u00edo (aprox.): 532 lbs.<\/p>\n<\/div>\n<div class=\"utilities\">\n<p>&nbsp;<\/p>\n<\/div>\n","protected":false},"excerpt":{"rendered":"<p>Temperaturas precisas, dise\u00f1o resuelto y un ingenioso caj\u00f3n central convertible en 5 modos hacen de nuestro frigor\u00edfico empotrable de puerta francesa la forma perfecta de mantener la frescura e integridad de todo lo que ponga en \u00e9l. Disponible en panel o en acero inoxidable.<\/p>\n<p>&nbsp;<\/p>\n","protected":false},"featured_media":11698,"template":"","meta":{"_joinchat":[]},"product_brand":[],"product_cat":[193],"product_tag":[234],"class_list":{"0":"post-12725","1":"product","2":"type-product","3":"status-publish","4":"has-post-thumbnail","6":"product_cat-refrigerador-congelador-inferior","7":"product_tag-signature-kitchen","9":"first","10":"instock","11":"shipping-taxable","12":"product-type-simple"},"_links":{"self":[{"href":"https:\/\/eltiosam.com.mx\/index.php\/wp-json\/wp\/v2\/product\/12725","targetHints":{"allow":["GET"]}}],"collection":[{"href":"https:\/\/eltiosam.com.mx\/index.php\/wp-json\/wp\/v2\/product"}],"about":[{"href":"https:\/\/eltiosam.com.mx\/index.php\/wp-json\/wp\/v2\/types\/product"}],"wp:featuredmedia":[{"embeddable":true,"href":"https:\/\/eltiosam.com.mx\/index.php\/wp-json\/wp\/v2\/media\/11698"}],"wp:attachment":[{"href":"https:\/\/eltiosam.com.mx\/index.php\/wp-json\/wp\/v2\/media?parent=12725"}],"wp:term":[{"taxonomy":"product_brand","embeddable":true,"href":"https:\/\/eltiosam.com.mx\/index.php\/wp-json\/wp\/v2\/product_brand?post=12725"},{"taxonomy":"product_cat","embeddable":true,"href":"https:\/\/eltiosam.com.mx\/index.php\/wp-json\/wp\/v2\/product_cat?post=12725"},{"taxonomy":"product_tag","embeddable":true,"href":"https:\/\/eltiosam.com.mx\/index.php\/wp-json\/wp\/v2\/product_tag?post=12725"}],"curies":[{"name":"wp","href":"https:\/\/api.w.org\/{rel}","templated":true}]}}