{"id":12722,"date":"2025-09-25T23:43:19","date_gmt":"2025-09-25T23:43:19","guid":{"rendered":"https:\/\/eltiosam.com.mx\/?post_type=product&#038;p=12722"},"modified":"2025-09-25T23:43:19","modified_gmt":"2025-09-25T23:43:19","slug":"cava-de-102-botellas-24sub-zerodec2450w-l","status":"publish","type":"product","link":"https:\/\/eltiosam.com.mx\/index.php\/product\/cava-de-102-botellas-24sub-zerodec2450w-l\/","title":{"rendered":"CAVA DE 102 BOTELLAS 24&#8243;\tSUB-ZERO\tDEC2450W\/L"},"content":{"rendered":"<ul>\n<li>Ofrece una capacidad para 102 botellas y cualquier ocasi\u00f3n<\/li>\n<li>Personalice f\u00e1cilmente los ajustes con el toque de un dedo a trav\u00e9s del panel de control t\u00e1ctil de f\u00e1cil acceso.<\/li>\n<li>Almacene los vinos tintos y los blancos en diferentes zonas de temperatura que los mantengan a la temperatura adecuada para servirlos, dentro de un grado del nivel configurado<\/li>\n<\/ul>\n","protected":false},"excerpt":{"rendered":"<ul>\n<li>Ofrece una capacidad para 102 botellas y cualquier ocasi\u00f3n<\/li>\n<li>Personalice f\u00e1cilmente los ajustes con el toque de un dedo a trav\u00e9s del panel de control t\u00e1ctil de f\u00e1cil acceso.<\/li>\n<li>Almacene los vinos tintos y los blancos en diferentes zonas de temperatura que los mantengan a la temperatura adecuada para servirlos, dentro de un grado del nivel configurado<\/li>\n<\/ul>\n","protected":false},"featured_media":12724,"template":"","meta":{"_joinchat":[]},"product_brand":[],"product_cat":[164],"product_tag":[82],"class_list":{"0":"post-12722","1":"product","2":"type-product","3":"status-publish","4":"has-post-thumbnail","6":"product_cat-cavas","7":"product_tag-sub-zero","9":"first","10":"instock","11":"shipping-taxable","12":"product-type-simple"},"_links":{"self":[{"href":"https:\/\/eltiosam.com.mx\/index.php\/wp-json\/wp\/v2\/product\/12722","targetHints":{"allow":["GET"]}}],"collection":[{"href":"https:\/\/eltiosam.com.mx\/index.php\/wp-json\/wp\/v2\/product"}],"about":[{"href":"https:\/\/eltiosam.com.mx\/index.php\/wp-json\/wp\/v2\/types\/product"}],"wp:featuredmedia":[{"embeddable":true,"href":"https:\/\/eltiosam.com.mx\/index.php\/wp-json\/wp\/v2\/media\/12724"}],"wp:attachment":[{"href":"https:\/\/eltiosam.com.mx\/index.php\/wp-json\/wp\/v2\/media?parent=12722"}],"wp:term":[{"taxonomy":"product_brand","embeddable":true,"href":"https:\/\/eltiosam.com.mx\/index.php\/wp-json\/wp\/v2\/product_brand?post=12722"},{"taxonomy":"product_cat","embeddable":true,"href":"https:\/\/eltiosam.com.mx\/index.php\/wp-json\/wp\/v2\/product_cat?post=12722"},{"taxonomy":"product_tag","embeddable":true,"href":"https:\/\/eltiosam.com.mx\/index.php\/wp-json\/wp\/v2\/product_tag?post=12722"}],"curies":[{"name":"wp","href":"https:\/\/api.w.org\/{rel}","templated":true}]}}