{"id":12678,"date":"2025-09-25T23:25:39","date_gmt":"2025-09-25T23:25:39","guid":{"rendered":"https:\/\/eltiosam.com.mx\/?post_type=product&#038;p=12678"},"modified":"2025-09-25T23:25:40","modified_gmt":"2025-09-25T23:25:40","slug":"campana-de-pared-90cmnutonetulum","status":"publish","type":"product","link":"https:\/\/eltiosam.com.mx\/index.php\/product\/campana-de-pared-90cmnutonetulum\/","title":{"rendered":"CAMPANA DE PARED 90CM\tNUTONE\tTULUM"},"content":{"rendered":"<p id=\"title\" class=\"a-size-large a-spacing-none\"><span id=\"productTitle\" class=\"a-size-large product-title-word-break\">Campana de Cocina IHD CH Tulum en Acero Inoxidable con Ducto Extraible; con Dise\u00f1o Innovador y Tecnologia Italiana.<\/span><\/p>\n<p>Caracter\u00edsticas:<\/p>\n<ul class=\"a-unordered-list a-vertical a-spacing-mini\">\n<li><span class=\"a-list-item\">Campana de pared \/ muro en acero inoxidable de 90 cms de ancho<\/span><\/li>\n<li><span class=\"a-list-item\">Chimenea telescopica con altura variable 560 \u2013 905 mm<\/span><\/li>\n<li><span class=\"a-list-item\">Encendido de luces incandecentes y selector de velocidades con 3 niveles de intensidad<\/span><\/li>\n<li><span class=\"a-list-item\">Extractora\/Purificadora con filtros de aluminio de alta duracion; incluye filtros de carbon activado<\/span><\/li>\n<li><span class=\"a-list-item\">Extracci\u00f3n m\u00e1xima 650 metros c\u00fabicos\/hora (383 pies c\u00fabicos\/min)<\/span><\/li>\n<\/ul>\n","protected":false},"excerpt":{"rendered":"<p>Campana de Cocina IHD CH Tulum en Acero Inoxidable con Ducto Extraible; con Dise\u00f1o Innovador y Tecnologia Italiana. Caracter\u00edsticas: Campana de pared \/ muro en acero inoxidable de 90 cms de ancho Chimenea telescopica con altura variable 560 \u2013 905 mm Encendido de luces incandecentes y selector de velocidades con 3 niveles de intensidad Extractora\/Purificadora [&hellip;]<\/p>\n","protected":false},"featured_media":12680,"template":"","meta":{"_joinchat":[]},"product_brand":[],"product_cat":[45],"product_tag":[240],"class_list":{"0":"post-12678","1":"product","2":"type-product","3":"status-publish","4":"has-post-thumbnail","6":"product_cat-campanas","7":"product_tag-nutone","9":"first","10":"instock","11":"shipping-taxable","12":"product-type-simple"},"_links":{"self":[{"href":"https:\/\/eltiosam.com.mx\/index.php\/wp-json\/wp\/v2\/product\/12678","targetHints":{"allow":["GET"]}}],"collection":[{"href":"https:\/\/eltiosam.com.mx\/index.php\/wp-json\/wp\/v2\/product"}],"about":[{"href":"https:\/\/eltiosam.com.mx\/index.php\/wp-json\/wp\/v2\/types\/product"}],"wp:featuredmedia":[{"embeddable":true,"href":"https:\/\/eltiosam.com.mx\/index.php\/wp-json\/wp\/v2\/media\/12680"}],"wp:attachment":[{"href":"https:\/\/eltiosam.com.mx\/index.php\/wp-json\/wp\/v2\/media?parent=12678"}],"wp:term":[{"taxonomy":"product_brand","embeddable":true,"href":"https:\/\/eltiosam.com.mx\/index.php\/wp-json\/wp\/v2\/product_brand?post=12678"},{"taxonomy":"product_cat","embeddable":true,"href":"https:\/\/eltiosam.com.mx\/index.php\/wp-json\/wp\/v2\/product_cat?post=12678"},{"taxonomy":"product_tag","embeddable":true,"href":"https:\/\/eltiosam.com.mx\/index.php\/wp-json\/wp\/v2\/product_tag?post=12678"}],"curies":[{"name":"wp","href":"https:\/\/api.w.org\/{rel}","templated":true}]}}