{"id":12647,"date":"2025-09-25T23:14:52","date_gmt":"2025-09-25T23:14:52","guid":{"rendered":"https:\/\/eltiosam.com.mx\/?post_type=product&#038;p=12647"},"modified":"2025-09-25T23:14:52","modified_gmt":"2025-09-25T23:14:52","slug":"tarja-de-2-pilasteka840-560-2c-33-22-7-3b-tke","status":"publish","type":"product","link":"https:\/\/eltiosam.com.mx\/index.php\/product\/tarja-de-2-pilasteka840-560-2c-33-22-7-3b-tke\/","title":{"rendered":"TARJA DE 2 PILAS\tTEKA\t840.560 2C (33.22) 7&#8243; 3B. TKE"},"content":{"rendered":"<p>Fabricados con material de la mayor durabilidad, y sometidos a infinidad de test de resistencia, para alcanzar un producto de calidad inigualable. Estamos tan seguros de ello, que ofrecemos garant\u00eda de por vida.<\/p>\n<p>Caracter\u00edsticas:<\/p>\n<p>Material: Acero inoxidable<br \/>\nAcabado: Pulido<br \/>\nInstalaci\u00f3n: Empotrar<br \/>\nAncho de la base: &gt; 80 cm<br \/>\nDesag\u00fce: 3 \u00bd\u2019\u2019 1 \u00f3 3 Agujeros para grifer\u00eda<br \/>\nCalibre: 22 (7\u201d) \/ 20 (8\u201d)<br \/>\nDimensiones Exterior (Largo\/Ancho): 840 x 560 mm<br \/>\nCubeta (Largo\/Ancho\/Profundo): 360 x 417 x 178 (7\u201d)\/204 mm (8\u201d)<\/p>\n","protected":false},"excerpt":{"rendered":"<p>Fabricados con material de la mayor durabilidad, y sometidos a infinidad de test de resistencia, para alcanzar un producto de calidad inigualable. Estamos tan seguros de ello, que ofrecemos garant\u00eda de por vida. Caracter\u00edsticas: Material: Acero inoxidable Acabado: Pulido Instalaci\u00f3n: Empotrar Ancho de la base: &gt; 80 cm Desag\u00fce: 3 \u00bd\u2019\u2019 1 \u00f3 3 Agujeros [&hellip;]<\/p>\n","protected":false},"featured_media":12649,"template":"","meta":{"_joinchat":[]},"product_brand":[],"product_cat":[47],"product_tag":[106],"class_list":{"0":"post-12647","1":"product","2":"type-product","3":"status-publish","4":"has-post-thumbnail","6":"product_cat-tarjas","7":"product_tag-teka","9":"first","10":"instock","11":"shipping-taxable","12":"product-type-simple"},"_links":{"self":[{"href":"https:\/\/eltiosam.com.mx\/index.php\/wp-json\/wp\/v2\/product\/12647","targetHints":{"allow":["GET"]}}],"collection":[{"href":"https:\/\/eltiosam.com.mx\/index.php\/wp-json\/wp\/v2\/product"}],"about":[{"href":"https:\/\/eltiosam.com.mx\/index.php\/wp-json\/wp\/v2\/types\/product"}],"wp:featuredmedia":[{"embeddable":true,"href":"https:\/\/eltiosam.com.mx\/index.php\/wp-json\/wp\/v2\/media\/12649"}],"wp:attachment":[{"href":"https:\/\/eltiosam.com.mx\/index.php\/wp-json\/wp\/v2\/media?parent=12647"}],"wp:term":[{"taxonomy":"product_brand","embeddable":true,"href":"https:\/\/eltiosam.com.mx\/index.php\/wp-json\/wp\/v2\/product_brand?post=12647"},{"taxonomy":"product_cat","embeddable":true,"href":"https:\/\/eltiosam.com.mx\/index.php\/wp-json\/wp\/v2\/product_cat?post=12647"},{"taxonomy":"product_tag","embeddable":true,"href":"https:\/\/eltiosam.com.mx\/index.php\/wp-json\/wp\/v2\/product_tag?post=12647"}],"curies":[{"name":"wp","href":"https:\/\/api.w.org\/{rel}","templated":true}]}}