{"id":12644,"date":"2025-09-25T23:13:37","date_gmt":"2025-09-25T23:13:37","guid":{"rendered":"https:\/\/eltiosam.com.mx\/?post_type=product&#038;p=12644"},"modified":"2025-09-25T23:13:37","modified_gmt":"2025-09-25T23:13:37","slug":"tarja-de-2-pilasteka840-560-2c-33-22-7-1b-tke","status":"publish","type":"product","link":"https:\/\/eltiosam.com.mx\/index.php\/product\/tarja-de-2-pilasteka840-560-2c-33-22-7-1b-tke\/","title":{"rendered":"TARJA DE 2 PILAS\tTEKA\t840.560 2C (33.22) 7&#8243; 1B. TKE"},"content":{"rendered":"<p><strong>TARJA \/ FREGADERO DOBLE EMPOTRABLE TEKA 840.560 2C (33.22) 7&#8243; 1 PERF ACERO INOXIDABLE 84 CM<\/strong><\/p>\n<p>&nbsp;<\/p>\n<p>Tu fregadero se convertir\u00e1 en toda una obra de arte. Elegancia y funcionalidad marcan la diferencia. Dise\u00f1o elegante en acero inoxidable de primera calidad, para brindar un elemento de elegancia y sofisticaci\u00f3n a tu encimera.<\/p>\n<p>&nbsp;<\/p>\n","protected":false},"excerpt":{"rendered":"<p><strong>TARJA \/ FREGADERO DOBLE EMPOTRABLE TEKA 840.560 2C (33.22) 7&#8243; 1 PERF ACERO INOXIDABLE 84 CM<\/strong><\/p>\n<p>&nbsp;<\/p>\n<p>Tu fregadero se convertir\u00e1 en toda una obra de arte. Elegancia y funcionalidad marcan la diferencia. Dise\u00f1o elegante en acero inoxidable de primera calidad, para brindar un elemento de elegancia y sofisticaci\u00f3n a tu encimera.<\/p>\n<p>&nbsp;<\/p>\n","protected":false},"featured_media":12646,"template":"","meta":{"_joinchat":[]},"product_brand":[],"product_cat":[47],"product_tag":[106],"class_list":{"0":"post-12644","1":"product","2":"type-product","3":"status-publish","4":"has-post-thumbnail","6":"product_cat-tarjas","7":"product_tag-teka","9":"first","10":"instock","11":"shipping-taxable","12":"product-type-simple"},"_links":{"self":[{"href":"https:\/\/eltiosam.com.mx\/index.php\/wp-json\/wp\/v2\/product\/12644","targetHints":{"allow":["GET"]}}],"collection":[{"href":"https:\/\/eltiosam.com.mx\/index.php\/wp-json\/wp\/v2\/product"}],"about":[{"href":"https:\/\/eltiosam.com.mx\/index.php\/wp-json\/wp\/v2\/types\/product"}],"wp:featuredmedia":[{"embeddable":true,"href":"https:\/\/eltiosam.com.mx\/index.php\/wp-json\/wp\/v2\/media\/12646"}],"wp:attachment":[{"href":"https:\/\/eltiosam.com.mx\/index.php\/wp-json\/wp\/v2\/media?parent=12644"}],"wp:term":[{"taxonomy":"product_brand","embeddable":true,"href":"https:\/\/eltiosam.com.mx\/index.php\/wp-json\/wp\/v2\/product_brand?post=12644"},{"taxonomy":"product_cat","embeddable":true,"href":"https:\/\/eltiosam.com.mx\/index.php\/wp-json\/wp\/v2\/product_cat?post=12644"},{"taxonomy":"product_tag","embeddable":true,"href":"https:\/\/eltiosam.com.mx\/index.php\/wp-json\/wp\/v2\/product_tag?post=12644"}],"curies":[{"name":"wp","href":"https:\/\/api.w.org\/{rel}","templated":true}]}}