{"id":12637,"date":"2025-09-25T23:11:43","date_gmt":"2025-09-25T23:11:43","guid":{"rendered":"https:\/\/eltiosam.com.mx\/?post_type=product&#038;p=12637"},"modified":"2025-09-25T23:11:43","modified_gmt":"2025-09-25T23:11:43","slug":"tarja-de-1-pila-con-escurridortekagalaxy-950-1c-1e-i-1b","status":"publish","type":"product","link":"https:\/\/eltiosam.com.mx\/index.php\/product\/tarja-de-1-pila-con-escurridortekagalaxy-950-1c-1e-i-1b\/","title":{"rendered":"TARJA DE 1 PILA CON ESCURRIDOR\tTEKA\tGALAXY 950 1C 1E I. 1B."},"content":{"rendered":"<p>TARJA PARA EMPOTRAR EN ACERO INOXIDABLE TEKA GALAXY 800 T-XP 1B 1D L BW DE UNA TINA 40 CM<\/p>\n<p>Los fregaderos con la tecnolog\u00eda SilentSmart, est\u00e1n dise\u00f1ados con un componente anulador de ruido para hacerlos mucho m\u00e1s silenciosos. Las almohadillas insonorizantes son su mejor aliado junto con su distribuci\u00f3n especial, permiten reducir el ruido cuando el agua cae, garantizando comodidad durante todo el d\u00eda.<\/p>\n","protected":false},"excerpt":{"rendered":"<p><strong>TARJA PARA EMPOTRAR EN ACERO INOXIDABLE TEKA GALAXY 800 T-XP 1B 1D L BW DE UNA TINA 40\u00a0CM<\/strong><\/p>\n<p>Los fregaderos con la tecnolog\u00eda SilentSmart, est\u00e1n dise\u00f1ados con un componente anulador de ruido para hacerlos mucho m\u00e1s silenciosos. Las almohadillas insonorizantes son su mejor aliado junto con su distribuci\u00f3n especial, permiten reducir el ruido cuando el agua cae, garantizando comodidad durante todo el d\u00eda.<\/p>\n","protected":false},"featured_media":12639,"template":"","meta":{"_joinchat":[]},"product_brand":[],"product_cat":[201],"product_tag":[106],"class_list":{"0":"post-12637","1":"product","2":"type-product","3":"status-publish","4":"has-post-thumbnail","6":"product_cat-tarjas-de-submontar","7":"product_tag-teka","9":"first","10":"instock","11":"shipping-taxable","12":"product-type-simple"},"_links":{"self":[{"href":"https:\/\/eltiosam.com.mx\/index.php\/wp-json\/wp\/v2\/product\/12637","targetHints":{"allow":["GET"]}}],"collection":[{"href":"https:\/\/eltiosam.com.mx\/index.php\/wp-json\/wp\/v2\/product"}],"about":[{"href":"https:\/\/eltiosam.com.mx\/index.php\/wp-json\/wp\/v2\/types\/product"}],"wp:featuredmedia":[{"embeddable":true,"href":"https:\/\/eltiosam.com.mx\/index.php\/wp-json\/wp\/v2\/media\/12639"}],"wp:attachment":[{"href":"https:\/\/eltiosam.com.mx\/index.php\/wp-json\/wp\/v2\/media?parent=12637"}],"wp:term":[{"taxonomy":"product_brand","embeddable":true,"href":"https:\/\/eltiosam.com.mx\/index.php\/wp-json\/wp\/v2\/product_brand?post=12637"},{"taxonomy":"product_cat","embeddable":true,"href":"https:\/\/eltiosam.com.mx\/index.php\/wp-json\/wp\/v2\/product_cat?post=12637"},{"taxonomy":"product_tag","embeddable":true,"href":"https:\/\/eltiosam.com.mx\/index.php\/wp-json\/wp\/v2\/product_tag?post=12637"}],"curies":[{"name":"wp","href":"https:\/\/api.w.org\/{rel}","templated":true}]}}