{"id":1263,"date":"2023-11-11T19:01:57","date_gmt":"2023-11-11T19:01:57","guid":{"rendered":"http:\/\/eltiosam.com.mx\/?post_type=product&#038;p=1263"},"modified":"2024-02-26T18:00:36","modified_gmt":"2024-02-26T18:00:36","slug":"eb-c-211n-c-212n","status":"publish","type":"product","link":"https:\/\/eltiosam.com.mx\/index.php\/product\/eb-c-211n-c-212n\/","title":{"rendered":"Tarja EB C-211N \/ C-212N"},"content":{"rendered":"<p>Descripci\u00f3n:<\/p>\n<p>Nuestros modelos de la l\u00ednea Cl\u00e1sica de empotrar son de f\u00e1cil instalaci\u00f3n y se pueden colocar en cualquier tipo de cubierta. Dentro del uso dom\u00e9stico, estos fregaderos resisten el impacto de ollas pesadas, evitando que el fregadero se da\u00f1e y generando un m\u00ednimo ruido al recibir el impacto del agua y trastes. Adem\u00e1s, dependiendo del modelo, tu tina podr\u00e1 contener de 14-16 platos extendidos.<\/p>\n","protected":false},"excerpt":{"rendered":"<p>Descripci\u00f3n: Nuestros modelos de la l\u00ednea Cl\u00e1sica de empotrar son de f\u00e1cil instalaci\u00f3n y se pueden colocar en cualquier tipo de cubierta. Dentro del uso dom\u00e9stico, estos fregaderos resisten el impacto de ollas pesadas, evitando que el fregadero se da\u00f1e y generando un m\u00ednimo ruido al recibir el impacto del agua y trastes. Adem\u00e1s, dependiendo [&hellip;]<\/p>\n","protected":false},"featured_media":1264,"template":"","meta":{"_joinchat":[]},"product_brand":[],"product_cat":[43,42],"product_tag":[44],"class_list":{"0":"post-1263","1":"product","2":"type-product","3":"status-publish","4":"has-post-thumbnail","6":"product_cat-lavavajillas","7":"product_cat-varios","8":"product_tag-eb","10":"first","11":"outofstock","12":"shipping-taxable","13":"product-type-simple"},"_links":{"self":[{"href":"https:\/\/eltiosam.com.mx\/index.php\/wp-json\/wp\/v2\/product\/1263","targetHints":{"allow":["GET"]}}],"collection":[{"href":"https:\/\/eltiosam.com.mx\/index.php\/wp-json\/wp\/v2\/product"}],"about":[{"href":"https:\/\/eltiosam.com.mx\/index.php\/wp-json\/wp\/v2\/types\/product"}],"wp:featuredmedia":[{"embeddable":true,"href":"https:\/\/eltiosam.com.mx\/index.php\/wp-json\/wp\/v2\/media\/1264"}],"wp:attachment":[{"href":"https:\/\/eltiosam.com.mx\/index.php\/wp-json\/wp\/v2\/media?parent=1263"}],"wp:term":[{"taxonomy":"product_brand","embeddable":true,"href":"https:\/\/eltiosam.com.mx\/index.php\/wp-json\/wp\/v2\/product_brand?post=1263"},{"taxonomy":"product_cat","embeddable":true,"href":"https:\/\/eltiosam.com.mx\/index.php\/wp-json\/wp\/v2\/product_cat?post=1263"},{"taxonomy":"product_tag","embeddable":true,"href":"https:\/\/eltiosam.com.mx\/index.php\/wp-json\/wp\/v2\/product_tag?post=1263"}],"curies":[{"name":"wp","href":"https:\/\/api.w.org\/{rel}","templated":true}]}}