{"id":12628,"date":"2025-09-25T23:07:44","date_gmt":"2025-09-25T23:07:44","guid":{"rendered":"https:\/\/eltiosam.com.mx\/?post_type=product&#038;p=12628"},"modified":"2025-09-25T23:07:45","modified_gmt":"2025-09-25T23:07:45","slug":"tarja-de-submontar-1-pilatekabe-linea-rs15-40-40","status":"publish","type":"product","link":"https:\/\/eltiosam.com.mx\/index.php\/product\/tarja-de-submontar-1-pilatekabe-linea-rs15-40-40\/","title":{"rendered":"TARJA DE SUBMONTAR 1 PILA\tTEKA\tBE LINEA RS15 40.40"},"content":{"rendered":"<p><strong>TARJA \/ FREGADERO SUBMONTAR TEKA BE LINEA RS15 40.40 ACERO INOXIDABLE 44 CMS<\/strong><\/p>\n<p>Tu fregadero se convertir\u00e1 en toda una obra de arte. Elegancia y funcionalidad marcan la diferencia. Dise\u00f1o elegante en acero inoxidable de primera calidad, para brindar un elemento de elegancia y sofisticaci\u00f3n a tu encimera.<\/p>\n<p>La colecci\u00f3n de lavabos RS15 Collections es conocida por su instalaci\u00f3n flexible: Montaje bajo o sobre encimera, empotrados o integrados.<\/p>\n<p>Fabricados con material de la mayor durabilidad, y sometidos a infinitas pruebas de resistencia, para alcanzar un producto de calidad inigualable. Los fregaderos con la tecnolog\u00eda SilentSmart est\u00e1n dise\u00f1ados con un componente anulador de ruido para hacerlos mucho m\u00e1s silenciosos. Las almohadillas insonorizantes son su mejor aliado junto con su distribuci\u00f3n especial, permiten reducir el ruido cuando el agua cae, garantizando comodidad durante todo el d\u00eda.<\/p>\n","protected":false},"excerpt":{"rendered":"<p>TARJA \/ FREGADERO SUBMONTAR TEKA BE LINEA RS15 40.40 ACERO INOXIDABLE 44 CMS Tu fregadero se convertir\u00e1 en toda una obra de arte. Elegancia y funcionalidad marcan la diferencia. Dise\u00f1o elegante en acero inoxidable de primera calidad, para brindar un elemento de elegancia y sofisticaci\u00f3n a tu encimera. La colecci\u00f3n de lavabos RS15 Collections es [&hellip;]<\/p>\n","protected":false},"featured_media":12632,"template":"","meta":{"_joinchat":[]},"product_brand":[],"product_cat":[201],"product_tag":[106],"class_list":{"0":"post-12628","1":"product","2":"type-product","3":"status-publish","4":"has-post-thumbnail","6":"product_cat-tarjas-de-submontar","7":"product_tag-teka","9":"first","10":"instock","11":"shipping-taxable","12":"product-type-simple"},"_links":{"self":[{"href":"https:\/\/eltiosam.com.mx\/index.php\/wp-json\/wp\/v2\/product\/12628","targetHints":{"allow":["GET"]}}],"collection":[{"href":"https:\/\/eltiosam.com.mx\/index.php\/wp-json\/wp\/v2\/product"}],"about":[{"href":"https:\/\/eltiosam.com.mx\/index.php\/wp-json\/wp\/v2\/types\/product"}],"wp:featuredmedia":[{"embeddable":true,"href":"https:\/\/eltiosam.com.mx\/index.php\/wp-json\/wp\/v2\/media\/12632"}],"wp:attachment":[{"href":"https:\/\/eltiosam.com.mx\/index.php\/wp-json\/wp\/v2\/media?parent=12628"}],"wp:term":[{"taxonomy":"product_brand","embeddable":true,"href":"https:\/\/eltiosam.com.mx\/index.php\/wp-json\/wp\/v2\/product_brand?post=12628"},{"taxonomy":"product_cat","embeddable":true,"href":"https:\/\/eltiosam.com.mx\/index.php\/wp-json\/wp\/v2\/product_cat?post=12628"},{"taxonomy":"product_tag","embeddable":true,"href":"https:\/\/eltiosam.com.mx\/index.php\/wp-json\/wp\/v2\/product_tag?post=12628"}],"curies":[{"name":"wp","href":"https:\/\/api.w.org\/{rel}","templated":true}]}}