{"id":12623,"date":"2025-09-25T23:06:40","date_gmt":"2025-09-25T23:06:40","guid":{"rendered":"https:\/\/eltiosam.com.mx\/?post_type=product&#038;p=12623"},"modified":"2025-09-25T23:06:40","modified_gmt":"2025-09-25T23:06:40","slug":"tarja-de-submontar-1-pilatekabe-linea-rs15-50-40","status":"publish","type":"product","link":"https:\/\/eltiosam.com.mx\/index.php\/product\/tarja-de-submontar-1-pilatekabe-linea-rs15-50-40\/","title":{"rendered":"TARJA DE SUBMONTAR 1 PILA\tTEKA\tBE LINEA RS15 50.40"},"content":{"rendered":"<p><strong>TARJA \/ FREGADERO SUBMONTAR TEKA BE LINEA RS15 50.40 (21.17) ACERO INOXIDABLE 54 CM<\/strong><\/p>\n<p>Tu fregadero se convertir\u00e1 en toda una obra de arte. Elegancia y funcionalidad marcan la diferencia. Dise\u00f1o elegante en acero inoxidable de primera calidad, para brindar un elemento de elegancia a tu encimera.<\/p>\n<p>Posibilita dos opciones diferentes de instalaci\u00f3n, para adaptar el fregadero a la posici\u00f3n que mejor encaje en el dise\u00f1o de tu cocina.<\/p>\n<p>Fabricados con material de la mayor durabilidad, y sometidos a infinitas pruebas de resistencia, para alcanzar un producto de calidad inigualable. Estamos tan seguros de ello, que ofrecemos 75 a\u00f1os de garant\u00eda en el producto (v\u00e1lido directamente con Teka).<\/p>\n","protected":false},"excerpt":{"rendered":"<p><strong>TARJA \/ FREGADERO SUBMONTAR TEKA BE LINEA RS15 50.40 (21.17) ACERO INOXIDABLE 54 CM<\/strong><\/p>\n<p>Tu fregadero se convertir\u00e1 en toda una obra de arte. Elegancia y funcionalidad marcan la diferencia. Dise\u00f1o elegante en acero inoxidable de primera calidad, para brindar un elemento de elegancia a tu encimera.<\/p>\n<p>Posibilita dos opciones diferentes de instalaci\u00f3n, para adaptar el fregadero a la posici\u00f3n que mejor encaje en el dise\u00f1o de tu cocina.<\/p>\n<p>Fabricados con material de la mayor durabilidad, y sometidos a infinitas pruebas de resistencia, para alcanzar un producto de calidad inigualable. Estamos tan seguros de ello, que ofrecemos 75 a\u00f1os de garant\u00eda en el producto (v\u00e1lido directamente con Teka).<\/p>\n","protected":false},"featured_media":12626,"template":"","meta":{"_joinchat":[]},"product_brand":[],"product_cat":[201],"product_tag":[106],"class_list":{"0":"post-12623","1":"product","2":"type-product","3":"status-publish","4":"has-post-thumbnail","6":"product_cat-tarjas-de-submontar","7":"product_tag-teka","9":"first","10":"instock","11":"shipping-taxable","12":"product-type-simple"},"_links":{"self":[{"href":"https:\/\/eltiosam.com.mx\/index.php\/wp-json\/wp\/v2\/product\/12623","targetHints":{"allow":["GET"]}}],"collection":[{"href":"https:\/\/eltiosam.com.mx\/index.php\/wp-json\/wp\/v2\/product"}],"about":[{"href":"https:\/\/eltiosam.com.mx\/index.php\/wp-json\/wp\/v2\/types\/product"}],"wp:featuredmedia":[{"embeddable":true,"href":"https:\/\/eltiosam.com.mx\/index.php\/wp-json\/wp\/v2\/media\/12626"}],"wp:attachment":[{"href":"https:\/\/eltiosam.com.mx\/index.php\/wp-json\/wp\/v2\/media?parent=12623"}],"wp:term":[{"taxonomy":"product_brand","embeddable":true,"href":"https:\/\/eltiosam.com.mx\/index.php\/wp-json\/wp\/v2\/product_brand?post=12623"},{"taxonomy":"product_cat","embeddable":true,"href":"https:\/\/eltiosam.com.mx\/index.php\/wp-json\/wp\/v2\/product_cat?post=12623"},{"taxonomy":"product_tag","embeddable":true,"href":"https:\/\/eltiosam.com.mx\/index.php\/wp-json\/wp\/v2\/product_tag?post=12623"}],"curies":[{"name":"wp","href":"https:\/\/api.w.org\/{rel}","templated":true}]}}