{"id":12619,"date":"2025-09-25T23:05:11","date_gmt":"2025-09-25T23:05:11","guid":{"rendered":"https:\/\/eltiosam.com.mx\/?post_type=product&#038;p=12619"},"modified":"2025-09-25T23:05:11","modified_gmt":"2025-09-25T23:05:11","slug":"tarja-dual-mount-1-pilatekabe-linea-rs15-71-40-m-xp","status":"publish","type":"product","link":"https:\/\/eltiosam.com.mx\/index.php\/product\/tarja-dual-mount-1-pilatekabe-linea-rs15-71-40-m-xp\/","title":{"rendered":"TARJA DUAL MOUNT 1 PILA\tTEKA\tBE LINEA RS15 71.40 M-XP"},"content":{"rendered":"<p>El primer fregadero fabricado en acero inoxidable con autolimpieza que mantiene el \u00e1rea seca y limpia al instante. Tendr\u00e1s un fregadero m\u00e1s limpio y seco evitando la proliferaci\u00f3n de bacterias.<\/p>\n<p>Caracter\u00edsticas:<\/p>\n<ul>\n<li>Fregadero de una cubeta con acabado premium SoftTexture<\/li>\n<li>Tratamiento PureClean que proporciona una superficie que repele el agua<\/li>\n<li>Instalaci\u00f3n bajo encimera<\/li>\n<li>Acero inoxidable 18\/10<\/li>\n<li>Radio cubeta R15 para facilitar la limpieza y evacuaci\u00f3n del agua<\/li>\n<li>Desag\u00fce con v\u00e1lvula canasta 3\u00bd\u201d PerfectFlow y sif\u00f3n<\/li>\n<li>Cestilla exclusiva HelixPRO, m\u00e1s ergon\u00f3mica y funcional, con dise\u00f1o vanguardista<\/li>\n<li>Accesorios de fijaci\u00f3n<\/li>\n<li>Chapa de gran espesor<\/li>\n<li>SilentSmart, reduce un 50% la rumorosidad<\/li>\n<li>Profundidad de la cubeta 200 mm<\/li>\n<li>Mueble de 80 cm<\/li>\n<li>Anchura del producto (mm): 440<\/li>\n<li>Longitud del producto (mm): 750<\/li>\n<li>Peso del producto (Kg): 5,26<\/li>\n<\/ul>\n","protected":false},"excerpt":{"rendered":"<p>El primer fregadero fabricado en acero inoxidable con autolimpieza que mantiene el \u00e1rea seca y limpia al instante. Tendr\u00e1s un fregadero m\u00e1s limpio y seco evitando la proliferaci\u00f3n de bacterias. Caracter\u00edsticas: Fregadero de una cubeta con acabado premium SoftTexture Tratamiento PureClean que proporciona una superficie que repele el agua Instalaci\u00f3n bajo encimera Acero inoxidable 18\/10 [&hellip;]<\/p>\n","protected":false},"featured_media":12621,"template":"","meta":{"_joinchat":[]},"product_brand":[],"product_cat":[183],"product_tag":[106],"class_list":{"0":"post-12619","1":"product","2":"type-product","3":"status-publish","4":"has-post-thumbnail","6":"product_cat-mezcladoras","7":"product_tag-teka","9":"first","10":"instock","11":"shipping-taxable","12":"product-type-simple"},"_links":{"self":[{"href":"https:\/\/eltiosam.com.mx\/index.php\/wp-json\/wp\/v2\/product\/12619","targetHints":{"allow":["GET"]}}],"collection":[{"href":"https:\/\/eltiosam.com.mx\/index.php\/wp-json\/wp\/v2\/product"}],"about":[{"href":"https:\/\/eltiosam.com.mx\/index.php\/wp-json\/wp\/v2\/types\/product"}],"wp:featuredmedia":[{"embeddable":true,"href":"https:\/\/eltiosam.com.mx\/index.php\/wp-json\/wp\/v2\/media\/12621"}],"wp:attachment":[{"href":"https:\/\/eltiosam.com.mx\/index.php\/wp-json\/wp\/v2\/media?parent=12619"}],"wp:term":[{"taxonomy":"product_brand","embeddable":true,"href":"https:\/\/eltiosam.com.mx\/index.php\/wp-json\/wp\/v2\/product_brand?post=12619"},{"taxonomy":"product_cat","embeddable":true,"href":"https:\/\/eltiosam.com.mx\/index.php\/wp-json\/wp\/v2\/product_cat?post=12619"},{"taxonomy":"product_tag","embeddable":true,"href":"https:\/\/eltiosam.com.mx\/index.php\/wp-json\/wp\/v2\/product_tag?post=12619"}],"curies":[{"name":"wp","href":"https:\/\/api.w.org\/{rel}","templated":true}]}}