{"id":12613,"date":"2025-09-25T23:03:07","date_gmt":"2025-09-25T23:03:07","guid":{"rendered":"https:\/\/eltiosam.com.mx\/?post_type=product&#038;p=12613"},"modified":"2025-09-25T23:03:08","modified_gmt":"2025-09-25T23:03:08","slug":"monomandotekain-939","status":"publish","type":"product","link":"https:\/\/eltiosam.com.mx\/index.php\/product\/monomandotekain-939\/","title":{"rendered":"MONOMANDO\tTEKA\tIN 939"},"content":{"rendered":"<ul>\n<li>Acabado: Cromo extreme glow<\/li>\n<li>Ca\u00f1o giratorio<\/li>\n<li>Aireador anti-cal<\/li>\n<li>Maneral extra\u00edble con 2 funciones: chorro y regadera<\/li>\n<li>Mangueras flexibles de alimentaci\u00f3n incluidas<\/li>\n<li>Cartucho cer\u00e1mico de gran duraci\u00f3n<\/li>\n<\/ul>\n","protected":false},"excerpt":{"rendered":"<p>Acabado: Cromo extreme glow Ca\u00f1o giratorio Aireador anti-cal Maneral extra\u00edble con 2 funciones: chorro y regadera Mangueras flexibles de alimentaci\u00f3n incluidas Cartucho cer\u00e1mico de gran duraci\u00f3n<\/p>\n","protected":false},"featured_media":12615,"template":"","meta":{"_joinchat":[]},"product_brand":[],"product_cat":[183],"product_tag":[106],"class_list":{"0":"post-12613","1":"product","2":"type-product","3":"status-publish","4":"has-post-thumbnail","6":"product_cat-mezcladoras","7":"product_tag-teka","9":"first","10":"instock","11":"shipping-taxable","12":"product-type-simple"},"_links":{"self":[{"href":"https:\/\/eltiosam.com.mx\/index.php\/wp-json\/wp\/v2\/product\/12613","targetHints":{"allow":["GET"]}}],"collection":[{"href":"https:\/\/eltiosam.com.mx\/index.php\/wp-json\/wp\/v2\/product"}],"about":[{"href":"https:\/\/eltiosam.com.mx\/index.php\/wp-json\/wp\/v2\/types\/product"}],"wp:featuredmedia":[{"embeddable":true,"href":"https:\/\/eltiosam.com.mx\/index.php\/wp-json\/wp\/v2\/media\/12615"}],"wp:attachment":[{"href":"https:\/\/eltiosam.com.mx\/index.php\/wp-json\/wp\/v2\/media?parent=12613"}],"wp:term":[{"taxonomy":"product_brand","embeddable":true,"href":"https:\/\/eltiosam.com.mx\/index.php\/wp-json\/wp\/v2\/product_brand?post=12613"},{"taxonomy":"product_cat","embeddable":true,"href":"https:\/\/eltiosam.com.mx\/index.php\/wp-json\/wp\/v2\/product_cat?post=12613"},{"taxonomy":"product_tag","embeddable":true,"href":"https:\/\/eltiosam.com.mx\/index.php\/wp-json\/wp\/v2\/product_tag?post=12613"}],"curies":[{"name":"wp","href":"https:\/\/api.w.org\/{rel}","templated":true}]}}