{"id":12607,"date":"2025-09-25T23:00:45","date_gmt":"2025-09-25T23:00:45","guid":{"rendered":"https:\/\/eltiosam.com.mx\/?post_type=product&#038;p=12607"},"modified":"2025-09-25T23:00:46","modified_gmt":"2025-09-25T23:00:46","slug":"monomandotekaamerica-plus-880-bk","status":"publish","type":"product","link":"https:\/\/eltiosam.com.mx\/index.php\/product\/monomandotekaamerica-plus-880-bk\/","title":{"rendered":"MONOMANDO\tTEKA\tAMERICA PLUS 880 BK"},"content":{"rendered":"<p>Llave mezcladora en acero negro Cuenta con aireador antical y maneral extra\u00edble a dos funciones: regadera y chorro. Incluye cartucho cer\u00e1mico de gran duraci\u00f3n.<\/p>\n<p><strong>Caracter\u00edsticas<\/strong><\/p>\n<ul>\n<li>Acabado: Acero negro<\/li>\n<li>Ca\u00f1o giratorio Aireador antical<\/li>\n<li>Maneral extra\u00edble con 2 funciones: chorro y regadera<\/li>\n<li>Mangueras flexibles de alimentaci\u00f3n incluidas.<\/li>\n<li>Cartucho cer\u00e1mico de gran duraci\u00f3n.<\/li>\n<li>Presi\u00f3n de funcionamiento: 2 &#8211; 10 bar (kg\/cm\u00b2)<\/li>\n<li>Presi\u00f3n recomendada: 2\u201c 5 bar (kg\/cm\u00b2)<\/li>\n<li>Temperatura m\u00e1xima del agua caliente: 90 C<\/li>\n<\/ul>\n","protected":false},"excerpt":{"rendered":"<p>Llave mezcladora en acero negro Cuenta con aireador antical y maneral extra\u00edble a dos funciones: regadera y chorro. Incluye cartucho cer\u00e1mico de gran duraci\u00f3n.<\/p>\n<p><strong>Caracter\u00edsticas<\/strong><\/p>\n<ul>\n<li>Acabado: Acero negro<\/li>\n<li>Ca\u00f1o giratorio Aireador antical<\/li>\n<li>Maneral extra\u00edble con 2 funciones: chorro y regadera<\/li>\n<li>Mangueras flexibles de alimentaci\u00f3n incluidas.<\/li>\n<li>Cartucho cer\u00e1mico de gran duraci\u00f3n.<\/li>\n<li>Presi\u00f3n de funcionamiento: 2 &#8211; 10 bar (kg\/cm\u00b2)<\/li>\n<li>Presi\u00f3n recomendada: 2\u201c 5 bar (kg\/cm\u00b2)<\/li>\n<li>Temperatura m\u00e1xima del agua caliente: 90 C<\/li>\n<\/ul>\n","protected":false},"featured_media":12609,"template":"","meta":{"_joinchat":[]},"product_brand":[],"product_cat":[183],"product_tag":[106],"class_list":{"0":"post-12607","1":"product","2":"type-product","3":"status-publish","4":"has-post-thumbnail","6":"product_cat-mezcladoras","7":"product_tag-teka","9":"first","10":"instock","11":"shipping-taxable","12":"product-type-simple"},"_links":{"self":[{"href":"https:\/\/eltiosam.com.mx\/index.php\/wp-json\/wp\/v2\/product\/12607","targetHints":{"allow":["GET"]}}],"collection":[{"href":"https:\/\/eltiosam.com.mx\/index.php\/wp-json\/wp\/v2\/product"}],"about":[{"href":"https:\/\/eltiosam.com.mx\/index.php\/wp-json\/wp\/v2\/types\/product"}],"wp:featuredmedia":[{"embeddable":true,"href":"https:\/\/eltiosam.com.mx\/index.php\/wp-json\/wp\/v2\/media\/12609"}],"wp:attachment":[{"href":"https:\/\/eltiosam.com.mx\/index.php\/wp-json\/wp\/v2\/media?parent=12607"}],"wp:term":[{"taxonomy":"product_brand","embeddable":true,"href":"https:\/\/eltiosam.com.mx\/index.php\/wp-json\/wp\/v2\/product_brand?post=12607"},{"taxonomy":"product_cat","embeddable":true,"href":"https:\/\/eltiosam.com.mx\/index.php\/wp-json\/wp\/v2\/product_cat?post=12607"},{"taxonomy":"product_tag","embeddable":true,"href":"https:\/\/eltiosam.com.mx\/index.php\/wp-json\/wp\/v2\/product_tag?post=12607"}],"curies":[{"name":"wp","href":"https:\/\/api.w.org\/{rel}","templated":true}]}}