{"id":12588,"date":"2025-09-25T22:54:32","date_gmt":"2025-09-25T22:54:32","guid":{"rendered":"https:\/\/eltiosam.com.mx\/?post_type=product&#038;p=12588"},"modified":"2025-09-25T22:54:33","modified_gmt":"2025-09-25T22:54:33","slug":"horno-con-microondastekahlc-844-c-bk","status":"publish","type":"product","link":"https:\/\/eltiosam.com.mx\/index.php\/product\/horno-con-microondastekahlc-844-c-bk\/","title":{"rendered":"HORNO CON MICROONDAS\tTEKA\tHLC 844 C BK"},"content":{"rendered":"<p><strong>\u00bfHorno o microondas?<\/strong>\u00a0Por qu\u00e9 elegir si puedes tenerlo todo. Un horno y un microondas unidos en un mismo electrodom\u00e9stico. La forma m\u00e1s pr\u00e1ctica y econ\u00f3mica de ahorrar espacio en tu cocina, con dise\u00f1os que se adaptan perfectamente a tu estilo de vida.<\/p>\n<p>&nbsp;<\/p>\n<p><strong>SurroundTemp\u00a0<\/strong><strong>(\u00a0<\/strong><strong>Resultados perfectos con un acabado homog\u00e9neo\u00a0<\/strong><strong>)<\/strong>\u00a0Imagina el olor de galletas reci\u00e9n horneadas, cada una de ellas crujientes y horneada justo en su punto. La multifunci\u00f3n SurroundTemp garantiza una distribuci\u00f3n uniforme del calor, incluso cocinando a diferente nivel. Obt\u00e9n un efecto de cocinado uniforme en tus platos gracias a la resistencia extra.<\/p>\n<p>&nbsp;<\/p>\n","protected":false},"excerpt":{"rendered":"<p><strong>\u00bfHorno o microondas?<\/strong>\u00a0Por qu\u00e9 elegir si puedes tenerlo todo. Un horno y un microondas unidos en un mismo electrodom\u00e9stico. La forma m\u00e1s pr\u00e1ctica y econ\u00f3mica de ahorrar espacio en tu cocina, con dise\u00f1os que se adaptan perfectamente a tu estilo de vida.<\/p>\n","protected":false},"featured_media":12590,"template":"","meta":{"_joinchat":[]},"product_brand":[],"product_cat":[69],"product_tag":[106],"class_list":{"0":"post-12588","1":"product","2":"type-product","3":"status-publish","4":"has-post-thumbnail","6":"product_cat-horno","7":"product_tag-teka","9":"first","10":"instock","11":"shipping-taxable","12":"product-type-simple"},"_links":{"self":[{"href":"https:\/\/eltiosam.com.mx\/index.php\/wp-json\/wp\/v2\/product\/12588","targetHints":{"allow":["GET"]}}],"collection":[{"href":"https:\/\/eltiosam.com.mx\/index.php\/wp-json\/wp\/v2\/product"}],"about":[{"href":"https:\/\/eltiosam.com.mx\/index.php\/wp-json\/wp\/v2\/types\/product"}],"wp:featuredmedia":[{"embeddable":true,"href":"https:\/\/eltiosam.com.mx\/index.php\/wp-json\/wp\/v2\/media\/12590"}],"wp:attachment":[{"href":"https:\/\/eltiosam.com.mx\/index.php\/wp-json\/wp\/v2\/media?parent=12588"}],"wp:term":[{"taxonomy":"product_brand","embeddable":true,"href":"https:\/\/eltiosam.com.mx\/index.php\/wp-json\/wp\/v2\/product_brand?post=12588"},{"taxonomy":"product_cat","embeddable":true,"href":"https:\/\/eltiosam.com.mx\/index.php\/wp-json\/wp\/v2\/product_cat?post=12588"},{"taxonomy":"product_tag","embeddable":true,"href":"https:\/\/eltiosam.com.mx\/index.php\/wp-json\/wp\/v2\/product_tag?post=12588"}],"curies":[{"name":"wp","href":"https:\/\/api.w.org\/{rel}","templated":true}]}}