{"id":12561,"date":"2025-09-25T22:44:09","date_gmt":"2025-09-25T22:44:09","guid":{"rendered":"https:\/\/eltiosam.com.mx\/?post_type=product&#038;p=12561"},"modified":"2025-09-25T22:44:10","modified_gmt":"2025-09-25T22:44:10","slug":"parrilla-electrica-5-quemadores-90cmtekatz-951","status":"publish","type":"product","link":"https:\/\/eltiosam.com.mx\/index.php\/product\/parrilla-electrica-5-quemadores-90cmtekatz-951\/","title":{"rendered":"PARRILLA EL\u00c9CTRICA 5 QUEMADORES 90CM\tTEKA\tTZ 951"},"content":{"rendered":"<p><strong>Caracter\u00edsticas<\/strong><\/p>\n<ul>\n<li>Dimensiones exteriores (Alto\/Ancho\/Fondo): 63\/900\/510 mm<\/li>\n<li>Dimensiones empotre (Alto\/Anco\/Fondo): 51\/860\/490 mm<\/li>\n<li>Requisitos el\u00e9ctricos: 220-240 V, 50\/60 Hz<\/li>\n<li>Cristal vitrocer\u00e1mico biselado<\/li>\n<li>TouchControl con sensores ac\u00fasticos<\/li>\n<li>Bloqueo de seguridad<\/li>\n<li>Programaci\u00f3n del tiempo de cocci\u00f3n hasta 99 minutos con alarma ac\u00fastica (posibilidad de programar todas las zonas de cocci\u00f3n a la vez)<\/li>\n<li>Funci\u00f3n cron\u00f3metro con alarma ac\u00fastica.<\/li>\n<li>Funci\u00f3n Power Plus<\/li>\n<li>Funci\u00f3n PARAR Y CONTINUAR<\/li>\n<li>Funci\u00f3n de mantenimiento de calor<\/li>\n<li>Sin clavija<\/li>\n<\/ul>\n","protected":false},"excerpt":{"rendered":"<p><strong>Caracter\u00edsticas<\/strong><\/p>\n<ul>\n<li>Dimensiones exteriores (Alto\/Ancho\/Fondo): 63\/900\/510 mm<\/li>\n<li>Dimensiones empotre (Alto\/Anco\/Fondo): 51\/860\/490 mm<\/li>\n<li>Requisitos el\u00e9ctricos: 220-240 V, 50\/60 Hz<\/li>\n<li>Cristal vitrocer\u00e1mico biselado<\/li>\n<li>TouchControl con sensores ac\u00fasticos<\/li>\n<li>Bloqueo de seguridad<\/li>\n<li>Programaci\u00f3n del tiempo de cocci\u00f3n hasta 99 minutos con alarma ac\u00fastica (posibilidad de programar todas las zonas de cocci\u00f3n a la vez)<\/li>\n<li>Funci\u00f3n cron\u00f3metro con alarma ac\u00fastica.<\/li>\n<li>Funci\u00f3n Power Plus<\/li>\n<li>Funci\u00f3n PARAR Y CONTINUAR<\/li>\n<li>Funci\u00f3n de mantenimiento de calor<\/li>\n<li>Sin clavija<\/li>\n<\/ul>\n","protected":false},"featured_media":12563,"template":"","meta":{"_joinchat":[]},"product_brand":[],"product_cat":[46],"product_tag":[106],"class_list":{"0":"post-12561","1":"product","2":"type-product","3":"status-publish","4":"has-post-thumbnail","6":"product_cat-parrilla","7":"product_tag-teka","9":"first","10":"instock","11":"shipping-taxable","12":"product-type-simple"},"_links":{"self":[{"href":"https:\/\/eltiosam.com.mx\/index.php\/wp-json\/wp\/v2\/product\/12561","targetHints":{"allow":["GET"]}}],"collection":[{"href":"https:\/\/eltiosam.com.mx\/index.php\/wp-json\/wp\/v2\/product"}],"about":[{"href":"https:\/\/eltiosam.com.mx\/index.php\/wp-json\/wp\/v2\/types\/product"}],"wp:featuredmedia":[{"embeddable":true,"href":"https:\/\/eltiosam.com.mx\/index.php\/wp-json\/wp\/v2\/media\/12563"}],"wp:attachment":[{"href":"https:\/\/eltiosam.com.mx\/index.php\/wp-json\/wp\/v2\/media?parent=12561"}],"wp:term":[{"taxonomy":"product_brand","embeddable":true,"href":"https:\/\/eltiosam.com.mx\/index.php\/wp-json\/wp\/v2\/product_brand?post=12561"},{"taxonomy":"product_cat","embeddable":true,"href":"https:\/\/eltiosam.com.mx\/index.php\/wp-json\/wp\/v2\/product_cat?post=12561"},{"taxonomy":"product_tag","embeddable":true,"href":"https:\/\/eltiosam.com.mx\/index.php\/wp-json\/wp\/v2\/product_tag?post=12561"}],"curies":[{"name":"wp","href":"https:\/\/api.w.org\/{rel}","templated":true}]}}