{"id":12557,"date":"2025-09-25T22:43:14","date_gmt":"2025-09-25T22:43:14","guid":{"rendered":"https:\/\/eltiosam.com.mx\/?post_type=product&#038;p=12557"},"modified":"2025-09-25T22:43:14","modified_gmt":"2025-09-25T22:43:14","slug":"parrilla-de-induccion-6-zonas-90cmtekaizf99770-mst-bk","status":"publish","type":"product","link":"https:\/\/eltiosam.com.mx\/index.php\/product\/parrilla-de-induccion-6-zonas-90cmtekaizf99770-mst-bk\/","title":{"rendered":"PARRILLA DE INDUCCI\u00d3N 6 ZONAS 90CM\tTEKA\tIZF99770 MST BK"},"content":{"rendered":"<ul>\n<li>Vitrocer\u00e1mica de inducci\u00f3n con conexi\u00f3n Teka Home (WiFi)<\/li>\n<li>Cristal vitrocer\u00e1mico biselado frontal Schott Ceran<\/li>\n<li>Touch Control Multislider Pro con sensores ac\u00fasticos<\/li>\n<li>Bloqueo de seguridad individual para cada quemador<\/li>\n<li>Electrodom\u00e9stico inteligente con conexi\u00f3n Wi-Fi<\/li>\n<li>6 zonas de cocci\u00f3n, 9 niveles de potencia<\/li>\n<li>Funci\u00f3n STOP &amp; GO, Power Plus y limitaci\u00f3n potencia<\/li>\n<li>Funciones especiales de cocinado iCooking:<\/li>\n<li>Pochar, confitar, arroz, parrilla, fritura, plancha, mantener caliente,<\/li>\n<li>hervir, fuego lento y derretir<\/li>\n<li>Energ\u00eda el\u00e9ctrica: 220-240v\/50-60Hz<\/li>\n<\/ul>\n<p>MEDIDAS EXTERIORES<\/p>\n<p>Alto 57mm Ancho 900mm Profundo 510mm<\/p>\n","protected":false},"excerpt":{"rendered":"<ul>\n<li>Vitrocer\u00e1mica de inducci\u00f3n con conexi\u00f3n Teka Home (WiFi)<\/li>\n<li>Cristal vitrocer\u00e1mico biselado frontal Schott Ceran<\/li>\n<li>Touch Control Multislider Pro con sensores ac\u00fasticos<\/li>\n<li>Bloqueo de seguridad individual para cada quemador<\/li>\n<li>Electrodom\u00e9stico inteligente con conexi\u00f3n Wi-Fi<\/li>\n<li>6 zonas de cocci\u00f3n, 9 niveles de potencia<\/li>\n<li>Funci\u00f3n STOP &amp; GO, Power Plus y limitaci\u00f3n potencia<\/li>\n<li>Funciones especiales de cocinado iCooking:<\/li>\n<li>Pochar, confitar, arroz, parrilla, fritura, plancha, mantener caliente,<\/li>\n<li>hervir, fuego lento y derretir<\/li>\n<li>Energ\u00eda el\u00e9ctrica: 220-240v\/50-60Hz<\/li>\n<\/ul>\n<p>MEDIDAS EXTERIORES<\/p>\n<p>Alto 57mm Ancho 900mm Profundo 510mm<\/p>\n","protected":false},"featured_media":12559,"template":"","meta":{"_joinchat":[]},"product_brand":[],"product_cat":[46],"product_tag":[106],"class_list":{"0":"post-12557","1":"product","2":"type-product","3":"status-publish","4":"has-post-thumbnail","6":"product_cat-parrilla","7":"product_tag-teka","9":"first","10":"instock","11":"shipping-taxable","12":"product-type-simple"},"_links":{"self":[{"href":"https:\/\/eltiosam.com.mx\/index.php\/wp-json\/wp\/v2\/product\/12557","targetHints":{"allow":["GET"]}}],"collection":[{"href":"https:\/\/eltiosam.com.mx\/index.php\/wp-json\/wp\/v2\/product"}],"about":[{"href":"https:\/\/eltiosam.com.mx\/index.php\/wp-json\/wp\/v2\/types\/product"}],"wp:featuredmedia":[{"embeddable":true,"href":"https:\/\/eltiosam.com.mx\/index.php\/wp-json\/wp\/v2\/media\/12559"}],"wp:attachment":[{"href":"https:\/\/eltiosam.com.mx\/index.php\/wp-json\/wp\/v2\/media?parent=12557"}],"wp:term":[{"taxonomy":"product_brand","embeddable":true,"href":"https:\/\/eltiosam.com.mx\/index.php\/wp-json\/wp\/v2\/product_brand?post=12557"},{"taxonomy":"product_cat","embeddable":true,"href":"https:\/\/eltiosam.com.mx\/index.php\/wp-json\/wp\/v2\/product_cat?post=12557"},{"taxonomy":"product_tag","embeddable":true,"href":"https:\/\/eltiosam.com.mx\/index.php\/wp-json\/wp\/v2\/product_tag?post=12557"}],"curies":[{"name":"wp","href":"https:\/\/api.w.org\/{rel}","templated":true}]}}