{"id":12547,"date":"2025-09-25T22:36:31","date_gmt":"2025-09-25T22:36:31","guid":{"rendered":"https:\/\/eltiosam.com.mx\/?post_type=product&#038;p=12547"},"modified":"2025-09-25T22:36:31","modified_gmt":"2025-09-25T22:36:31","slug":"paquetetekaduetto-deluxe-75","status":"publish","type":"product","link":"https:\/\/eltiosam.com.mx\/index.php\/product\/paquetetekaduetto-deluxe-75\/","title":{"rendered":"PAQUETE\tTEKA\tDUETTO DELUXE 75"},"content":{"rendered":"<p><strong>ampana CPX 84220 KCL INOX<\/strong><\/p>\n<ul>\n<li>Acero inoxidable<\/li>\n<li>Panel de mandos pulsantes<\/li>\n<li>Visera de cristal<\/li>\n<li>Tres velocidades<\/li>\n<li>L\u00e1mparas LED<\/li>\n<li>Filtros met\u00e1licos lavables en lavavajillas<\/li>\n<li>Capacidad de extracci\u00f3n m\u00e1xima: 400 m\u00b3\/h<\/li>\n<li>Nivel sonoro: min. 44.5 \u2013 m\u00e1x. 54 dB<\/li>\n<li>Filtro de carb\u00f3n activo para recirculaci\u00f3n del aire<\/li>\n<li>Potencia nominal m\u00e1xima: 203 W<\/li>\n<li>Voltaje: 127 V, frecuencia: 60 Hz<\/li>\n<li>Peso: 7.9 kg<\/li>\n<li>Dimensiones: Exterior (Alto\/Ancho\/Fondo): 135\/798\/480 mm<\/li>\n<\/ul>\n<p><strong>Parrilla GSX 7531 DIB3 IX<\/strong><\/p>\n<ul>\n<li>Acero inoxidable<\/li>\n<li>Parrillas individuales de hierro fundido.<\/li>\n<li>Perillas ergon\u00f3micas frontales<\/li>\n<li>Tres niveles de potencia<\/li>\n<li>Encendido electr\u00f3nico integrado en cada perilla.<\/li>\n<li>5 quemadores a gas\n<ul>\n<li>2 quemador semi r\u00e1pido 1.4 kW (4,800 BTU)<\/li>\n<li>1 quemador triple flama 3.2 kW (10,900 BTU)<\/li>\n<li>1 quemador r\u00e1pido 2.6 kW (9,000 BTU)<\/li>\n<li>1 quemador auxiliar 0.8 kW (2,700 BTU)<\/li>\n<\/ul>\n<\/li>\n<li>Potencia nominal m\u00e1xima (W) (Gas):\u00a09.4 kW (32,200 BTU)<\/li>\n<li>Tipos de gas: LP (butano\/propano)<\/li>\n<li>Voltaje: 127 V, frecuencia: 60 Hz<\/li>\n<li>Peso: 15.5 kg<\/li>\n<li>Dimensiones: Exterior (Alto\/Ancho\/Fondo): 55\/750\/510 mm<\/li>\n<\/ul>\n","protected":false},"excerpt":{"rendered":"<p>ampana CPX 84220 KCL INOX Acero inoxidable Panel de mandos pulsantes Visera de cristal Tres velocidades L\u00e1mparas LED Filtros met\u00e1licos lavables en lavavajillas Capacidad de extracci\u00f3n m\u00e1xima: 400 m\u00b3\/h Nivel sonoro: min. 44.5 \u2013 m\u00e1x. 54 dB Filtro de carb\u00f3n activo para recirculaci\u00f3n del aire Potencia nominal m\u00e1xima: 203 W Voltaje: 127 V, frecuencia: 60 [&hellip;]<\/p>\n","protected":false},"featured_media":12550,"template":"","meta":{"_joinchat":[]},"product_brand":[],"product_cat":[45,46],"product_tag":[106],"class_list":{"0":"post-12547","1":"product","2":"type-product","3":"status-publish","4":"has-post-thumbnail","6":"product_cat-campanas","7":"product_cat-parrilla","8":"product_tag-teka","10":"first","11":"instock","12":"shipping-taxable","13":"product-type-simple"},"_links":{"self":[{"href":"https:\/\/eltiosam.com.mx\/index.php\/wp-json\/wp\/v2\/product\/12547","targetHints":{"allow":["GET"]}}],"collection":[{"href":"https:\/\/eltiosam.com.mx\/index.php\/wp-json\/wp\/v2\/product"}],"about":[{"href":"https:\/\/eltiosam.com.mx\/index.php\/wp-json\/wp\/v2\/types\/product"}],"wp:featuredmedia":[{"embeddable":true,"href":"https:\/\/eltiosam.com.mx\/index.php\/wp-json\/wp\/v2\/media\/12550"}],"wp:attachment":[{"href":"https:\/\/eltiosam.com.mx\/index.php\/wp-json\/wp\/v2\/media?parent=12547"}],"wp:term":[{"taxonomy":"product_brand","embeddable":true,"href":"https:\/\/eltiosam.com.mx\/index.php\/wp-json\/wp\/v2\/product_brand?post=12547"},{"taxonomy":"product_cat","embeddable":true,"href":"https:\/\/eltiosam.com.mx\/index.php\/wp-json\/wp\/v2\/product_cat?post=12547"},{"taxonomy":"product_tag","embeddable":true,"href":"https:\/\/eltiosam.com.mx\/index.php\/wp-json\/wp\/v2\/product_tag?post=12547"}],"curies":[{"name":"wp","href":"https:\/\/api.w.org\/{rel}","templated":true}]}}