{"id":12539,"date":"2025-09-25T22:34:05","date_gmt":"2025-09-25T22:34:05","guid":{"rendered":"https:\/\/eltiosam.com.mx\/?post_type=product&#038;p=12539"},"modified":"2025-09-25T22:34:06","modified_gmt":"2025-09-25T22:34:06","slug":"parrilla-de-induccion-con-campana-80cmtekaaff-87601-mst-bk","status":"publish","type":"product","link":"https:\/\/eltiosam.com.mx\/index.php\/product\/parrilla-de-induccion-con-campana-80cmtekaaff-87601-mst-bk\/","title":{"rendered":"PARRILLA DE INDUCCI\u00d3N CON CAMPANA 80CM\tTEKA\tAFF 87601 MST BK"},"content":{"rendered":"<ul>\n<li>Vitrocer\u00e1mica de inducci\u00f3n MasterSense Air<\/li>\n<li>con extractor integrado<\/li>\n<li>Cristal vitrocer\u00e1mico con bisel frontal<\/li>\n<li>Touch Control Multislider con sensores ac\u00fasticos<\/li>\n<li>9 niveles de potencia<\/li>\n<li>4 zonas de cocci\u00f3n + 2 Flex combinadas<\/li>\n<li>Funciones especiales de cocinado: Fuego lento, derretir,<\/li>\n<li>pochar, confitar, mantener caliente, parrilla, plancha y fritura<\/li>\n<li>9 velocidades de extracci\u00f3n + intensiva<\/li>\n<li>Filtros met\u00e1licos de 12 capas y dep\u00f3sito de grasa extra\u00edble<\/li>\n<li>Funci\u00f3n Fresh Air \/Auto<\/li>\n<li>Capacidad de extracci\u00f3n m\u00e1xima: 627m\u00b3\/h<\/li>\n<li>Nivel sonoro: min. 43 \u2013 m\u00e1x. 65 dB<\/li>\n<li>Energ\u00eda el\u00e9ctrica: 220-240v\/50-60Hz<\/li>\n<\/ul>\n","protected":false},"excerpt":{"rendered":"<ul>\n<li>Vitrocer\u00e1mica de inducci\u00f3n MasterSense Air<\/li>\n<li>con extractor integrado<\/li>\n<li>Cristal vitrocer\u00e1mico con bisel frontal<\/li>\n<li>Touch Control Multislider con sensores ac\u00fasticos<\/li>\n<li>9 niveles de potencia<\/li>\n<li>4 zonas de cocci\u00f3n + 2 Flex combinadas<\/li>\n<li>Funciones especiales de cocinado: Fuego lento, derretir,<\/li>\n<li>pochar, confitar, mantener caliente, parrilla, plancha y fritura<\/li>\n<li>9 velocidades de extracci\u00f3n + intensiva<\/li>\n<li>Filtros met\u00e1licos de 12 capas y dep\u00f3sito de grasa extra\u00edble<\/li>\n<li>Funci\u00f3n Fresh Air \/Auto<\/li>\n<li>Capacidad de extracci\u00f3n m\u00e1xima: 627m\u00b3\/h<\/li>\n<li>Nivel sonoro: min. 43 \u2013 m\u00e1x. 65 dB<\/li>\n<li>Energ\u00eda el\u00e9ctrica: 220-240v\/50-60Hz<\/li>\n<\/ul>\n","protected":false},"featured_media":12541,"template":"","meta":{"_joinchat":[]},"product_brand":[],"product_cat":[46],"product_tag":[106],"class_list":{"0":"post-12539","1":"product","2":"type-product","3":"status-publish","4":"has-post-thumbnail","6":"product_cat-parrilla","7":"product_tag-teka","9":"first","10":"instock","11":"shipping-taxable","12":"product-type-simple"},"_links":{"self":[{"href":"https:\/\/eltiosam.com.mx\/index.php\/wp-json\/wp\/v2\/product\/12539","targetHints":{"allow":["GET"]}}],"collection":[{"href":"https:\/\/eltiosam.com.mx\/index.php\/wp-json\/wp\/v2\/product"}],"about":[{"href":"https:\/\/eltiosam.com.mx\/index.php\/wp-json\/wp\/v2\/types\/product"}],"wp:featuredmedia":[{"embeddable":true,"href":"https:\/\/eltiosam.com.mx\/index.php\/wp-json\/wp\/v2\/media\/12541"}],"wp:attachment":[{"href":"https:\/\/eltiosam.com.mx\/index.php\/wp-json\/wp\/v2\/media?parent=12539"}],"wp:term":[{"taxonomy":"product_brand","embeddable":true,"href":"https:\/\/eltiosam.com.mx\/index.php\/wp-json\/wp\/v2\/product_brand?post=12539"},{"taxonomy":"product_cat","embeddable":true,"href":"https:\/\/eltiosam.com.mx\/index.php\/wp-json\/wp\/v2\/product_cat?post=12539"},{"taxonomy":"product_tag","embeddable":true,"href":"https:\/\/eltiosam.com.mx\/index.php\/wp-json\/wp\/v2\/product_tag?post=12539"}],"curies":[{"name":"wp","href":"https:\/\/api.w.org\/{rel}","templated":true}]}}