{"id":12516,"date":"2025-09-25T22:28:07","date_gmt":"2025-09-25T22:28:07","guid":{"rendered":"https:\/\/eltiosam.com.mx\/?post_type=product&#038;p=12516"},"modified":"2025-09-25T22:28:08","modified_gmt":"2025-09-25T22:28:08","slug":"parrilla-5-quemadores-90cmtekagbc-95-g1-gbc-bm","status":"publish","type":"product","link":"https:\/\/eltiosam.com.mx\/index.php\/product\/parrilla-5-quemadores-90cmtekagbc-95-g1-gbc-bm\/","title":{"rendered":"PARRILLA 5 QUEMADORES 90CM\tTEKA\tGBC 95 G1 GBC BM"},"content":{"rendered":"<ul>\n<li>Dise\u00f1ado en Italia por Italdesign Giugiaro<\/li>\n<li>Acabado exclusivo en negro mate<\/li>\n<li>Detalles metalizados en cobre<\/li>\n<li>Panel de control mec\u00e1nico frontal con dise\u00f1o ergon\u00f3mico<\/li>\n<li>5 zonas de cocinado<\/li>\n<\/ul>\n","protected":false},"excerpt":{"rendered":"<ul>\n<li>Dise\u00f1ado en Italia por Italdesign Giugiaro<\/li>\n<li>Acabado exclusivo en negro mate<\/li>\n<li>Detalles metalizados en cobre<\/li>\n<li>Panel de control mec\u00e1nico frontal con dise\u00f1o ergon\u00f3mico<\/li>\n<li>5 zonas de cocinado<\/li>\n<\/ul>\n","protected":false},"featured_media":12519,"template":"","meta":{"_joinchat":[]},"product_brand":[],"product_cat":[46],"product_tag":[106],"class_list":{"0":"post-12516","1":"product","2":"type-product","3":"status-publish","4":"has-post-thumbnail","6":"product_cat-parrilla","7":"product_tag-teka","9":"first","10":"instock","11":"shipping-taxable","12":"product-type-simple"},"_links":{"self":[{"href":"https:\/\/eltiosam.com.mx\/index.php\/wp-json\/wp\/v2\/product\/12516","targetHints":{"allow":["GET"]}}],"collection":[{"href":"https:\/\/eltiosam.com.mx\/index.php\/wp-json\/wp\/v2\/product"}],"about":[{"href":"https:\/\/eltiosam.com.mx\/index.php\/wp-json\/wp\/v2\/types\/product"}],"wp:featuredmedia":[{"embeddable":true,"href":"https:\/\/eltiosam.com.mx\/index.php\/wp-json\/wp\/v2\/media\/12519"}],"wp:attachment":[{"href":"https:\/\/eltiosam.com.mx\/index.php\/wp-json\/wp\/v2\/media?parent=12516"}],"wp:term":[{"taxonomy":"product_brand","embeddable":true,"href":"https:\/\/eltiosam.com.mx\/index.php\/wp-json\/wp\/v2\/product_brand?post=12516"},{"taxonomy":"product_cat","embeddable":true,"href":"https:\/\/eltiosam.com.mx\/index.php\/wp-json\/wp\/v2\/product_cat?post=12516"},{"taxonomy":"product_tag","embeddable":true,"href":"https:\/\/eltiosam.com.mx\/index.php\/wp-json\/wp\/v2\/product_tag?post=12516"}],"curies":[{"name":"wp","href":"https:\/\/api.w.org\/{rel}","templated":true}]}}