{"id":12502,"date":"2025-09-25T22:23:45","date_gmt":"2025-09-25T22:23:45","guid":{"rendered":"https:\/\/eltiosam.com.mx\/?post_type=product&#038;p=12502"},"modified":"2025-09-25T22:23:45","modified_gmt":"2025-09-25T22:23:45","slug":"horno-electrico-60cmtekahlb-85-g1-p-bm","status":"publish","type":"product","link":"https:\/\/eltiosam.com.mx\/index.php\/product\/horno-electrico-60cmtekahlb-85-g1-p-bm\/","title":{"rendered":"HORNO EL\u00c9CTRICO 60CM\tTEKA\tHLB 85 G1 P BM"},"content":{"rendered":"<p>Los nuevos electrodom\u00e9sticos inteligentes de Teka abren un nuevo mundo de posibilidades en la cocina donde podr\u00e1s disfrutar sin l\u00edmites. Conecta tu electrodom\u00e9stico a tu m\u00f3vil a trav\u00e9s de la app Teka Home para que puedas cocinar desde donde quieras y cuando quieras.<\/p>\n<p>Caracter\u00edsticas:<\/p>\n<ul>\n<li>Dise\u00f1ado en Italia por Italdesign Giugiaro<\/li>\n<li>Horno multifunci\u00f3n<\/li>\n<li>Funci\u00f3n especial para Pizzas 340\u00ba<\/li>\n<li>Acabado exclusivo en negro mate<\/li>\n<li>8 funciones de cocinado<\/li>\n<li>Funci\u00f3n pir\u00f3lisis y sistema de limpieza por vapor HydroClean<\/li>\n<li>Control digital con botones<\/li>\n<li>5 niveles de cocinado<\/li>\n<li>Sistema de puerta fr\u00eda con cuatro cristales de seguridad<\/li>\n<li>Desconexi\u00f3n de seguridad autom\u00e1tica<\/li>\n<li>Sistema SoftClose<\/li>\n<li>Sistema de seguridad para ni\u00f1os<\/li>\n<li>Incluye bandeja profunda y bandeja esmaltada<\/li>\n<li>Incluye piedra especial para pizza<\/li>\n<li>Capacidad bruta\/neta: 71\/70 litros<\/li>\n<li>Altura del producto (mm):\u00a0595<\/li>\n<li>Anchura del producto (mm):\u00a0595<\/li>\n<li>Profundidad del producto (mm):\u00a0537+22<\/li>\n<li>Peso del producto (Kg):\u00a042<\/li>\n<li>Funci\u00f3n Grill:\u00a0S\u00ed<\/li>\n<li>Funci\u00f3n Maxigrill:\u00a0S\u00ed<\/li>\n<li>Funci\u00f3n ECO:\u00a0S\u00ed<\/li>\n<li>Calentamiento r\u00e1pido mec\u00e1nico:\u00a0S\u00ed<\/li>\n<li>Sistema de gu\u00edas removibles:\u00a0S\u00ed<\/li>\n<li>Niveles de gu\u00edas de bandeja:\u00a05<\/li>\n<li>Gu\u00edas telesc\u00f3picas Easy Slide:\u00a0S\u00ed<\/li>\n<li>SoftClose:\u00a0S\u00ed<\/li>\n<li>Potencia nominal m\u00e1xima (W):\u00a03552<\/li>\n<li>Frecuencia (Hz):\u00a050\/60<\/li>\n<li>Fuente de alimentaci\u00f3n (V):\u00a0220\/240<\/li>\n<li>Longitud del cable (cm):\u00a0110<\/li>\n<li>Consumo de la luz interior (W):\u00a025<\/li>\n<\/ul>\n","protected":false},"excerpt":{"rendered":"<p>Los nuevos electrodom\u00e9sticos inteligentes de Teka abren un nuevo mundo de posibilidades en la cocina donde podr\u00e1s disfrutar sin l\u00edmites. Conecta tu electrodom\u00e9stico a tu m\u00f3vil a trav\u00e9s de la app Teka Home para que puedas cocinar desde donde quieras y cuando quieras.<\/p>\n","protected":false},"featured_media":12505,"template":"","meta":{"_joinchat":[]},"product_brand":[],"product_cat":[69],"product_tag":[106],"class_list":{"0":"post-12502","1":"product","2":"type-product","3":"status-publish","4":"has-post-thumbnail","6":"product_cat-horno","7":"product_tag-teka","9":"first","10":"instock","11":"shipping-taxable","12":"product-type-simple"},"_links":{"self":[{"href":"https:\/\/eltiosam.com.mx\/index.php\/wp-json\/wp\/v2\/product\/12502","targetHints":{"allow":["GET"]}}],"collection":[{"href":"https:\/\/eltiosam.com.mx\/index.php\/wp-json\/wp\/v2\/product"}],"about":[{"href":"https:\/\/eltiosam.com.mx\/index.php\/wp-json\/wp\/v2\/types\/product"}],"wp:featuredmedia":[{"embeddable":true,"href":"https:\/\/eltiosam.com.mx\/index.php\/wp-json\/wp\/v2\/media\/12505"}],"wp:attachment":[{"href":"https:\/\/eltiosam.com.mx\/index.php\/wp-json\/wp\/v2\/media?parent=12502"}],"wp:term":[{"taxonomy":"product_brand","embeddable":true,"href":"https:\/\/eltiosam.com.mx\/index.php\/wp-json\/wp\/v2\/product_brand?post=12502"},{"taxonomy":"product_cat","embeddable":true,"href":"https:\/\/eltiosam.com.mx\/index.php\/wp-json\/wp\/v2\/product_cat?post=12502"},{"taxonomy":"product_tag","embeddable":true,"href":"https:\/\/eltiosam.com.mx\/index.php\/wp-json\/wp\/v2\/product_tag?post=12502"}],"curies":[{"name":"wp","href":"https:\/\/api.w.org\/{rel}","templated":true}]}}