{"id":12498,"date":"2025-09-25T22:19:41","date_gmt":"2025-09-25T22:19:41","guid":{"rendered":"https:\/\/eltiosam.com.mx\/?post_type=product&#038;p=12498"},"modified":"2025-09-25T22:19:41","modified_gmt":"2025-09-25T22:19:41","slug":"paquete-horno-y-parrillatekaduo-gourmet","status":"publish","type":"product","link":"https:\/\/eltiosam.com.mx\/index.php\/product\/paquete-horno-y-parrillatekaduo-gourmet\/","title":{"rendered":"PAQUETE HORNO Y PARRILLA\tTEKA\tDUO GOURMET"},"content":{"rendered":"<p>Pack duo el\u00e9ctrico gourmet 60cm. Horno el\u00e9ctrico 220v multifunci\u00f3n con 6 funciones de cocinado, convencional, grill, convencional +turbo, descongelamiento, con timer mec\u00e1nico, iluminaci\u00f3n incandescente, con esmalte interior easy clean. Parrilla de inducci\u00f3n con 9 niveles de potencia, con funci\u00f3n power plus, mandos touch control mono slider con sensores ac\u00fasticos, cristal vitro cer\u00e1mica, con programaci\u00f3n del tiempo de cocci\u00f3n hasta 99 minutos con alarma.<\/p>\n<p>Caracter\u00edsticas:<\/p>\n<p>&#8211; Horno empotrable Teka HE 715 SS en Acero Antihuella<br \/>\nAcero inoxidable con antihuella<br \/>\nClase energ\u00e9tica: A (Bajo consumo de energ\u00eda)<br \/>\n6 funciones de cocinado: Convencional, Inferior, Grill, Convencional+Turbo,<br \/>\nGrill+Turbo, Descongelar<br \/>\nCapacidad: 57 L (neto)<br \/>\nMandos de perillas<br \/>\nTimer mec\u00e1nico<br \/>\nGrill: 1,400 W<br \/>\nTemperatura de 50\u00b0 a 250\u00b0 C<br \/>\nIluminaci\u00f3n incandescente<br \/>\nPuerta de doble cristal<br \/>\nEsmalte interior Easy Clean\u00ae<br \/>\nGu\u00edas cromadas con cinco alturas de cocinado<br \/>\nParrilla cromada<br \/>\nBandeja esmaltada<br \/>\nPotencia nominal m\u00e1xima: 2,450 &#8211; 2,950 W<br \/>\nPeso: 30 kg<br \/>\nDimensiones Cavidad (Alto\/Ancho\/Fondo): 313\/455\/396 mm<br \/>\nDimensiones Exterior (Alto\/Ancho\/Fondo): 595\/595\/540 mm<\/p>\n","protected":false},"excerpt":{"rendered":"<p>Pack duo el\u00e9ctrico gourmet 60cm. Horno el\u00e9ctrico 220v multifunci\u00f3n con 6 funciones de cocinado, convencional, grill, convencional +turbo, descongelamiento, con timer mec\u00e1nico, iluminaci\u00f3n incandescente, con esmalte interior easy clean. Parrilla de inducci\u00f3n con 9 niveles de potencia, con funci\u00f3n power plus, mandos touch control mono slider con sensores ac\u00fasticos, cristal vitro cer\u00e1mica, con programaci\u00f3n del tiempo de cocci\u00f3n hasta 99 minutos con alarma.<\/p>\n","protected":false},"featured_media":12501,"template":"","meta":{"_joinchat":[]},"product_brand":[],"product_cat":[69],"product_tag":[106],"class_list":{"0":"post-12498","1":"product","2":"type-product","3":"status-publish","4":"has-post-thumbnail","6":"product_cat-horno","7":"product_tag-teka","9":"first","10":"instock","11":"shipping-taxable","12":"product-type-simple"},"_links":{"self":[{"href":"https:\/\/eltiosam.com.mx\/index.php\/wp-json\/wp\/v2\/product\/12498","targetHints":{"allow":["GET"]}}],"collection":[{"href":"https:\/\/eltiosam.com.mx\/index.php\/wp-json\/wp\/v2\/product"}],"about":[{"href":"https:\/\/eltiosam.com.mx\/index.php\/wp-json\/wp\/v2\/types\/product"}],"wp:featuredmedia":[{"embeddable":true,"href":"https:\/\/eltiosam.com.mx\/index.php\/wp-json\/wp\/v2\/media\/12501"}],"wp:attachment":[{"href":"https:\/\/eltiosam.com.mx\/index.php\/wp-json\/wp\/v2\/media?parent=12498"}],"wp:term":[{"taxonomy":"product_brand","embeddable":true,"href":"https:\/\/eltiosam.com.mx\/index.php\/wp-json\/wp\/v2\/product_brand?post=12498"},{"taxonomy":"product_cat","embeddable":true,"href":"https:\/\/eltiosam.com.mx\/index.php\/wp-json\/wp\/v2\/product_cat?post=12498"},{"taxonomy":"product_tag","embeddable":true,"href":"https:\/\/eltiosam.com.mx\/index.php\/wp-json\/wp\/v2\/product_tag?post=12498"}],"curies":[{"name":"wp","href":"https:\/\/api.w.org\/{rel}","templated":true}]}}