{"id":12495,"date":"2025-09-25T22:17:09","date_gmt":"2025-09-25T22:17:09","guid":{"rendered":"https:\/\/eltiosam.com.mx\/?post_type=product&#038;p=12495"},"modified":"2025-09-25T22:17:09","modified_gmt":"2025-09-25T22:17:09","slug":"horno-electrico-multifuncion-60cmtekahsb-646-s","status":"publish","type":"product","link":"https:\/\/eltiosam.com.mx\/index.php\/product\/horno-electrico-multifuncion-60cmtekahsb-646-s\/","title":{"rendered":"HORNO EL\u00c9CTRICO MULTIFUNCI\u00d3N 60CM\tTEKA\tHSB 646 S"},"content":{"rendered":"<p>Resultados crujientes en el horno con la nueva funci\u00f3n Airfry. Prepara patatas congeladas o precocinadas, alitas de pollo o nuggets de manera f\u00e1cil y r\u00e1pida. Las verduras frescas tendr\u00e1n un sabor jugoso y crujiente a la vez. A\u00f1ade unas gotas de aceite, selecciona la funci\u00f3n AirFry en el panel del horno y disfruta de un resultado perfecto. Una forma segura y muy limpia de cocinar para toda la familia.<\/p>\n<p>El horno incluye la FryMaster Box, una bandeja especial con perforaciones que ha sido dise\u00f1ada para permitir la perfecta circulaci\u00f3n del aire. Los alimentos quedar\u00e1n cocinados de forma homog\u00e9nea sin necesidad de darles la vuelta.<\/p>\n","protected":false},"excerpt":{"rendered":"<p>Resultados crujientes en el horno con la nueva funci\u00f3n Airfry. Prepara patatas congeladas o precocinadas, alitas de pollo o nuggets de manera f\u00e1cil y r\u00e1pida. Las verduras frescas tendr\u00e1n un sabor jugoso y crujiente a la vez. A\u00f1ade unas gotas de aceite, selecciona la funci\u00f3n AirFry en el panel del horno y disfruta de un resultado perfecto. Una forma segura y muy limpia de cocinar para toda la familia.<\/p>\n<p>El horno incluye la FryMaster Box, una bandeja especial con perforaciones que ha sido dise\u00f1ada para permitir la perfecta circulaci\u00f3n del aire. Los alimentos quedar\u00e1n cocinados de forma homog\u00e9nea sin necesidad de darles la vuelta.<\/p>\n","protected":false},"featured_media":12497,"template":"","meta":{"_joinchat":[]},"product_brand":[],"product_cat":[175],"product_tag":[106],"class_list":{"0":"post-12495","1":"product","2":"type-product","3":"status-publish","4":"has-post-thumbnail","6":"product_cat-hornos","7":"product_tag-teka","9":"first","10":"instock","11":"shipping-taxable","12":"product-type-simple"},"_links":{"self":[{"href":"https:\/\/eltiosam.com.mx\/index.php\/wp-json\/wp\/v2\/product\/12495","targetHints":{"allow":["GET"]}}],"collection":[{"href":"https:\/\/eltiosam.com.mx\/index.php\/wp-json\/wp\/v2\/product"}],"about":[{"href":"https:\/\/eltiosam.com.mx\/index.php\/wp-json\/wp\/v2\/types\/product"}],"wp:featuredmedia":[{"embeddable":true,"href":"https:\/\/eltiosam.com.mx\/index.php\/wp-json\/wp\/v2\/media\/12497"}],"wp:attachment":[{"href":"https:\/\/eltiosam.com.mx\/index.php\/wp-json\/wp\/v2\/media?parent=12495"}],"wp:term":[{"taxonomy":"product_brand","embeddable":true,"href":"https:\/\/eltiosam.com.mx\/index.php\/wp-json\/wp\/v2\/product_brand?post=12495"},{"taxonomy":"product_cat","embeddable":true,"href":"https:\/\/eltiosam.com.mx\/index.php\/wp-json\/wp\/v2\/product_cat?post=12495"},{"taxonomy":"product_tag","embeddable":true,"href":"https:\/\/eltiosam.com.mx\/index.php\/wp-json\/wp\/v2\/product_tag?post=12495"}],"curies":[{"name":"wp","href":"https:\/\/api.w.org\/{rel}","templated":true}]}}