{"id":12487,"date":"2025-09-25T20:32:00","date_gmt":"2025-09-25T20:32:00","guid":{"rendered":"https:\/\/eltiosam.com.mx\/?post_type=product&#038;p=12487"},"modified":"2025-09-25T20:32:01","modified_gmt":"2025-09-25T20:32:01","slug":"horno-electrico-multifuncion-60cmtekahlb-8400-bk-ss","status":"publish","type":"product","link":"https:\/\/eltiosam.com.mx\/index.php\/product\/horno-electrico-multifuncion-60cmtekahlb-8400-bk-ss\/","title":{"rendered":"HORNO EL\u00c9CTRICO MULTIFUNCI\u00d3N 60CM\tTEKA\tHLB 8400 BK SS"},"content":{"rendered":"<p style=\"font-weight: 400;\">&#8211; SurroundTemp: Imagina el olor de galletas reci\u00e9n horneadas, cada una de ellas crujientes y horneada justo en su punto. La multifunci\u00f3n SurroundTemp garantiza una distribuci\u00f3n uniforme del calor, incluso cocinando a diferente nivel. Obt\u00e9n un efecto de cocinado uniforme en tus platos gracias a la resistencia extra.<\/p>\n<p style=\"font-weight: 400;\">&#8211; Capacidad XXL: Cocina una gran variedad de recetas para toda la familia. Gracias a su capacidad de 70-71 litros podr\u00e1s preparar un 30% m\u00e1s de comida que en un horno convencional (comparado con otros modelos Teka).<\/p>\n<p style=\"font-weight: 400;\">&#8211; Sistema de f\u00e1cil limpieza: Gracias al sistema HydroClean podr\u00e1s limpiar tu horno de manera r\u00e1pida, eficaz y con un m\u00ednimo consumo a trav\u00e9s de vapor. Con el sistema de limpieza aqu\u00e1lisis, el agua alcanza altas temperaturas y, al convertirse en vapor, reblandece la grasa adherida en el horno permitiendo una limpieza m\u00e1s sencilla y sin esfuerzo.<\/p>\n","protected":false},"excerpt":{"rendered":"<p style=\"font-weight: 400;\">&#8211; SurroundTemp: Imagina el olor de galletas reci\u00e9n horneadas, cada una de ellas crujientes y horneada justo en su punto. La multifunci\u00f3n SurroundTemp garantiza una distribuci\u00f3n uniforme del calor, incluso cocinando a diferente nivel. Obt\u00e9n un efecto de cocinado uniforme en tus platos gracias a la resistencia extra.<\/p>\n<p style=\"font-weight: 400;\">\n","protected":false},"featured_media":12490,"template":"","meta":{"_joinchat":[]},"product_brand":[],"product_cat":[69],"product_tag":[106],"class_list":{"0":"post-12487","1":"product","2":"type-product","3":"status-publish","4":"has-post-thumbnail","6":"product_cat-horno","7":"product_tag-teka","9":"first","10":"instock","11":"shipping-taxable","12":"product-type-simple"},"_links":{"self":[{"href":"https:\/\/eltiosam.com.mx\/index.php\/wp-json\/wp\/v2\/product\/12487","targetHints":{"allow":["GET"]}}],"collection":[{"href":"https:\/\/eltiosam.com.mx\/index.php\/wp-json\/wp\/v2\/product"}],"about":[{"href":"https:\/\/eltiosam.com.mx\/index.php\/wp-json\/wp\/v2\/types\/product"}],"wp:featuredmedia":[{"embeddable":true,"href":"https:\/\/eltiosam.com.mx\/index.php\/wp-json\/wp\/v2\/media\/12490"}],"wp:attachment":[{"href":"https:\/\/eltiosam.com.mx\/index.php\/wp-json\/wp\/v2\/media?parent=12487"}],"wp:term":[{"taxonomy":"product_brand","embeddable":true,"href":"https:\/\/eltiosam.com.mx\/index.php\/wp-json\/wp\/v2\/product_brand?post=12487"},{"taxonomy":"product_cat","embeddable":true,"href":"https:\/\/eltiosam.com.mx\/index.php\/wp-json\/wp\/v2\/product_cat?post=12487"},{"taxonomy":"product_tag","embeddable":true,"href":"https:\/\/eltiosam.com.mx\/index.php\/wp-json\/wp\/v2\/product_tag?post=12487"}],"curies":[{"name":"wp","href":"https:\/\/api.w.org\/{rel}","templated":true}]}}