{"id":12479,"date":"2025-09-25T20:20:39","date_gmt":"2025-09-25T20:20:39","guid":{"rendered":"https:\/\/eltiosam.com.mx\/?post_type=product&#038;p=12479"},"modified":"2025-09-25T20:20:39","modified_gmt":"2025-09-25T20:20:39","slug":"horno-electrico-multifuncion-60cmtekahlb-8550-sc-bk","status":"publish","type":"product","link":"https:\/\/eltiosam.com.mx\/index.php\/product\/horno-electrico-multifuncion-60cmtekahlb-8550-sc-bk\/","title":{"rendered":"HORNO EL\u00c9CTRICO MULTIFUNCI\u00d3N 60CM\tTEKA\tHLB 8550 SC BK"},"content":{"rendered":"<div class=\"summary entry-summary\">\n<div class=\"woocommerce-product-details__short-description\">\n<p>Perfecto horno para tu cocina Teka.<\/p>\n<p>Caracter\u00edsticas:<\/p>\n<ul>\n<li>Horno multifunci\u00f3n SurroundTemp a vapor<\/li>\n<li>Sistema de limpieza Teka SteamClean\u00ae PRO autom\u00e1tico<\/li>\n<li>12 funciones de cocinado (4 funciones de vapor)<\/li>\n<li>Touch Control multifunci\u00f3n con programaci\u00f3n de inicio y paro de cocci\u00f3n<\/li>\n<li>Soportes cromados con sistema de 1 gu\u00eda extra\u00edble Plus-Extension, cinco alturas de cocinado<\/li>\n<li>Funciones de regeneraci\u00f3n, descalcificaci\u00f3n, 100% vapor<\/li>\n<li>Generador de vapor externo<\/li>\n<li>Taque de agua de 0,8 litros de capacidad para cocinar al vapor<\/li>\n<li>Calentamiento r\u00e1pido autom\u00e1tico<\/li>\n<li>Puerta tres cristales, interior todo cristal<\/li>\n<li>Altura del producto (mm):\u00a0595<\/li>\n<li>Anchura del producto (mm):\u00a0595<\/li>\n<li>Profundidad del producto (mm):\u00a0537+22<\/li>\n<li>Peso neto (kg):\u00a032<\/li>\n<li>Certificados:\u00a0CE\/CB<\/li>\n<li>N\u00famero de cavidades:\u00a01<\/li>\n<li>Cavidad esmaltada:\u00a0S\u00ed<\/li>\n<li>Temperatura m\u00ednima del regulador (\u00baC):\u00a030<\/li>\n<li>Temperatura m\u00e1xima del regulador (\u00baC):\u00a0270<\/li>\n<li>Selector de funciones:\u00a0MECH<\/li>\n<li>Funciones de cocinado:\u00a011<\/li>\n<li>Funci\u00f3n calor superior + inferior :\u00a0S\u00ed<\/li>\n<li>Funci\u00f3n Maxigrill:\u00a0S\u00ed<\/li>\n<li>Funci\u00f3n calor superior + inferior + ventilador:\u00a0S\u00ed<\/li>\n<li>Funci\u00f3n grill + ventilador:\u00a0S\u00ed<\/li>\n<\/ul>\n<\/div>\n<div class=\"utilities\"><\/div>\n<\/div>\n<div class=\"woocommerce-tabs wc-tabs-wrapper\"><\/div>\n","protected":false},"excerpt":{"rendered":"<p>Perfecto horno para tu cocina Teka. Caracter\u00edsticas: Horno multifunci\u00f3n SurroundTemp a vapor Sistema de limpieza Teka SteamClean\u00ae PRO autom\u00e1tico 12 funciones de cocinado (4 funciones de vapor) Touch Control multifunci\u00f3n con programaci\u00f3n de inicio y paro de cocci\u00f3n Soportes cromados con sistema de 1 gu\u00eda extra\u00edble Plus-Extension, cinco alturas de cocinado Funciones de regeneraci\u00f3n, descalcificaci\u00f3n, [&hellip;]<\/p>\n","protected":false},"featured_media":12482,"template":"","meta":{"_joinchat":[]},"product_brand":[],"product_cat":[175],"product_tag":[106],"class_list":{"0":"post-12479","1":"product","2":"type-product","3":"status-publish","4":"has-post-thumbnail","6":"product_cat-hornos","7":"product_tag-teka","9":"first","10":"instock","11":"shipping-taxable","12":"product-type-simple"},"_links":{"self":[{"href":"https:\/\/eltiosam.com.mx\/index.php\/wp-json\/wp\/v2\/product\/12479","targetHints":{"allow":["GET"]}}],"collection":[{"href":"https:\/\/eltiosam.com.mx\/index.php\/wp-json\/wp\/v2\/product"}],"about":[{"href":"https:\/\/eltiosam.com.mx\/index.php\/wp-json\/wp\/v2\/types\/product"}],"wp:featuredmedia":[{"embeddable":true,"href":"https:\/\/eltiosam.com.mx\/index.php\/wp-json\/wp\/v2\/media\/12482"}],"wp:attachment":[{"href":"https:\/\/eltiosam.com.mx\/index.php\/wp-json\/wp\/v2\/media?parent=12479"}],"wp:term":[{"taxonomy":"product_brand","embeddable":true,"href":"https:\/\/eltiosam.com.mx\/index.php\/wp-json\/wp\/v2\/product_brand?post=12479"},{"taxonomy":"product_cat","embeddable":true,"href":"https:\/\/eltiosam.com.mx\/index.php\/wp-json\/wp\/v2\/product_cat?post=12479"},{"taxonomy":"product_tag","embeddable":true,"href":"https:\/\/eltiosam.com.mx\/index.php\/wp-json\/wp\/v2\/product_tag?post=12479"}],"curies":[{"name":"wp","href":"https:\/\/api.w.org\/{rel}","templated":true}]}}