{"id":12466,"date":"2025-09-25T19:52:12","date_gmt":"2025-09-25T19:52:12","guid":{"rendered":"https:\/\/eltiosam.com.mx\/?post_type=product&#038;p=12466"},"modified":"2025-09-25T19:52:12","modified_gmt":"2025-09-25T19:52:12","slug":"horno-multifuncion-60cmtekahlb-7600-g-bk","status":"publish","type":"product","link":"https:\/\/eltiosam.com.mx\/index.php\/product\/horno-multifuncion-60cmtekahlb-7600-g-bk\/","title":{"rendered":"HORNO MULTIFUNCI\u00d3N 60CM\tTEKA\tHLB 7600 G BK"},"content":{"rendered":"<p>Complementa el horno con la bandeja The SteamBox de Teka (accesorio no incluido en el horno) y convi\u00e9rtelo en un horno de vapor. Este accesorio compatible con cualquier tipo de horno te permite cocinar de forma m\u00e1s saludable, adem\u00e1s de facilitar la conservaci\u00f3n de todas las vitaminas y nutrientes de los alimentos.\u00a0<a title=\"+ Ver accesorio The SteamBox\" href=\"https:\/\/www.teka.com\/es-es\/producto\/the-steambox_41599012\/\" target=\"_blank\" rel=\"noopener\">+<\/a><\/p>\n","protected":false},"excerpt":{"rendered":"<p>Complementa el horno con la bandeja The SteamBox de Teka (accesorio no incluido en el horno) y convi\u00e9rtelo en un horno de vapor. Este accesorio compatible con cualquier tipo de horno te permite cocinar de forma m\u00e1s saludable, adem\u00e1s de facilitar la conservaci\u00f3n de todas las vitaminas y nutrientes de los alimentos.\u00a0<a title=\"+ Ver accesorio The SteamBox\" href=\"https:\/\/www.teka.com\/es-es\/producto\/the-steambox_41599012\/\" target=\"_blank\" rel=\"noopener\">+<\/a><\/p>\n","protected":false},"featured_media":12468,"template":"","meta":{"_joinchat":[]},"product_brand":[],"product_cat":[175],"product_tag":[106],"class_list":{"0":"post-12466","1":"product","2":"type-product","3":"status-publish","4":"has-post-thumbnail","6":"product_cat-hornos","7":"product_tag-teka","9":"first","10":"instock","11":"shipping-taxable","12":"product-type-simple"},"_links":{"self":[{"href":"https:\/\/eltiosam.com.mx\/index.php\/wp-json\/wp\/v2\/product\/12466","targetHints":{"allow":["GET"]}}],"collection":[{"href":"https:\/\/eltiosam.com.mx\/index.php\/wp-json\/wp\/v2\/product"}],"about":[{"href":"https:\/\/eltiosam.com.mx\/index.php\/wp-json\/wp\/v2\/types\/product"}],"wp:featuredmedia":[{"embeddable":true,"href":"https:\/\/eltiosam.com.mx\/index.php\/wp-json\/wp\/v2\/media\/12468"}],"wp:attachment":[{"href":"https:\/\/eltiosam.com.mx\/index.php\/wp-json\/wp\/v2\/media?parent=12466"}],"wp:term":[{"taxonomy":"product_brand","embeddable":true,"href":"https:\/\/eltiosam.com.mx\/index.php\/wp-json\/wp\/v2\/product_brand?post=12466"},{"taxonomy":"product_cat","embeddable":true,"href":"https:\/\/eltiosam.com.mx\/index.php\/wp-json\/wp\/v2\/product_cat?post=12466"},{"taxonomy":"product_tag","embeddable":true,"href":"https:\/\/eltiosam.com.mx\/index.php\/wp-json\/wp\/v2\/product_tag?post=12466"}],"curies":[{"name":"wp","href":"https:\/\/api.w.org\/{rel}","templated":true}]}}