{"id":12462,"date":"2025-09-25T19:30:35","date_gmt":"2025-09-25T19:30:35","guid":{"rendered":"https:\/\/eltiosam.com.mx\/?post_type=product&#038;p=12462"},"modified":"2025-09-25T19:30:36","modified_gmt":"2025-09-25T19:30:36","slug":"campana-decorativa-90cmwhirlpoolwhw9010s","status":"publish","type":"product","link":"https:\/\/eltiosam.com.mx\/index.php\/product\/campana-decorativa-90cmwhirlpoolwhw9010s\/","title":{"rendered":"CAMPANA DECORATIVA 90CM\tWHIRLPOOL\tWHW9010S"},"content":{"rendered":"<p>Campana decorativa, montaje de Pared 90 cm con capacidad de extracci\u00f3n hasta 637 m\u00b3\/hr, 3 velocidades + Turbo\/Boost y controles Touch. Incluye exclusivo Filtro de Carb\u00f3n Activado* y filtros de aluminio atrapa grasa lavables. *Con mayor duraci\u00f3n en comparaci\u00f3n con un filtro de carb\u00f3n tradicional con duraci\u00f3n aproximada de 6 meses, debido a que el SARATECH\u00ae foam filters puede ser regenerado al calentarse en el horno a una temperatura m\u00e1xima de 110\u00b0C por aproximadamente 1 hora. Es importante tomar en cuenta que el filtro debe encontrarse libre de grasa, y es necesario lavarlo frecuentemente para re-activarlo. Se recomienda cambiarlo cada 3 a\u00f1os. Aplica en modelos WHW9010S Y WHI1010S.<\/p>\n","protected":false},"excerpt":{"rendered":"<p>Campana decorativa, montaje de Pared 90 cm con capacidad de extracci\u00f3n hasta 637 m\u00b3\/hr, 3 velocidades + Turbo\/Boost y controles Touch. Incluye exclusivo Filtro de Carb\u00f3n Activado* y filtros de aluminio atrapa grasa lavables. *Con mayor duraci\u00f3n en comparaci\u00f3n con un filtro de carb\u00f3n tradicional con duraci\u00f3n aproximada de 6 meses, debido a que el SARATECH\u00ae foam filters puede ser regenerado al calentarse en el horno a una temperatura m\u00e1xima de 110\u00b0C por aproximadamente 1 hora. Es importante tomar en cuenta que el filtro debe encontrarse libre de grasa, y es necesario lavarlo frecuentemente para re-activarlo. Se recomienda cambiarlo cada 3 a\u00f1os. Aplica en modelos WHW9010S Y WHI1010S.<\/p>\n","protected":false},"featured_media":12465,"template":"","meta":{"_joinchat":[]},"product_brand":[],"product_cat":[45],"product_tag":[204],"class_list":{"0":"post-12462","1":"product","2":"type-product","3":"status-publish","4":"has-post-thumbnail","6":"product_cat-campanas","7":"product_tag-whirlpool","9":"first","10":"instock","11":"shipping-taxable","12":"product-type-simple"},"_links":{"self":[{"href":"https:\/\/eltiosam.com.mx\/index.php\/wp-json\/wp\/v2\/product\/12462","targetHints":{"allow":["GET"]}}],"collection":[{"href":"https:\/\/eltiosam.com.mx\/index.php\/wp-json\/wp\/v2\/product"}],"about":[{"href":"https:\/\/eltiosam.com.mx\/index.php\/wp-json\/wp\/v2\/types\/product"}],"wp:featuredmedia":[{"embeddable":true,"href":"https:\/\/eltiosam.com.mx\/index.php\/wp-json\/wp\/v2\/media\/12465"}],"wp:attachment":[{"href":"https:\/\/eltiosam.com.mx\/index.php\/wp-json\/wp\/v2\/media?parent=12462"}],"wp:term":[{"taxonomy":"product_brand","embeddable":true,"href":"https:\/\/eltiosam.com.mx\/index.php\/wp-json\/wp\/v2\/product_brand?post=12462"},{"taxonomy":"product_cat","embeddable":true,"href":"https:\/\/eltiosam.com.mx\/index.php\/wp-json\/wp\/v2\/product_cat?post=12462"},{"taxonomy":"product_tag","embeddable":true,"href":"https:\/\/eltiosam.com.mx\/index.php\/wp-json\/wp\/v2\/product_tag?post=12462"}],"curies":[{"name":"wp","href":"https:\/\/api.w.org\/{rel}","templated":true}]}}