{"id":12454,"date":"2025-09-25T19:28:09","date_gmt":"2025-09-25T19:28:09","guid":{"rendered":"https:\/\/eltiosam.com.mx\/?post_type=product&#038;p=12454"},"modified":"2025-09-25T19:28:09","modified_gmt":"2025-09-25T19:28:09","slug":"campana-telescopica-60cmwhirlpoolwht6030s","status":"publish","type":"product","link":"https:\/\/eltiosam.com.mx\/index.php\/product\/campana-telescopica-60cmwhirlpoolwht6030s\/","title":{"rendered":"CAMPANA TELESC\u00d3PICA 60CM\tWHIRLPOOL\tWHT6030S"},"content":{"rendered":"<p><strong>Campana Whirlpool WHT6030S Empotrable Retr\u00e1ctil 60 Cm Acero Inoxidable<\/strong><\/p>\n<p>Campana telesc\u00f3pica retractil de 60 cm, con 3 velocidades de extracci\u00f3n y 2 filtros de aluminio lavables para una cocina libre de olores. Tiene un dise\u00f1o minimalista que se adapta a espacios compactos, iluminaci\u00f3n LED para mejor visibilidad de los alimentos al momento de cocinar. Cuenta con control por bot\u00f3n y modo de operaci\u00f3n convertible. La campana se abre cuando se requiera utilizar para una mayor cobertura del \u00e1rea de cocci\u00f3n.<\/p>\n","protected":false},"excerpt":{"rendered":"<p><strong>Campana Whirlpool WHT6030S Empotrable Retr\u00e1ctil 60 Cm Acero Inoxidable<\/strong><\/p>\n<p>Campana telesc\u00f3pica retractil de 60 cm, con 3 velocidades de extracci\u00f3n y 2 filtros de aluminio lavables para una cocina libre de olores. Tiene un dise\u00f1o minimalista que se adapta a espacios compactos, iluminaci\u00f3n LED para mejor visibilidad de los alimentos al momento de cocinar. Cuenta con control por bot\u00f3n y modo de operaci\u00f3n convertible. La campana se abre cuando se requiera utilizar para una mayor cobertura del \u00e1rea de cocci\u00f3n.<\/p>\n","protected":false},"featured_media":12457,"template":"","meta":{"_joinchat":[]},"product_brand":[],"product_cat":[45],"product_tag":[204],"class_list":{"0":"post-12454","1":"product","2":"type-product","3":"status-publish","4":"has-post-thumbnail","6":"product_cat-campanas","7":"product_tag-whirlpool","9":"first","10":"instock","11":"shipping-taxable","12":"product-type-simple"},"_links":{"self":[{"href":"https:\/\/eltiosam.com.mx\/index.php\/wp-json\/wp\/v2\/product\/12454","targetHints":{"allow":["GET"]}}],"collection":[{"href":"https:\/\/eltiosam.com.mx\/index.php\/wp-json\/wp\/v2\/product"}],"about":[{"href":"https:\/\/eltiosam.com.mx\/index.php\/wp-json\/wp\/v2\/types\/product"}],"wp:featuredmedia":[{"embeddable":true,"href":"https:\/\/eltiosam.com.mx\/index.php\/wp-json\/wp\/v2\/media\/12457"}],"wp:attachment":[{"href":"https:\/\/eltiosam.com.mx\/index.php\/wp-json\/wp\/v2\/media?parent=12454"}],"wp:term":[{"taxonomy":"product_brand","embeddable":true,"href":"https:\/\/eltiosam.com.mx\/index.php\/wp-json\/wp\/v2\/product_brand?post=12454"},{"taxonomy":"product_cat","embeddable":true,"href":"https:\/\/eltiosam.com.mx\/index.php\/wp-json\/wp\/v2\/product_cat?post=12454"},{"taxonomy":"product_tag","embeddable":true,"href":"https:\/\/eltiosam.com.mx\/index.php\/wp-json\/wp\/v2\/product_tag?post=12454"}],"curies":[{"name":"wp","href":"https:\/\/api.w.org\/{rel}","templated":true}]}}