{"id":12440,"date":"2025-09-25T19:23:24","date_gmt":"2025-09-25T19:23:24","guid":{"rendered":"https:\/\/eltiosam.com.mx\/?post_type=product&#038;p=12440"},"modified":"2025-09-25T19:23:25","modified_gmt":"2025-09-25T19:23:25","slug":"microcampana-1-1p3whirlpoolwml75011hz","status":"publish","type":"product","link":"https:\/\/eltiosam.com.mx\/index.php\/product\/microcampana-1-1p3whirlpoolwml75011hz\/","title":{"rendered":"MICROCAMPANA 1.1P3\tWHIRLPOOL\tWML75011HZ"},"content":{"rendered":"<p>Microcampana con 10 niveles de potencia, selecciones preprogramadas, puerta Touch-To-Open, cocci\u00f3n de un toque, timer\/reloj, luz nocturna y plato giratorio. Cuenta con exclusiva tecnolog\u00eda Sensor Cooking que autom\u00e1ticamente sigue el proceso de cocci\u00f3n de tus platillos y Steam Cooking que ayuda a que la comida retenga sabores, humedad y nutrientes. Adem\u00e1s, su campana cuenta con 4 velocidades, capacidad de extracci\u00f3n de 400 CFM (680m3\/hr) y filtro de carb\u00f3n activado eliminador de olores. Dise\u00f1o y practicidad en un solo electrodom\u00e9stico.<\/p>\n","protected":false},"excerpt":{"rendered":"<p>Microcampana con 10 niveles de potencia, selecciones preprogramadas, puerta Touch-To-Open, cocci\u00f3n de un toque, timer\/reloj, luz nocturna y plato giratorio. Cuenta con exclusiva tecnolog\u00eda Sensor Cooking que autom\u00e1ticamente sigue el proceso de cocci\u00f3n de tus platillos y Steam Cooking que ayuda a que la comida retenga sabores, humedad y nutrientes. Adem\u00e1s, su campana cuenta con 4 velocidades, capacidad de extracci\u00f3n de 400 CFM (680m3\/hr) y filtro de carb\u00f3n activado eliminador de olores. Dise\u00f1o y practicidad en un solo electrodom\u00e9stico.<\/p>\n","protected":false},"featured_media":12443,"template":"","meta":{"_joinchat":[]},"product_brand":[],"product_cat":[56],"product_tag":[204],"class_list":{"0":"post-12440","1":"product","2":"type-product","3":"status-publish","4":"has-post-thumbnail","6":"product_cat-microcampana","7":"product_tag-whirlpool","9":"first","10":"instock","11":"shipping-taxable","12":"product-type-simple"},"_links":{"self":[{"href":"https:\/\/eltiosam.com.mx\/index.php\/wp-json\/wp\/v2\/product\/12440","targetHints":{"allow":["GET"]}}],"collection":[{"href":"https:\/\/eltiosam.com.mx\/index.php\/wp-json\/wp\/v2\/product"}],"about":[{"href":"https:\/\/eltiosam.com.mx\/index.php\/wp-json\/wp\/v2\/types\/product"}],"wp:featuredmedia":[{"embeddable":true,"href":"https:\/\/eltiosam.com.mx\/index.php\/wp-json\/wp\/v2\/media\/12443"}],"wp:attachment":[{"href":"https:\/\/eltiosam.com.mx\/index.php\/wp-json\/wp\/v2\/media?parent=12440"}],"wp:term":[{"taxonomy":"product_brand","embeddable":true,"href":"https:\/\/eltiosam.com.mx\/index.php\/wp-json\/wp\/v2\/product_brand?post=12440"},{"taxonomy":"product_cat","embeddable":true,"href":"https:\/\/eltiosam.com.mx\/index.php\/wp-json\/wp\/v2\/product_cat?post=12440"},{"taxonomy":"product_tag","embeddable":true,"href":"https:\/\/eltiosam.com.mx\/index.php\/wp-json\/wp\/v2\/product_tag?post=12440"}],"curies":[{"name":"wp","href":"https:\/\/api.w.org\/{rel}","templated":true}]}}