{"id":12436,"date":"2025-09-25T19:22:14","date_gmt":"2025-09-25T19:22:14","guid":{"rendered":"https:\/\/eltiosam.com.mx\/?post_type=product&#038;p=12436"},"modified":"2025-09-25T19:22:14","modified_gmt":"2025-09-25T19:22:14","slug":"microondas-1-6p3whirlpoolwmcs7022rz","status":"publish","type":"product","link":"https:\/\/eltiosam.com.mx\/index.php\/product\/microondas-1-6p3whirlpoolwmcs7022rz\/","title":{"rendered":"MICROONDAS 1.6P3\tWHIRLPOOL\tWMCS7022RZ"},"content":{"rendered":"<p>Microondas de cocci\u00f3n con sensor y 1200 vatios tiene caracter\u00edsticas convenientes, como un plato giratorio apto para lavavajillas que facilita a\u00fan m\u00e1s la limpieza y 6 funciones autom\u00e1ticas para que puedas recalentar, cocinar y descongelar platillos con solo tocar un bot\u00f3n. Cuenta con espacio de 1.6 pies c\u00fabicos de capacidad y 7 botones Express. Adem\u00e1s, este microondas utiliza Sensor Cooking, que elimina las conjeturas y proporciona la cantidad justa de calor y tiempo.<\/p>\n","protected":false},"excerpt":{"rendered":"<p>Microondas de cocci\u00f3n con sensor y 1200 vatios tiene caracter\u00edsticas convenientes, como un plato giratorio apto para lavavajillas que facilita a\u00fan m\u00e1s la limpieza y 6 funciones autom\u00e1ticas para que puedas recalentar, cocinar y descongelar platillos con solo tocar un bot\u00f3n. Cuenta con espacio de 1.6 pies c\u00fabicos de capacidad y 7 botones Express. Adem\u00e1s, este microondas utiliza Sensor Cooking, que elimina las conjeturas y proporciona la cantidad justa de calor y tiempo.<\/p>\n","protected":false},"featured_media":12439,"template":"","meta":{"_joinchat":[]},"product_brand":[],"product_cat":[184],"product_tag":[204],"class_list":{"0":"post-12436","1":"product","2":"type-product","3":"status-publish","4":"has-post-thumbnail","6":"product_cat-microondas","7":"product_tag-whirlpool","9":"first","10":"instock","11":"shipping-taxable","12":"product-type-simple"},"_links":{"self":[{"href":"https:\/\/eltiosam.com.mx\/index.php\/wp-json\/wp\/v2\/product\/12436","targetHints":{"allow":["GET"]}}],"collection":[{"href":"https:\/\/eltiosam.com.mx\/index.php\/wp-json\/wp\/v2\/product"}],"about":[{"href":"https:\/\/eltiosam.com.mx\/index.php\/wp-json\/wp\/v2\/types\/product"}],"wp:featuredmedia":[{"embeddable":true,"href":"https:\/\/eltiosam.com.mx\/index.php\/wp-json\/wp\/v2\/media\/12439"}],"wp:attachment":[{"href":"https:\/\/eltiosam.com.mx\/index.php\/wp-json\/wp\/v2\/media?parent=12436"}],"wp:term":[{"taxonomy":"product_brand","embeddable":true,"href":"https:\/\/eltiosam.com.mx\/index.php\/wp-json\/wp\/v2\/product_brand?post=12436"},{"taxonomy":"product_cat","embeddable":true,"href":"https:\/\/eltiosam.com.mx\/index.php\/wp-json\/wp\/v2\/product_cat?post=12436"},{"taxonomy":"product_tag","embeddable":true,"href":"https:\/\/eltiosam.com.mx\/index.php\/wp-json\/wp\/v2\/product_tag?post=12436"}],"curies":[{"name":"wp","href":"https:\/\/api.w.org\/{rel}","templated":true}]}}