{"id":12432,"date":"2025-09-25T19:19:40","date_gmt":"2025-09-25T19:19:40","guid":{"rendered":"https:\/\/eltiosam.com.mx\/?post_type=product&#038;p=12432"},"modified":"2025-09-25T19:19:40","modified_gmt":"2025-09-25T19:19:40","slug":"microondas-1-1p3whirlpoolwm2811d","status":"publish","type":"product","link":"https:\/\/eltiosam.com.mx\/index.php\/product\/microondas-1-1p3whirlpoolwm2811d\/","title":{"rendered":"MICROONDAS 1.1P3\tWHIRLPOOL\tWM2811D"},"content":{"rendered":"<p>Horno de microondas 1.1 pies c\u00fabicos \/ 30 L Gris<\/p>\n<p>El horno de microondas (WM2811D) con acabado espejo ofrece 25 funciones preprogramadas y opciones especializadas como mantener caliente y una limpieza autom\u00e1tica. Su dise\u00f1o incluye control electr\u00f3nico touch, 7 niveles de potencia y la opci\u00f3n de cocci\u00f3n autom\u00e1tica. Adem\u00e1s, cuenta con Funci\u00f3n Grill de 1050 W, ideal para gratinar y dorar alimentos.<\/p>\n<p>Las principales caracter\u00edsticas del microondas Whirlpool:<br \/>\n-Funci\u00f3n Grill: Perfecta para dorar o gratinar distintos platillos.<br \/>\n-Opciones para descongelar: Carne, Pollo y Vegetales.<br \/>\n-Funci\u00f3n Mantener Caliente: Conserva la temperatura de los alimentos hasta el momento de servir.<br \/>\n-Descongelado manual: Ajusta el tiempo y potencia seg\u00fan tus necesidades.<br \/>\n-Plato giratorio de vidrio: El microondas asegura una cocci\u00f3n uniforme en todos tus platillos.<br \/>\n-Bot\u00f3n r\u00e1pido +30 segundos: Agrega tiempo con solo un toque.<\/p>\n","protected":false},"excerpt":{"rendered":"<p>Horno de microondas 1.1 pies c\u00fabicos \/ 30 L Gris<\/p>\n<p>El horno de microondas (WM2811D) con acabado espejo ofrece 25 funciones preprogramadas y opciones especializadas como mantener caliente y una limpieza autom\u00e1tica. Su dise\u00f1o incluye control electr\u00f3nico touch, 7 niveles de potencia y la opci\u00f3n de cocci\u00f3n autom\u00e1tica. Adem\u00e1s, cuenta con Funci\u00f3n Grill de 1050 W, ideal para gratinar y dorar alimentos.<\/p>\n","protected":false},"featured_media":12435,"template":"","meta":{"_joinchat":[]},"product_brand":[],"product_cat":[184],"product_tag":[204],"class_list":{"0":"post-12432","1":"product","2":"type-product","3":"status-publish","4":"has-post-thumbnail","6":"product_cat-microondas","7":"product_tag-whirlpool","9":"first","10":"instock","11":"shipping-taxable","12":"product-type-simple"},"_links":{"self":[{"href":"https:\/\/eltiosam.com.mx\/index.php\/wp-json\/wp\/v2\/product\/12432","targetHints":{"allow":["GET"]}}],"collection":[{"href":"https:\/\/eltiosam.com.mx\/index.php\/wp-json\/wp\/v2\/product"}],"about":[{"href":"https:\/\/eltiosam.com.mx\/index.php\/wp-json\/wp\/v2\/types\/product"}],"wp:featuredmedia":[{"embeddable":true,"href":"https:\/\/eltiosam.com.mx\/index.php\/wp-json\/wp\/v2\/media\/12435"}],"wp:attachment":[{"href":"https:\/\/eltiosam.com.mx\/index.php\/wp-json\/wp\/v2\/media?parent=12432"}],"wp:term":[{"taxonomy":"product_brand","embeddable":true,"href":"https:\/\/eltiosam.com.mx\/index.php\/wp-json\/wp\/v2\/product_brand?post=12432"},{"taxonomy":"product_cat","embeddable":true,"href":"https:\/\/eltiosam.com.mx\/index.php\/wp-json\/wp\/v2\/product_cat?post=12432"},{"taxonomy":"product_tag","embeddable":true,"href":"https:\/\/eltiosam.com.mx\/index.php\/wp-json\/wp\/v2\/product_tag?post=12432"}],"curies":[{"name":"wp","href":"https:\/\/api.w.org\/{rel}","templated":true}]}}