{"id":12428,"date":"2025-09-25T19:18:14","date_gmt":"2025-09-25T19:18:14","guid":{"rendered":"https:\/\/eltiosam.com.mx\/?post_type=product&#038;p=12428"},"modified":"2025-09-25T19:18:15","modified_gmt":"2025-09-25T19:18:15","slug":"parrilla-de-induccion-8-zonas-77cmwhirlpoolwpiwixp0jbl","status":"publish","type":"product","link":"https:\/\/eltiosam.com.mx\/index.php\/product\/parrilla-de-induccion-8-zonas-77cmwhirlpoolwpiwixp0jbl\/","title":{"rendered":"PARRILLA DE INDUCCI\u00d3N 8 ZONAS 77CM\tWHIRLPOOL\tWPIWIXP0JBL"},"content":{"rendered":"<p>Cuenta con 8 elementos de inducci\u00f3n y sistema Cook Anywhere que permite cocinar en cualquier lugar de la parrilla con utensilios de diferentes tama\u00f1os. Con Chef Control que permite cocinar sin tener que ajustar la temperatura a trav\u00e9s de la placa y Assistant Cook con diferentes opciones de cocci\u00f3n. Intuitive Sense para tener los mejores resultados, controles fontrales, y acabado iXelium que brinda un brillo perfecto y f\u00e1cil limpieza.<\/p>\n","protected":false},"excerpt":{"rendered":"<p>Cuenta con 8 elementos de inducci\u00f3n y sistema Cook Anywhere que permite cocinar en cualquier lugar de la parrilla con utensilios de diferentes tama\u00f1os. Con Chef Control que permite cocinar sin tener que ajustar la temperatura a trav\u00e9s de la placa y Assistant Cook con diferentes opciones de cocci\u00f3n. Intuitive Sense para tener los mejores resultados, controles fontrales, y acabado iXelium que brinda un brillo perfecto y f\u00e1cil limpieza.<\/p>\n","protected":false},"featured_media":12431,"template":"","meta":{"_joinchat":[]},"product_brand":[],"product_cat":[189],"product_tag":[204],"class_list":{"0":"post-12428","1":"product","2":"type-product","3":"status-publish","4":"has-post-thumbnail","6":"product_cat-parrillas","7":"product_tag-whirlpool","9":"first","10":"instock","11":"shipping-taxable","12":"product-type-simple"},"_links":{"self":[{"href":"https:\/\/eltiosam.com.mx\/index.php\/wp-json\/wp\/v2\/product\/12428","targetHints":{"allow":["GET"]}}],"collection":[{"href":"https:\/\/eltiosam.com.mx\/index.php\/wp-json\/wp\/v2\/product"}],"about":[{"href":"https:\/\/eltiosam.com.mx\/index.php\/wp-json\/wp\/v2\/types\/product"}],"wp:featuredmedia":[{"embeddable":true,"href":"https:\/\/eltiosam.com.mx\/index.php\/wp-json\/wp\/v2\/media\/12431"}],"wp:attachment":[{"href":"https:\/\/eltiosam.com.mx\/index.php\/wp-json\/wp\/v2\/media?parent=12428"}],"wp:term":[{"taxonomy":"product_brand","embeddable":true,"href":"https:\/\/eltiosam.com.mx\/index.php\/wp-json\/wp\/v2\/product_brand?post=12428"},{"taxonomy":"product_cat","embeddable":true,"href":"https:\/\/eltiosam.com.mx\/index.php\/wp-json\/wp\/v2\/product_cat?post=12428"},{"taxonomy":"product_tag","embeddable":true,"href":"https:\/\/eltiosam.com.mx\/index.php\/wp-json\/wp\/v2\/product_tag?post=12428"}],"curies":[{"name":"wp","href":"https:\/\/api.w.org\/{rel}","templated":true}]}}