{"id":12412,"date":"2025-09-25T19:11:22","date_gmt":"2025-09-25T19:11:22","guid":{"rendered":"https:\/\/eltiosam.com.mx\/?post_type=product&#038;p=12412"},"modified":"2025-09-25T19:11:23","modified_gmt":"2025-09-25T19:11:23","slug":"estufa-electrica-de-pisowhirlpoolwee745holz","status":"publish","type":"product","link":"https:\/\/eltiosam.com.mx\/index.php\/product\/estufa-electrica-de-pisowhirlpoolwee745holz\/","title":{"rendered":"ESTUFA EL\u00c9CTRICA DE PISO\tWHIRLPOOL\tWEE745HOLZ"},"content":{"rendered":"<p><span class=\"Y2IQFc\" lang=\"es\">Cocine como quiera con un horno Air Fry el\u00e9ctrico 7 en 1. Puede fre\u00edr al aire sus comidas favoritas como alitas de pollo, nuggets y papas fritas directamente en su horno con la canasta de freidora incluida que es apta para lavavajillas. Caracter\u00edsticas como la cocci\u00f3n por convecci\u00f3n real y el elemento radiante triple FlexHeat\u2122 le brindan la flexibilidad para cocinar una variedad de platos.<\/span><\/p>\n<p><span class=\"Y2IQFc\" lang=\"es\">Caracter\u00edsticas:<\/span><\/p>\n<p><span class=\"Y2IQFc\" lang=\"es\">\u2022 Horno 7 en 1<\/span><\/p>\n<p><span class=\"Y2IQFc\" lang=\"es\">\u2022Modo de fre\u00edr al aire<\/span><\/p>\n<p><span class=\"Y2IQFc\" lang=\"es\">\u2022 Cesta para fre\u00edr al aire libre apta para lavavajillas<\/span><\/p>\n<p><span class=\"Y2IQFc\" lang=\"es\">\u2022Convecci\u00f3n verdadera con tercer elemento calefactor<\/span><\/p>\n<p><span class=\"Y2IQFc\" lang=\"es\">\u2022Elemento radiante triple FlexHeat\u2122<\/span><\/p>\n<ul>\n<li><span class=\"Y2IQFc\" lang=\"es\">Altura:\u00a036,0\u2033\u00a0pulgadas<\/span><\/li>\n<li><span class=\"Y2IQFc\" lang=\"es\">Ancho:\u00a029-7\/8\u2033\u00a0pulgadas<\/span><\/li>\n<li><span class=\"Y2IQFc\" lang=\"es\">Profundidad:\u00a028-1\/2\u2033\u00a0pulgadas<\/span><span class=\"Y2IQFc\" lang=\"es\">Cocine como quiera con un horno Air Fry el\u00e9ctrico 7 en 1. Puede fre\u00edr al aire sus comidas favoritas como alitas de pollo, nuggets y papas fritas directamente en su horno con la canasta de freidora incluida que es apta para lavavajillas. Caracter\u00edsticas como la cocci\u00f3n por convecci\u00f3n real y el elemento radiante triple FlexHeat\u2122 le brindan la flexibilidad para cocinar una variedad de platos.<\/span>\n<p><span class=\"Y2IQFc\" lang=\"es\">Caracter\u00edsticas:<\/span><\/p>\n<p><span class=\"Y2IQFc\" lang=\"es\">\u2022 Horno 7 en 1<\/span><\/p>\n<p><span class=\"Y2IQFc\" lang=\"es\">\u2022Modo de fre\u00edr al aire<\/span><\/p>\n<p><span class=\"Y2IQFc\" lang=\"es\">\u2022 Cesta para fre\u00edr al aire libre apta para lavavajillas<\/span><\/p>\n<p><span class=\"Y2IQFc\" lang=\"es\">\u2022Convecci\u00f3n verdadera con tercer elemento calefactor<\/span><\/p>\n<p><span class=\"Y2IQFc\" lang=\"es\">\u2022Elemento radiante triple FlexHeat\u2122<\/span><\/p>\n<ul>\n<li><span class=\"Y2IQFc\" lang=\"es\">Altura:\u00a036,0\u2033\u00a0pulgadas<\/span><\/li>\n<li><span class=\"Y2IQFc\" lang=\"es\">Ancho:\u00a029-7\/8\u2033\u00a0pulgadas<\/span><\/li>\n<li><span class=\"Y2IQFc\" lang=\"es\">Profundidad:\u00a028-1\/2\u2033\u00a0pulgadas<\/span><\/li>\n<\/ul>\n<\/li>\n<\/ul>\n","protected":false},"excerpt":{"rendered":"<p><span class=\"Y2IQFc\" lang=\"es\">Cocine como quiera con un horno Air Fry el\u00e9ctrico 7 en 1. Puede fre\u00edr al aire sus comidas favoritas como alitas de pollo, nuggets y papas fritas directamente en su horno con la canasta de freidora incluida que es apta para lavavajillas. Caracter\u00edsticas como la cocci\u00f3n por convecci\u00f3n real y el elemento radiante triple FlexHeat\u2122 le brindan la flexibilidad para cocinar una variedad de platos.<\/span><\/p>\n","protected":false},"featured_media":12415,"template":"","meta":{"_joinchat":[]},"product_brand":[],"product_cat":[62],"product_tag":[204],"class_list":{"0":"post-12412","1":"product","2":"type-product","3":"status-publish","4":"has-post-thumbnail","6":"product_cat-estufas","7":"product_tag-whirlpool","9":"first","10":"instock","11":"shipping-taxable","12":"product-type-simple"},"_links":{"self":[{"href":"https:\/\/eltiosam.com.mx\/index.php\/wp-json\/wp\/v2\/product\/12412","targetHints":{"allow":["GET"]}}],"collection":[{"href":"https:\/\/eltiosam.com.mx\/index.php\/wp-json\/wp\/v2\/product"}],"about":[{"href":"https:\/\/eltiosam.com.mx\/index.php\/wp-json\/wp\/v2\/types\/product"}],"wp:featuredmedia":[{"embeddable":true,"href":"https:\/\/eltiosam.com.mx\/index.php\/wp-json\/wp\/v2\/media\/12415"}],"wp:attachment":[{"href":"https:\/\/eltiosam.com.mx\/index.php\/wp-json\/wp\/v2\/media?parent=12412"}],"wp:term":[{"taxonomy":"product_brand","embeddable":true,"href":"https:\/\/eltiosam.com.mx\/index.php\/wp-json\/wp\/v2\/product_brand?post=12412"},{"taxonomy":"product_cat","embeddable":true,"href":"https:\/\/eltiosam.com.mx\/index.php\/wp-json\/wp\/v2\/product_cat?post=12412"},{"taxonomy":"product_tag","embeddable":true,"href":"https:\/\/eltiosam.com.mx\/index.php\/wp-json\/wp\/v2\/product_tag?post=12412"}],"curies":[{"name":"wp","href":"https:\/\/api.w.org\/{rel}","templated":true}]}}