{"id":12407,"date":"2025-09-25T19:10:03","date_gmt":"2025-09-25T19:10:03","guid":{"rendered":"https:\/\/eltiosam.com.mx\/?post_type=product&#038;p=12407"},"modified":"2025-09-25T19:10:03","modified_gmt":"2025-09-25T19:10:03","slug":"estufa-electrica-de-piso-30whirlpoolwfes3530rs","status":"publish","type":"product","link":"https:\/\/eltiosam.com.mx\/index.php\/product\/estufa-electrica-de-piso-30whirlpoolwfes3530rs\/","title":{"rendered":"ESTUFA EL\u00c9CTRICA DE PISO 30&#8243;\tWHIRLPOOL\tWFES3530RS"},"content":{"rendered":"<p>Aprovecha al m\u00e1ximo tu tiempo en la cocina con la estufa el\u00e9ctrica Whirlpool de 30 pulgadas, un horno autolimpiante con elementos el\u00e9ctricos duales y modo sin precalentamiento. Este horno convencional de 5.3 pies c\u00fabicos con funci\u00f3n de asado te ayuda a a\u00f1adir un toque tostado o un toque derretido de magia a los cl\u00e1sicos familiares, y cuenta con un sensor de temperatura incorporado para ayudar a que el horno hornee de manera uniforme. Adem\u00e1s, hierve un 40 % m\u00e1s r\u00e1pido* con dos elementos radiantes duales FlexHeat\u2122. *Al comparar el elemento de 9&#8243; con el elemento de 6&#8243; en la misma unidad.<\/p>\n","protected":false},"excerpt":{"rendered":"<p>Aprovecha al m\u00e1ximo tu tiempo en la cocina con la estufa el\u00e9ctrica Whirlpool de 30 pulgadas, un horno autolimpiante con elementos el\u00e9ctricos duales y modo sin precalentamiento. Este horno convencional de 5.3 pies c\u00fabicos con funci\u00f3n de asado te ayuda a a\u00f1adir un toque tostado o un toque derretido de magia a los cl\u00e1sicos familiares, y cuenta con un sensor de temperatura incorporado para ayudar a que el horno hornee de manera uniforme. Adem\u00e1s, hierve un 40 % m\u00e1s r\u00e1pido* con dos elementos radiantes duales FlexHeat\u2122. *Al comparar el elemento de 9&#8243; con el elemento de 6&#8243; en la misma unidad.<\/p>\n","protected":false},"featured_media":12411,"template":"","meta":{"_joinchat":[]},"product_brand":[],"product_cat":[62],"product_tag":[204],"class_list":{"0":"post-12407","1":"product","2":"type-product","3":"status-publish","4":"has-post-thumbnail","6":"product_cat-estufas","7":"product_tag-whirlpool","9":"first","10":"instock","11":"shipping-taxable","12":"product-type-simple"},"_links":{"self":[{"href":"https:\/\/eltiosam.com.mx\/index.php\/wp-json\/wp\/v2\/product\/12407","targetHints":{"allow":["GET"]}}],"collection":[{"href":"https:\/\/eltiosam.com.mx\/index.php\/wp-json\/wp\/v2\/product"}],"about":[{"href":"https:\/\/eltiosam.com.mx\/index.php\/wp-json\/wp\/v2\/types\/product"}],"wp:featuredmedia":[{"embeddable":true,"href":"https:\/\/eltiosam.com.mx\/index.php\/wp-json\/wp\/v2\/media\/12411"}],"wp:attachment":[{"href":"https:\/\/eltiosam.com.mx\/index.php\/wp-json\/wp\/v2\/media?parent=12407"}],"wp:term":[{"taxonomy":"product_brand","embeddable":true,"href":"https:\/\/eltiosam.com.mx\/index.php\/wp-json\/wp\/v2\/product_brand?post=12407"},{"taxonomy":"product_cat","embeddable":true,"href":"https:\/\/eltiosam.com.mx\/index.php\/wp-json\/wp\/v2\/product_cat?post=12407"},{"taxonomy":"product_tag","embeddable":true,"href":"https:\/\/eltiosam.com.mx\/index.php\/wp-json\/wp\/v2\/product_tag?post=12407"}],"curies":[{"name":"wp","href":"https:\/\/api.w.org\/{rel}","templated":true}]}}