{"id":12388,"date":"2025-09-25T18:59:20","date_gmt":"2025-09-25T18:59:20","guid":{"rendered":"https:\/\/eltiosam.com.mx\/?post_type=product&#038;p=12388"},"modified":"2025-09-25T18:59:21","modified_gmt":"2025-09-25T18:59:21","slug":"lavavajillas-15-servicioswhirlpoolwdf730sfgd","status":"publish","type":"product","link":"https:\/\/eltiosam.com.mx\/index.php\/product\/lavavajillas-15-servicioswhirlpoolwdf730sfgd\/","title":{"rendered":"LAVAVAJILLAS 15 SERVICIOS\tWHIRLPOOL\tWDF730SFGD"},"content":{"rendered":"<p>Su acabado de acero inoxidable y libertad de empotre brinda la flexibilidad de decidir su acomodo de acuerdo a tu estilo y espacio. Cuenta con 15 servicios, panel digital con 5 ciclos de lavado y 3 opciones de ajustes y tercer rack flexible.<\/p>\n<p>Libre de empotre &#8211; Flexibilidad de decidir con o sin empotre de acuerdo a tu espacio.<\/p>\n<p>Smart sensor &#8211;\u00a0Sistema inteligente que detecta el tama\u00f1o y nivel de suciedad de la carga, adaptando la configuraci\u00f3n del ciclo de lavado autom\u00e1ticamente.<\/p>\n<p>Ciclo de sanitizaci\u00f3n &#8211;\u00a0Remueve el 99.999% de bacterias.<\/p>\n<p>Acquaspray &#8211;\u00a0Acumula los platos sucios a lo largo del d\u00eda sin dejar malos olores gracias a los chorros de agua mientras terminas de llenar el lavavajillas.<\/p>\n<p>Tercer rack ajustable &#8211;\u00a0Flexibilidad de acomodo para lavar m\u00e1s en menos cargas.<\/p>\n<p>&nbsp;<\/p>\n<p>Caracter\u00edsticas:<\/p>\n<ul>\n<li>Color: Gris<\/li>\n<li>Estilo de la puerta: Plano<\/li>\n<li>Material: Acero Inoxidable<\/li>\n<li>Freno de Puerta: No<\/li>\n<li>Tipo de Jaladera: Pocket Handle<\/li>\n<li>Ventajas:\u00a0Funci\u00f3n aquaspray, funci\u00f3n smart sensor, Xpert clean<\/li>\n<li>tipo de controles:\u00a0Controles Touch<\/li>\n<li>Ubicaci\u00f3n de controles:\u00a0Panel Frontal<\/li>\n<li>No incluye kit de instalaci\u00f3n<\/li>\n<\/ul>\n","protected":false},"excerpt":{"rendered":"<p>Su acabado de acero inoxidable y libertad de empotre brinda la flexibilidad de decidir su acomodo de acuerdo a tu estilo y espacio. Cuenta con 15 servicios, panel digital con 5 ciclos de lavado y 3 opciones de ajustes y tercer rack flexible.<\/p>\n","protected":false},"featured_media":12391,"template":"","meta":{"_joinchat":[]},"product_brand":[],"product_cat":[43],"product_tag":[204],"class_list":{"0":"post-12388","1":"product","2":"type-product","3":"status-publish","4":"has-post-thumbnail","6":"product_cat-lavavajillas","7":"product_tag-whirlpool","9":"first","10":"instock","11":"shipping-taxable","12":"product-type-simple"},"_links":{"self":[{"href":"https:\/\/eltiosam.com.mx\/index.php\/wp-json\/wp\/v2\/product\/12388","targetHints":{"allow":["GET"]}}],"collection":[{"href":"https:\/\/eltiosam.com.mx\/index.php\/wp-json\/wp\/v2\/product"}],"about":[{"href":"https:\/\/eltiosam.com.mx\/index.php\/wp-json\/wp\/v2\/types\/product"}],"wp:featuredmedia":[{"embeddable":true,"href":"https:\/\/eltiosam.com.mx\/index.php\/wp-json\/wp\/v2\/media\/12391"}],"wp:attachment":[{"href":"https:\/\/eltiosam.com.mx\/index.php\/wp-json\/wp\/v2\/media?parent=12388"}],"wp:term":[{"taxonomy":"product_brand","embeddable":true,"href":"https:\/\/eltiosam.com.mx\/index.php\/wp-json\/wp\/v2\/product_brand?post=12388"},{"taxonomy":"product_cat","embeddable":true,"href":"https:\/\/eltiosam.com.mx\/index.php\/wp-json\/wp\/v2\/product_cat?post=12388"},{"taxonomy":"product_tag","embeddable":true,"href":"https:\/\/eltiosam.com.mx\/index.php\/wp-json\/wp\/v2\/product_tag?post=12388"}],"curies":[{"name":"wp","href":"https:\/\/api.w.org\/{rel}","templated":true}]}}