{"id":12384,"date":"2025-09-25T18:56:37","date_gmt":"2025-09-25T18:56:37","guid":{"rendered":"https:\/\/eltiosam.com.mx\/?post_type=product&#038;p=12384"},"modified":"2025-09-25T18:56:37","modified_gmt":"2025-09-25T18:56:37","slug":"lavavajillas-12-servicioswhirlpoolwdt540hamz","status":"publish","type":"product","link":"https:\/\/eltiosam.com.mx\/index.php\/product\/lavavajillas-12-servicioswhirlpoolwdt540hamz\/","title":{"rendered":"LAVAVAJILLAS 12 SERVICIOS\tWHIRLPOOL\tWDT540HAMZ"},"content":{"rendered":"<p>Lavavajillas de 12 servicios que cuenta con 2 rejillas, estantes desplegables para tazas o tazones peque\u00f1os, canasta de cubiertos ubicada en la rejilla inferior, e interior de pl\u00e1stico oscuro. Controles ocultos electr\u00f3nicos integrados que le dan un look elegante al lavavjillas, con funciones y ciclos especializados para una mayor limpieza de la vajilla y utensilios. Con la opci\u00f3n Sani Rinse eliminas hasta el 99.9% de las bacterias m\u00e1s comunes.<\/p>\n<p><strong>Caracter\u00edsticas principales:<\/strong><\/p>\n<ul>\n<li>Estantes para tazas<\/li>\n<li>Ciclo de remojo extendido &#8211;\u00a0Ayuda a que los residuos de alimentos m\u00e1s pegados en los platos y utensilios se disuelvan y remuevan m\u00e1s f\u00e1cil.<\/li>\n<li>Ciclo pesado &#8211;\u00a0A\u00f1ade tiempo extra para una limpieza m\u00e1s profunda de los platos extra sucios dif\u00edciles de limpiar<\/li>\n<li>Ciclo Boost &#8211;\u00a0Omite el enjuague previo; utiliza m\u00e1s agua, tiempo y calor que el ciclo normal, y menos tiempo que el ciclo pesado para remover residuos dif\u00edciles.<\/li>\n<li>Ciclo normal &#8211;\u00a0Utiliza el ciclo normal de tu lavavajillas para mantener tus platos siempre limpios.<\/li>\n<li>Ciclo r\u00e1pido &#8211;\u00a0Lava los platos y utensilios que necesitas r\u00e1pidamente y en menos tiempo<\/li>\n<li>Opci\u00f3n Sani Rinse\u00ae &#8211;\u00a0Sanitiza tus platos y utensilios eliminando hasta el 99,99% de las bacterias brindado el mejor cuidado a quienes m\u00e1s importan.<\/li>\n<li>Color gris, puerta con freno y jaladera tipo toallero<\/li>\n<li>2 rack ajustable<\/li>\n<\/ul>\n<ul>\n<li>Controles touch escondidos en la parte superior<\/li>\n<li>Control autom\u00e1tico de temperatura<\/li>\n<\/ul>\n","protected":false},"excerpt":{"rendered":"<p>Lavavajillas de 12 servicios que cuenta con 2 rejillas, estantes desplegables para tazas o tazones peque\u00f1os, canasta de cubiertos ubicada en la rejilla inferior, e interior de pl\u00e1stico oscuro. Controles ocultos electr\u00f3nicos integrados que le dan un look elegante al lavavjillas, con funciones y ciclos especializados para una mayor limpieza de la vajilla y utensilios. Con la opci\u00f3n Sani Rinse eliminas hasta el 99.9% de las bacterias m\u00e1s comunes.<\/p>\n","protected":false},"featured_media":12387,"template":"","meta":{"_joinchat":[]},"product_brand":[],"product_cat":[43],"product_tag":[204],"class_list":{"0":"post-12384","1":"product","2":"type-product","3":"status-publish","4":"has-post-thumbnail","6":"product_cat-lavavajillas","7":"product_tag-whirlpool","9":"first","10":"instock","11":"shipping-taxable","12":"product-type-simple"},"_links":{"self":[{"href":"https:\/\/eltiosam.com.mx\/index.php\/wp-json\/wp\/v2\/product\/12384","targetHints":{"allow":["GET"]}}],"collection":[{"href":"https:\/\/eltiosam.com.mx\/index.php\/wp-json\/wp\/v2\/product"}],"about":[{"href":"https:\/\/eltiosam.com.mx\/index.php\/wp-json\/wp\/v2\/types\/product"}],"wp:featuredmedia":[{"embeddable":true,"href":"https:\/\/eltiosam.com.mx\/index.php\/wp-json\/wp\/v2\/media\/12387"}],"wp:attachment":[{"href":"https:\/\/eltiosam.com.mx\/index.php\/wp-json\/wp\/v2\/media?parent=12384"}],"wp:term":[{"taxonomy":"product_brand","embeddable":true,"href":"https:\/\/eltiosam.com.mx\/index.php\/wp-json\/wp\/v2\/product_brand?post=12384"},{"taxonomy":"product_cat","embeddable":true,"href":"https:\/\/eltiosam.com.mx\/index.php\/wp-json\/wp\/v2\/product_cat?post=12384"},{"taxonomy":"product_tag","embeddable":true,"href":"https:\/\/eltiosam.com.mx\/index.php\/wp-json\/wp\/v2\/product_tag?post=12384"}],"curies":[{"name":"wp","href":"https:\/\/api.w.org\/{rel}","templated":true}]}}