{"id":12380,"date":"2025-09-25T18:53:18","date_gmt":"2025-09-25T18:53:18","guid":{"rendered":"https:\/\/eltiosam.com.mx\/?post_type=product&#038;p=12380"},"modified":"2025-12-22T17:31:26","modified_gmt":"2025-12-22T17:31:26","slug":"lavavajillas-15-servicioswhirlpoolwdf341papm","status":"publish","type":"product","link":"https:\/\/eltiosam.com.mx\/index.php\/product\/lavavajillas-15-servicioswhirlpoolwdf341papm\/","title":{"rendered":"LAVAVAJILLAS 12 SERVICIOS\tWHIRLPOOL\tWDF341PAPM"},"content":{"rendered":"<p>Lavavajillas silencioso con ciclo Boost Limpia los platos con un lavavajillas silencioso de 57 dBA. Un ciclo Boost proporciona un esfuerzo adicional para la suciedad rebelde, mientras que una opci\u00f3n de secado extendido eleva el rendimiento del secado. Este lavavajillas r\u00e1pido incluye un ciclo de lavado r\u00e1pido que limpia los platos r\u00e1pidamente y un sistema de lavado de triple filtraci\u00f3n que filtra las part\u00edculas de alimentos y limpia el agua entre las etapas de lavado.<\/p>\n","protected":false},"excerpt":{"rendered":"<p>Lavavajillas silencioso con ciclo Boost Limpia los platos con un lavavajillas silencioso de 57 dBA. Un ciclo Boost proporciona un esfuerzo adicional para la suciedad rebelde, mientras que una opci\u00f3n de secado extendido eleva el rendimiento del secado. Este lavavajillas r\u00e1pido incluye un ciclo de lavado r\u00e1pido que limpia los platos r\u00e1pidamente y un sistema de lavado de triple filtraci\u00f3n que filtra las part\u00edculas de alimentos y limpia el agua entre las etapas de lavado.<\/p>\n","protected":false},"featured_media":12383,"template":"","meta":{"_joinchat":[]},"product_brand":[],"product_cat":[43],"product_tag":[204],"class_list":{"0":"post-12380","1":"product","2":"type-product","3":"status-publish","4":"has-post-thumbnail","6":"product_cat-lavavajillas","7":"product_tag-whirlpool","9":"first","10":"instock","11":"shipping-taxable","12":"product-type-simple"},"_links":{"self":[{"href":"https:\/\/eltiosam.com.mx\/index.php\/wp-json\/wp\/v2\/product\/12380","targetHints":{"allow":["GET"]}}],"collection":[{"href":"https:\/\/eltiosam.com.mx\/index.php\/wp-json\/wp\/v2\/product"}],"about":[{"href":"https:\/\/eltiosam.com.mx\/index.php\/wp-json\/wp\/v2\/types\/product"}],"wp:featuredmedia":[{"embeddable":true,"href":"https:\/\/eltiosam.com.mx\/index.php\/wp-json\/wp\/v2\/media\/12383"}],"wp:attachment":[{"href":"https:\/\/eltiosam.com.mx\/index.php\/wp-json\/wp\/v2\/media?parent=12380"}],"wp:term":[{"taxonomy":"product_brand","embeddable":true,"href":"https:\/\/eltiosam.com.mx\/index.php\/wp-json\/wp\/v2\/product_brand?post=12380"},{"taxonomy":"product_cat","embeddable":true,"href":"https:\/\/eltiosam.com.mx\/index.php\/wp-json\/wp\/v2\/product_cat?post=12380"},{"taxonomy":"product_tag","embeddable":true,"href":"https:\/\/eltiosam.com.mx\/index.php\/wp-json\/wp\/v2\/product_tag?post=12380"}],"curies":[{"name":"wp","href":"https:\/\/api.w.org\/{rel}","templated":true}]}}