{"id":12366,"date":"2025-09-22T19:39:10","date_gmt":"2025-09-22T19:39:10","guid":{"rendered":"https:\/\/eltiosam.com.mx\/?post_type=product&#038;p=12366"},"modified":"2025-09-22T19:39:10","modified_gmt":"2025-09-22T19:39:10","slug":"refrigerador-french-door-wrff3436rzwhirlpoolwrff3436rz","status":"publish","type":"product","link":"https:\/\/eltiosam.com.mx\/index.php\/product\/refrigerador-french-door-wrff3436rzwhirlpoolwrff3436rz\/","title":{"rendered":"REFRIGERADOR FRENCH DOOR WRFF3436RZ\tWHIRLPOOL\tWRFF3436RZ"},"content":{"rendered":"<p>Sistema Xpert Energy Saver reduce el consumo energ\u00e9tico integrando 3 tecnolog\u00edas. Mayor preservaci\u00f3n con sus compartimentos especializados y caj\u00f3n refrigerado. Personaliza a tu manera con el control exterior electr\u00f3nico y espacios ajustables.<\/p>\n","protected":false},"excerpt":{"rendered":"<p>Sistema Xpert Energy Saver reduce el consumo energ\u00e9tico integrando 3 tecnolog\u00edas. Mayor preservaci\u00f3n con sus compartimentos especializados y caj\u00f3n refrigerado. Personaliza a tu manera con el control exterior electr\u00f3nico y espacios ajustables.<\/p>\n","protected":false},"featured_media":12368,"template":"","meta":{"_joinchat":[]},"product_brand":[],"product_cat":[41],"product_tag":[204],"class_list":{"0":"post-12366","1":"product","2":"type-product","3":"status-publish","4":"has-post-thumbnail","6":"product_cat-refrigeradores","7":"product_tag-whirlpool","9":"first","10":"instock","11":"shipping-taxable","12":"product-type-simple"},"_links":{"self":[{"href":"https:\/\/eltiosam.com.mx\/index.php\/wp-json\/wp\/v2\/product\/12366","targetHints":{"allow":["GET"]}}],"collection":[{"href":"https:\/\/eltiosam.com.mx\/index.php\/wp-json\/wp\/v2\/product"}],"about":[{"href":"https:\/\/eltiosam.com.mx\/index.php\/wp-json\/wp\/v2\/types\/product"}],"wp:featuredmedia":[{"embeddable":true,"href":"https:\/\/eltiosam.com.mx\/index.php\/wp-json\/wp\/v2\/media\/12368"}],"wp:attachment":[{"href":"https:\/\/eltiosam.com.mx\/index.php\/wp-json\/wp\/v2\/media?parent=12366"}],"wp:term":[{"taxonomy":"product_brand","embeddable":true,"href":"https:\/\/eltiosam.com.mx\/index.php\/wp-json\/wp\/v2\/product_brand?post=12366"},{"taxonomy":"product_cat","embeddable":true,"href":"https:\/\/eltiosam.com.mx\/index.php\/wp-json\/wp\/v2\/product_cat?post=12366"},{"taxonomy":"product_tag","embeddable":true,"href":"https:\/\/eltiosam.com.mx\/index.php\/wp-json\/wp\/v2\/product_tag?post=12366"}],"curies":[{"name":"wp","href":"https:\/\/api.w.org\/{rel}","templated":true}]}}