{"id":12357,"date":"2025-09-22T19:34:57","date_gmt":"2025-09-22T19:34:57","guid":{"rendered":"https:\/\/eltiosam.com.mx\/?post_type=product&#038;p=12357"},"modified":"2025-09-22T19:34:58","modified_gmt":"2025-09-22T19:34:58","slug":"refrigerador-9p3whirlpool-wt02409d","status":"publish","type":"product","link":"https:\/\/eltiosam.com.mx\/index.php\/product\/refrigerador-9p3whirlpool-wt02409d\/","title":{"rendered":"REFRIGERADOR 9P3\tWHIRLPOOL\t WT02409D"},"content":{"rendered":"<p>Con tecnolog\u00eda Xpert Inverter para una mejor eficiencia energ\u00e9tica, hasta 15% menos ruido y preservaci\u00f3n de frutas y verduras hasta por 15 d\u00edas en el caj\u00f3n &#8220;Cold Room&#8221;.<\/p>\n<p>Organiza mejor los alimentos con los compartimentos especiales Xpert Spaces y Xpert Flex, que se acomodan a tus necesidades.<\/p>\n<p>Con puertas reversibles y caj\u00f3n de frutas y verduras con control de humedad.<\/p>\n","protected":false},"excerpt":{"rendered":"<p>Con tecnolog\u00eda Xpert Inverter para una mejor eficiencia energ\u00e9tica, hasta 15% menos ruido y preservaci\u00f3n de frutas y verduras hasta por 15 d\u00edas en el caj\u00f3n &#8220;Cold Room&#8221;.<\/p>\n<p>Organiza mejor los alimentos con los compartimentos especiales Xpert Spaces y Xpert Flex, que se acomodan a tus necesidades.<\/p>\n<p>Con puertas reversibles y caj\u00f3n de frutas y verduras con control de humedad.<\/p>\n","protected":false},"featured_media":12360,"template":"","meta":{"_joinchat":[]},"product_brand":[],"product_cat":[194],"product_tag":[204],"class_list":{"0":"post-12357","1":"product","2":"type-product","3":"status-publish","4":"has-post-thumbnail","6":"product_cat-refrigerador-congelador-superior","7":"product_tag-whirlpool","9":"first","10":"instock","11":"shipping-taxable","12":"product-type-simple"},"_links":{"self":[{"href":"https:\/\/eltiosam.com.mx\/index.php\/wp-json\/wp\/v2\/product\/12357","targetHints":{"allow":["GET"]}}],"collection":[{"href":"https:\/\/eltiosam.com.mx\/index.php\/wp-json\/wp\/v2\/product"}],"about":[{"href":"https:\/\/eltiosam.com.mx\/index.php\/wp-json\/wp\/v2\/types\/product"}],"wp:featuredmedia":[{"embeddable":true,"href":"https:\/\/eltiosam.com.mx\/index.php\/wp-json\/wp\/v2\/media\/12360"}],"wp:attachment":[{"href":"https:\/\/eltiosam.com.mx\/index.php\/wp-json\/wp\/v2\/media?parent=12357"}],"wp:term":[{"taxonomy":"product_brand","embeddable":true,"href":"https:\/\/eltiosam.com.mx\/index.php\/wp-json\/wp\/v2\/product_brand?post=12357"},{"taxonomy":"product_cat","embeddable":true,"href":"https:\/\/eltiosam.com.mx\/index.php\/wp-json\/wp\/v2\/product_cat?post=12357"},{"taxonomy":"product_tag","embeddable":true,"href":"https:\/\/eltiosam.com.mx\/index.php\/wp-json\/wp\/v2\/product_tag?post=12357"}],"curies":[{"name":"wp","href":"https:\/\/api.w.org\/{rel}","templated":true}]}}