{"id":12338,"date":"2025-09-22T19:28:10","date_gmt":"2025-09-22T19:28:10","guid":{"rendered":"https:\/\/eltiosam.com.mx\/?post_type=product&#038;p=12338"},"modified":"2025-09-22T19:28:11","modified_gmt":"2025-09-22T19:28:11","slug":"parrilla-de-gas-5-quemadores-76cmsupra5q-pg-76","status":"publish","type":"product","link":"https:\/\/eltiosam.com.mx\/index.php\/product\/parrilla-de-gas-5-quemadores-76cmsupra5q-pg-76\/","title":{"rendered":"PARRILLA DE GAS 5 QUEMADORES 76CM\tSUPRA\t5Q-PG-76"},"content":{"rendered":"<p>Parrilla de gas 5 quemadores.<\/p>\n<p>Caracter\u00edsticas:<\/p>\n<ul>\n<li>\n<div class=\"pr7 items-stretch vtex-flex-layout-0-x-stretchChildrenWidth flex\">\n<div class=\"vtex-flex-layout-0-x-flexRow vtex-flex-layout-0-x-flexRow--stack\">\n<div class=\"flex mt0 mb0 pt0 pb0 justify-start vtex-flex-layout-0-x-flexRowContent vtex-flex-layout-0-x-flexRowContent--stack items-stretch w-100\">\n<div class=\"pr7 items-stretch vtex-flex-layout-0-x-stretchChildrenWidth flex\">\n<div class=\"vtex-flex-layout-0-x-flexCol ml0 mr0 pl0 pr0 flex flex-column h-100 w-100\">\n<div class=\"vtex-flex-layout-0-x-flexColChild pb0\">\n<div class=\"vtex-flex-layout-0-x-flexCol vtex-flex-layout-0-x-flexCol--bullets-product ml0 mr0 pl0 pr0 flex flex-column h-100 w-100\">\n<div class=\"vtex-flex-layout-0-x-flexColChild vtex-flex-layout-0-x-flexColChild--bullets-product pb0\">\n<div class=\"vtex-product-specification-badges-0-x-groupContainer vtex-product-specification-badges-0-x-groupContainer--benefits inline-flex flex-column ma2\">\n<div class=\"vtex-product-specification-badges-0-x-badgeContainer vtex-product-specification-badges-0-x-badgeContainer--benefits vtex-product-specification-badges-0-x-badgeContainer--customer-bennefits-1 vtex-product-specification-badges-0-x-badgeContainer--benefits--customer-bennefits-1 bg-base flex items-center justify-center&quot;\">\n<ul>\n<li>Parrilla de 5 quemado de cristal templado para 76cm<\/li>\n<li>Parrillas superiores de hierro fundido<\/li>\n<li>Estufa empotrable con quemadores en aleaci\u00f3n de aluminio con distintos tama\u00f1os y capacidades t\u00e9rmicas<\/li>\n<li>Encendido electr\u00f3nico en cada uno de sus quemadores<\/li>\n<li>Funciona con gas L.P. y con gas natural<\/li>\n<li>Elegante cubierta superior en cristal templado color negro de 7mm de espesor<\/li>\n<li>V\u00e1lvula de seguridad con dispositivo contra apertura accidental<\/li>\n<\/ul>\n<\/div>\n<\/div>\n<\/div>\n<\/div>\n<\/div>\n<\/div>\n<\/div>\n<\/div>\n<\/div>\n<\/div>\n<\/li>\n<\/ul>\n","protected":false},"excerpt":{"rendered":"<p>Parrilla de gas 5 quemadores.<\/p>\n<p>Caracter\u00edsticas:<\/p>\n<ul>\n<li>\n<div class=\"pr7 items-stretch vtex-flex-layout-0-x-stretchChildrenWidth flex\">\n<div class=\"vtex-flex-layout-0-x-flexRow vtex-flex-layout-0-x-flexRow--stack\">\n<div class=\"flex mt0 mb0 pt0 pb0 justify-start vtex-flex-layout-0-x-flexRowContent vtex-flex-layout-0-x-flexRowContent--stack items-stretch w-100\">\n<div class=\"pr7 items-stretch vtex-flex-layout-0-x-stretchChildrenWidth flex\">\n<div class=\"vtex-flex-layout-0-x-flexCol ml0 mr0 pl0 pr0 flex flex-column h-100 w-100\">\n<div class=\"vtex-flex-layout-0-x-flexColChild pb0\">\n<div class=\"vtex-flex-layout-0-x-flexCol vtex-flex-layout-0-x-flexCol--bullets-product ml0 mr0 pl0 pr0 flex flex-column h-100 w-100\">\n<div class=\"vtex-flex-layout-0-x-flexColChild vtex-flex-layout-0-x-flexColChild--bullets-product pb0\">\n<div class=\"vtex-product-specification-badges-0-x-groupContainer vtex-product-specification-badges-0-x-groupContainer--benefits inline-flex flex-column ma2\">\n<div class=\"vtex-product-specification-badges-0-x-badgeContainer vtex-product-specification-badges-0-x-badgeContainer--benefits vtex-product-specification-badges-0-x-badgeContainer--customer-bennefits-1 vtex-product-specification-badges-0-x-badgeContainer--benefits--customer-bennefits-1 bg-base flex items-center justify-center&quot;\">\n<ul>\n<li>Parrilla de 5 quemado de cristal templado para 76cm<\/li>\n<li>Parrillas superiores de hierro fundido<\/li>\n<li>Estufa empotrable con quemadores en aleaci\u00f3n de aluminio con distintos tama\u00f1os y capacidades t\u00e9rmicas<\/li>\n<li>Encendido electr\u00f3nico en cada uno de sus quemadores<\/li>\n<li>Funciona con gas L.P. y con gas natural<\/li>\n<li>Elegante cubierta superior en cristal templado color negro de 7mm de espesor<\/li>\n<li>V\u00e1lvula de seguridad con dispositivo contra apertura accidental<\/li>\n<\/ul>\n<\/div>\n<\/div>\n<\/div>\n<\/div>\n<\/div>\n<\/div>\n<\/div>\n<\/div>\n<\/div>\n<\/div>\n<\/li>\n<\/ul>\n","protected":false},"featured_media":12340,"template":"","meta":{"_joinchat":[]},"product_brand":[],"product_cat":[189],"product_tag":[236],"class_list":{"0":"post-12338","1":"product","2":"type-product","3":"status-publish","4":"has-post-thumbnail","6":"product_cat-parrillas","7":"product_tag-supra","9":"first","10":"instock","11":"shipping-taxable","12":"product-type-simple"},"_links":{"self":[{"href":"https:\/\/eltiosam.com.mx\/index.php\/wp-json\/wp\/v2\/product\/12338","targetHints":{"allow":["GET"]}}],"collection":[{"href":"https:\/\/eltiosam.com.mx\/index.php\/wp-json\/wp\/v2\/product"}],"about":[{"href":"https:\/\/eltiosam.com.mx\/index.php\/wp-json\/wp\/v2\/types\/product"}],"wp:featuredmedia":[{"embeddable":true,"href":"https:\/\/eltiosam.com.mx\/index.php\/wp-json\/wp\/v2\/media\/12340"}],"wp:attachment":[{"href":"https:\/\/eltiosam.com.mx\/index.php\/wp-json\/wp\/v2\/media?parent=12338"}],"wp:term":[{"taxonomy":"product_brand","embeddable":true,"href":"https:\/\/eltiosam.com.mx\/index.php\/wp-json\/wp\/v2\/product_brand?post=12338"},{"taxonomy":"product_cat","embeddable":true,"href":"https:\/\/eltiosam.com.mx\/index.php\/wp-json\/wp\/v2\/product_cat?post=12338"},{"taxonomy":"product_tag","embeddable":true,"href":"https:\/\/eltiosam.com.mx\/index.php\/wp-json\/wp\/v2\/product_tag?post=12338"}],"curies":[{"name":"wp","href":"https:\/\/api.w.org\/{rel}","templated":true}]}}