{"id":12332,"date":"2025-09-22T19:26:28","date_gmt":"2025-09-22T19:26:28","guid":{"rendered":"https:\/\/eltiosam.com.mx\/?post_type=product&#038;p=12332"},"modified":"2025-09-22T19:26:29","modified_gmt":"2025-09-22T19:26:29","slug":"centro-de-lavado-electrico-22kglgwk22vks6e","status":"publish","type":"product","link":"https:\/\/eltiosam.com.mx\/index.php\/product\/centro-de-lavado-electrico-22kglgwk22vks6e\/","title":{"rendered":"CENTRO DE LAVADO EL\u00c9CTRICO 22KG\tLG\tWK22VKS6E"},"content":{"rendered":"<p>El centro de lavado tipo torre LG WashTower\u2122 es la primera lavadora y secadora el\u00e9ctrica integrada que ofrece la soluci\u00f3n perfecta a lo que necesitas: dise\u00f1o exclusivo para optimizar espacio, funciones inteligentes y personalizaci\u00f3n con AI DD + conectividad y lavado perfecto con mayor cuidado.<\/p>\n<p>Tiene capacidad de 22 kilos de lavado y 22 kilos de secado (El\u00e9ctrico), cuenta con dise\u00f1o \u00fanico de UNA SOLA TORRE, con tecnolog\u00eda AI DD\u2122 (Motor LG Direct Drive\u2122 con Inteligencia Artificial) que no s\u00f3lo detecta el peso de la ropa, adem\u00e1s, detecta las caracter\u00edsticas de los tejidos, suavidad de las telas, para determinar de forma autom\u00e1tica el patr\u00f3n de lavado m\u00e1s \u00f3ptimo para las prendas.<\/p>\n<p>Cuenta con AI Dry\u2122, Smart Learner\u2122, Smart Pairing\u2122 para un lavado personalizado, tiene Motor Inverter Direct Drive\u2122 con 10 a\u00f1os de garant\u00eda y conectiviad WiFi con LG ThinQ para control y monitoreo por medio del celular.<\/p>\n<p>110V Lavadora<\/p>\n<p>220V secadora.<\/p>\n","protected":false},"excerpt":{"rendered":"<p>El centro de lavado tipo torre LG WashTower\u2122 es la primera lavadora y secadora el\u00e9ctrica integrada que ofrece la soluci\u00f3n perfecta a lo que necesitas: dise\u00f1o exclusivo para optimizar espacio, funciones inteligentes y personalizaci\u00f3n con AI DD + conectividad y lavado perfecto con mayor cuidado.<\/p>\n<p>&nbsp;<\/p>\n","protected":false},"featured_media":12336,"template":"","meta":{"_joinchat":[]},"product_brand":[],"product_cat":[166],"product_tag":[208],"class_list":{"0":"post-12332","1":"product","2":"type-product","3":"status-publish","4":"has-post-thumbnail","6":"product_cat-centros-de-lavado","7":"product_tag-lg","9":"first","10":"instock","11":"shipping-taxable","12":"product-type-simple"},"_links":{"self":[{"href":"https:\/\/eltiosam.com.mx\/index.php\/wp-json\/wp\/v2\/product\/12332","targetHints":{"allow":["GET"]}}],"collection":[{"href":"https:\/\/eltiosam.com.mx\/index.php\/wp-json\/wp\/v2\/product"}],"about":[{"href":"https:\/\/eltiosam.com.mx\/index.php\/wp-json\/wp\/v2\/types\/product"}],"wp:featuredmedia":[{"embeddable":true,"href":"https:\/\/eltiosam.com.mx\/index.php\/wp-json\/wp\/v2\/media\/12336"}],"wp:attachment":[{"href":"https:\/\/eltiosam.com.mx\/index.php\/wp-json\/wp\/v2\/media?parent=12332"}],"wp:term":[{"taxonomy":"product_brand","embeddable":true,"href":"https:\/\/eltiosam.com.mx\/index.php\/wp-json\/wp\/v2\/product_brand?post=12332"},{"taxonomy":"product_cat","embeddable":true,"href":"https:\/\/eltiosam.com.mx\/index.php\/wp-json\/wp\/v2\/product_cat?post=12332"},{"taxonomy":"product_tag","embeddable":true,"href":"https:\/\/eltiosam.com.mx\/index.php\/wp-json\/wp\/v2\/product_tag?post=12332"}],"curies":[{"name":"wp","href":"https:\/\/api.w.org\/{rel}","templated":true}]}}