{"id":12327,"date":"2025-09-22T19:22:26","date_gmt":"2025-09-22T19:22:26","guid":{"rendered":"https:\/\/eltiosam.com.mx\/?post_type=product&#038;p=12327"},"modified":"2025-09-22T19:22:27","modified_gmt":"2025-09-22T19:22:27","slug":"secadora-electrica-22kgmabesme47n8msbbt","status":"publish","type":"product","link":"https:\/\/eltiosam.com.mx\/index.php\/product\/secadora-electrica-22kgmabesme47n8msbbt\/","title":{"rendered":"SECADORA EL\u00c9CTRICA 22KG\tMABE\tSME47N8MSBBT"},"content":{"rendered":"<p>Nuevo dise\u00f1o con acabados met\u00e1licos. La m\u00e1s f\u00e1cil de usar por su dise\u00f1o, gracias a la renovaci\u00f3n en gr\u00e1ficos. Ciclo de sanitizado que cuida tu salud al eliminar el 99.9% de bacterias.* *Resultados basados en pruebas de laboratorio bajo el protocolo NSF P172 con textiles de 50-100% algod\u00f3n y puede variar por modelo y condiciones de uso.<\/p>\n","protected":false},"excerpt":{"rendered":"<p>Nuevo dise\u00f1o con acabados met\u00e1licos. La m\u00e1s f\u00e1cil de usar por su dise\u00f1o, gracias a la renovaci\u00f3n en gr\u00e1ficos. Ciclo de sanitizado que cuida tu salud al eliminar el 99.9% de bacterias.* *Resultados basados en pruebas de laboratorio bajo el protocolo NSF P172 con textiles de 50-100% algod\u00f3n y puede variar por modelo y condiciones de uso.<\/p>\n","protected":false},"featured_media":12331,"template":"","meta":{"_joinchat":[]},"product_brand":[],"product_cat":[15],"product_tag":[21],"class_list":{"0":"post-12327","1":"product","2":"type-product","3":"status-publish","4":"has-post-thumbnail","6":"product_cat-uncategorized","7":"product_tag-mabe","9":"first","10":"instock","11":"shipping-taxable","12":"product-type-simple"},"_links":{"self":[{"href":"https:\/\/eltiosam.com.mx\/index.php\/wp-json\/wp\/v2\/product\/12327","targetHints":{"allow":["GET"]}}],"collection":[{"href":"https:\/\/eltiosam.com.mx\/index.php\/wp-json\/wp\/v2\/product"}],"about":[{"href":"https:\/\/eltiosam.com.mx\/index.php\/wp-json\/wp\/v2\/types\/product"}],"wp:featuredmedia":[{"embeddable":true,"href":"https:\/\/eltiosam.com.mx\/index.php\/wp-json\/wp\/v2\/media\/12331"}],"wp:attachment":[{"href":"https:\/\/eltiosam.com.mx\/index.php\/wp-json\/wp\/v2\/media?parent=12327"}],"wp:term":[{"taxonomy":"product_brand","embeddable":true,"href":"https:\/\/eltiosam.com.mx\/index.php\/wp-json\/wp\/v2\/product_brand?post=12327"},{"taxonomy":"product_cat","embeddable":true,"href":"https:\/\/eltiosam.com.mx\/index.php\/wp-json\/wp\/v2\/product_cat?post=12327"},{"taxonomy":"product_tag","embeddable":true,"href":"https:\/\/eltiosam.com.mx\/index.php\/wp-json\/wp\/v2\/product_tag?post=12327"}],"curies":[{"name":"wp","href":"https:\/\/api.w.org\/{rel}","templated":true}]}}