{"id":12322,"date":"2025-09-22T19:21:00","date_gmt":"2025-09-22T19:21:00","guid":{"rendered":"https:\/\/eltiosam.com.mx\/?post_type=product&#038;p=12322"},"modified":"2025-09-22T19:21:00","modified_gmt":"2025-09-22T19:21:00","slug":"secadora-electrica-20kgmabesme26n5mnbbp","status":"publish","type":"product","link":"https:\/\/eltiosam.com.mx\/index.php\/product\/secadora-electrica-20kgmabesme26n5mnbbp\/","title":{"rendered":"SECADORA EL\u00c9CTRICA 20KG\tMABE\tSME26N5MNBBP"},"content":{"rendered":"<p>Tambor con recubrimiento alcostaque ayuda al \u00f3ptimo cuidado de la ropa, adem\u00e1s brinda un secado m\u00e1s eficiente. Gran capacidad para secar la ropa de toda la familia. Filtro atrapa pelusa dise\u00f1ado para retener la pelusa que la ropa desprende.<\/p>\n","protected":false},"excerpt":{"rendered":"<p>Tambor con recubrimiento alcostaque ayuda al \u00f3ptimo cuidado de la ropa, adem\u00e1s brinda un secado m\u00e1s eficiente. Gran capacidad para secar la ropa de toda la familia. Filtro atrapa pelusa dise\u00f1ado para retener la pelusa que la ropa desprende.<\/p>\n","protected":false},"featured_media":12326,"template":"","meta":{"_joinchat":[]},"product_brand":[],"product_cat":[198],"product_tag":[21],"class_list":{"0":"post-12322","1":"product","2":"type-product","3":"status-publish","4":"has-post-thumbnail","6":"product_cat-secadoras","7":"product_tag-mabe","9":"first","10":"instock","11":"shipping-taxable","12":"product-type-simple"},"_links":{"self":[{"href":"https:\/\/eltiosam.com.mx\/index.php\/wp-json\/wp\/v2\/product\/12322","targetHints":{"allow":["GET"]}}],"collection":[{"href":"https:\/\/eltiosam.com.mx\/index.php\/wp-json\/wp\/v2\/product"}],"about":[{"href":"https:\/\/eltiosam.com.mx\/index.php\/wp-json\/wp\/v2\/types\/product"}],"wp:featuredmedia":[{"embeddable":true,"href":"https:\/\/eltiosam.com.mx\/index.php\/wp-json\/wp\/v2\/media\/12326"}],"wp:attachment":[{"href":"https:\/\/eltiosam.com.mx\/index.php\/wp-json\/wp\/v2\/media?parent=12322"}],"wp:term":[{"taxonomy":"product_brand","embeddable":true,"href":"https:\/\/eltiosam.com.mx\/index.php\/wp-json\/wp\/v2\/product_brand?post=12322"},{"taxonomy":"product_cat","embeddable":true,"href":"https:\/\/eltiosam.com.mx\/index.php\/wp-json\/wp\/v2\/product_cat?post=12322"},{"taxonomy":"product_tag","embeddable":true,"href":"https:\/\/eltiosam.com.mx\/index.php\/wp-json\/wp\/v2\/product_tag?post=12322"}],"curies":[{"name":"wp","href":"https:\/\/api.w.org\/{rel}","templated":true}]}}