{"id":12305,"date":"2025-09-22T19:12:49","date_gmt":"2025-09-22T19:12:49","guid":{"rendered":"https:\/\/eltiosam.com.mx\/?post_type=product&#038;p=12305"},"modified":"2025-09-22T19:12:49","modified_gmt":"2025-09-22T19:12:49","slug":"enfriadormabeemdpccb3","status":"publish","type":"product","link":"https:\/\/eltiosam.com.mx\/index.php\/product\/enfriadormabeemdpccb3\/","title":{"rendered":"ENFRIADOR\tMABE\tEMDPCCB3"},"content":{"rendered":"<div class=\"expand-collapse-header flex justify-between items-center w-100\">\n<h3 class=\"w-100 ma0 pa3 lh-copy normal f5\">Detalles del art\u00edculo<\/h3>\n<div class=\"pr3\"><\/div>\n<\/div>\n<div class=\"w_zz0G expand-collapse-content\" data-testid=\"ui-collapse-panel\">\n<div class=\"ph3 pb4 pt1\">\n<div class=\"nb3\" data-testid=\"product-description-content\">\n<div class=\"mb3\">\n<div class=\"dangerous-html mb3\">\n<ul>\n<li>\n<ul>\n<li>PARILLA DOBLE FUNCI\u00d3N, Es una parrilla panini y una plancha para asar, as\u00ed que te dar\u00e1 m\u00faltiples oportunidades. Prepara Carne, pescado, hamburguesas, verduras, etc.<\/li>\n<li>ABERTURA DE 180\u00b0 Para aprovechar al m\u00e1ximo la superficie de cocinado, te permite usar como plancha de asar, puedes cocinar carnes, verduras, pescados, tostar cualquier tipo de pan o bocadillo.<\/li>\n<li>PLACA ANTIADHERENTE. Sus placas con antiadherente lo que permite cocinar libre de aceite, haciendo m\u00e1s saludable tus alimentos, su antiadherente es 100% seguro libre e PFOA.<\/li>\n<li>CANAL RECOLECTOR DE GRASA. Para facilitar la limpieza. Sus placas se limpian f\u00e1cilmente y sin esfuerzo.<\/li>\n<\/ul>\n<\/li>\n<\/ul>\n<\/div>\n<\/div>\n<div class=\"mb3 f6 mid-gray lh-title overflow-visible db\">\n<div class=\"dangerous-html mb3\"><\/div>\n<\/div>\n<\/div>\n<\/div>\n<\/div>\n","protected":false},"excerpt":{"rendered":"<div class=\"expand-collapse-header flex justify-between items-center w-100\">\n<h3 class=\"w-100 ma0 pa3 lh-copy normal f5\">Detalles del art\u00edculo<\/h3>\n<div class=\"pr3\"><\/div>\n<\/div>\n<div class=\"w_zz0G expand-collapse-content\" data-testid=\"ui-collapse-panel\">\n<div class=\"ph3 pb4 pt1\">\n<div class=\"nb3\" data-testid=\"product-description-content\">\n<div class=\"mb3\">\n<div class=\"dangerous-html mb3\">\n<ul>\n<li>\n<ul>\n<li>PARILLA DOBLE FUNCI\u00d3N, Es una parrilla panini y una plancha para asar, as\u00ed que te dar\u00e1 m\u00faltiples oportunidades. Prepara Carne, pescado, hamburguesas, verduras, etc.<\/li>\n<li>ABERTURA DE 180\u00b0 Para aprovechar al m\u00e1ximo la superficie de cocinado, te permite usar como plancha de asar, puedes cocinar carnes, verduras, pescados, tostar cualquier tipo de pan o bocadillo.<\/li>\n<li>PLACA ANTIADHERENTE. Sus placas con antiadherente lo que permite cocinar libre de aceite, haciendo m\u00e1s saludable tus alimentos, su antiadherente es 100% seguro libre e PFOA.<\/li>\n<li>CANAL RECOLECTOR DE GRASA. Para facilitar la limpieza. Sus placas se limpian f\u00e1cilmente y sin esfuerzo.<\/li>\n<\/ul>\n<\/li>\n<\/ul>\n<\/div>\n<\/div>\n<div class=\"mb3 f6 mid-gray lh-title overflow-visible db\">\n<div class=\"dangerous-html mb3\"><\/div>\n<\/div>\n<\/div>\n<\/div>\n<\/div>\n","protected":false},"featured_media":12307,"template":"","meta":{"_joinchat":[]},"product_brand":[],"product_cat":[55],"product_tag":[21],"class_list":{"0":"post-12305","1":"product","2":"type-product","3":"status-publish","4":"has-post-thumbnail","6":"product_cat-enfriadores","7":"product_tag-mabe","9":"first","10":"instock","11":"shipping-taxable","12":"product-type-simple"},"_links":{"self":[{"href":"https:\/\/eltiosam.com.mx\/index.php\/wp-json\/wp\/v2\/product\/12305","targetHints":{"allow":["GET"]}}],"collection":[{"href":"https:\/\/eltiosam.com.mx\/index.php\/wp-json\/wp\/v2\/product"}],"about":[{"href":"https:\/\/eltiosam.com.mx\/index.php\/wp-json\/wp\/v2\/types\/product"}],"wp:featuredmedia":[{"embeddable":true,"href":"https:\/\/eltiosam.com.mx\/index.php\/wp-json\/wp\/v2\/media\/12307"}],"wp:attachment":[{"href":"https:\/\/eltiosam.com.mx\/index.php\/wp-json\/wp\/v2\/media?parent=12305"}],"wp:term":[{"taxonomy":"product_brand","embeddable":true,"href":"https:\/\/eltiosam.com.mx\/index.php\/wp-json\/wp\/v2\/product_brand?post=12305"},{"taxonomy":"product_cat","embeddable":true,"href":"https:\/\/eltiosam.com.mx\/index.php\/wp-json\/wp\/v2\/product_cat?post=12305"},{"taxonomy":"product_tag","embeddable":true,"href":"https:\/\/eltiosam.com.mx\/index.php\/wp-json\/wp\/v2\/product_tag?post=12305"}],"curies":[{"name":"wp","href":"https:\/\/api.w.org\/{rel}","templated":true}]}}