{"id":12298,"date":"2025-09-22T19:09:51","date_gmt":"2025-09-22T19:09:51","guid":{"rendered":"https:\/\/eltiosam.com.mx\/?post_type=product&#038;p=12298"},"modified":"2025-10-30T20:48:04","modified_gmt":"2025-10-30T20:48:04","slug":"microondas-1-1p3mabehmm11xpo","status":"publish","type":"product","link":"https:\/\/eltiosam.com.mx\/index.php\/product\/microondas-1-1p3mabehmm11xpo\/","title":{"rendered":"MICROONDAS 1.5P3\tMABE\tHMM15XPO"},"content":{"rendered":"<p>Dise\u00f1o minimalista con detalles Silver y acabado espejo. Equipado con gu\u00eda de cocci\u00f3n interna, programas especiales y opciones autom\u00e1ticas para calentar tus alimentos m\u00e1s r\u00e1pido y f\u00e1cil. M\u00e1s practico y funcional gracias a su sencilla programaci\u00f3n.<\/p>\n","protected":false},"excerpt":{"rendered":"<p>Dise\u00f1o minimalista con detalles Silver y acabado espejo. Equipado con gu\u00eda de cocci\u00f3n interna, programas especiales y opciones autom\u00e1ticas para calentar tus alimentos m\u00e1s r\u00e1pido y f\u00e1cil. M\u00e1s practico y funcional gracias a su sencilla programaci\u00f3n.<\/p>\n","protected":false},"featured_media":12301,"template":"","meta":{"_joinchat":[]},"product_brand":[],"product_cat":[184],"product_tag":[21],"class_list":{"0":"post-12298","1":"product","2":"type-product","3":"status-publish","4":"has-post-thumbnail","6":"product_cat-microondas","7":"product_tag-mabe","9":"first","10":"instock","11":"shipping-taxable","12":"product-type-simple"},"_links":{"self":[{"href":"https:\/\/eltiosam.com.mx\/index.php\/wp-json\/wp\/v2\/product\/12298","targetHints":{"allow":["GET"]}}],"collection":[{"href":"https:\/\/eltiosam.com.mx\/index.php\/wp-json\/wp\/v2\/product"}],"about":[{"href":"https:\/\/eltiosam.com.mx\/index.php\/wp-json\/wp\/v2\/types\/product"}],"wp:featuredmedia":[{"embeddable":true,"href":"https:\/\/eltiosam.com.mx\/index.php\/wp-json\/wp\/v2\/media\/12301"}],"wp:attachment":[{"href":"https:\/\/eltiosam.com.mx\/index.php\/wp-json\/wp\/v2\/media?parent=12298"}],"wp:term":[{"taxonomy":"product_brand","embeddable":true,"href":"https:\/\/eltiosam.com.mx\/index.php\/wp-json\/wp\/v2\/product_brand?post=12298"},{"taxonomy":"product_cat","embeddable":true,"href":"https:\/\/eltiosam.com.mx\/index.php\/wp-json\/wp\/v2\/product_cat?post=12298"},{"taxonomy":"product_tag","embeddable":true,"href":"https:\/\/eltiosam.com.mx\/index.php\/wp-json\/wp\/v2\/product_tag?post=12298"}],"curies":[{"name":"wp","href":"https:\/\/api.w.org\/{rel}","templated":true}]}}