{"id":12286,"date":"2025-09-22T18:59:49","date_gmt":"2025-09-22T18:59:49","guid":{"rendered":"https:\/\/eltiosam.com.mx\/?post_type=product&#038;p=12286"},"modified":"2025-09-22T18:59:49","modified_gmt":"2025-09-22T18:59:49","slug":"campana-oculta-76cmmabecm7648piw0","status":"publish","type":"product","link":"https:\/\/eltiosam.com.mx\/index.php\/product\/campana-oculta-76cmmabecm7648piw0\/","title":{"rendered":"CAMPANA OCULTA 76CM\tMABE\tCM7648PIW0"},"content":{"rendered":"<p>Olv\u00eddate de malos olores, humo y rastros de grasa para tener tu cocina m\u00e1s limpia. Gracias a su potencia de extracci\u00f3n, te brinda un espacio m\u00e1s limpio en menos tiempo. Controla la potencia, en un click, para tener tu cocina libre de malos olores.<\/p>\n","protected":false},"excerpt":{"rendered":"<p>Olv\u00eddate de malos olores, humo y rastros de grasa para tener tu cocina m\u00e1s limpia. Gracias a su potencia de extracci\u00f3n, te brinda un espacio m\u00e1s limpio en menos tiempo. Controla la potencia, en un click, para tener tu cocina libre de malos olores.<\/p>\n","protected":false},"featured_media":12289,"template":"","meta":{"_joinchat":[]},"product_brand":[],"product_cat":[45],"product_tag":[21],"class_list":{"0":"post-12286","1":"product","2":"type-product","3":"status-publish","4":"has-post-thumbnail","6":"product_cat-campanas","7":"product_tag-mabe","9":"first","10":"instock","11":"shipping-taxable","12":"product-type-simple"},"_links":{"self":[{"href":"https:\/\/eltiosam.com.mx\/index.php\/wp-json\/wp\/v2\/product\/12286","targetHints":{"allow":["GET"]}}],"collection":[{"href":"https:\/\/eltiosam.com.mx\/index.php\/wp-json\/wp\/v2\/product"}],"about":[{"href":"https:\/\/eltiosam.com.mx\/index.php\/wp-json\/wp\/v2\/types\/product"}],"wp:featuredmedia":[{"embeddable":true,"href":"https:\/\/eltiosam.com.mx\/index.php\/wp-json\/wp\/v2\/media\/12289"}],"wp:attachment":[{"href":"https:\/\/eltiosam.com.mx\/index.php\/wp-json\/wp\/v2\/media?parent=12286"}],"wp:term":[{"taxonomy":"product_brand","embeddable":true,"href":"https:\/\/eltiosam.com.mx\/index.php\/wp-json\/wp\/v2\/product_brand?post=12286"},{"taxonomy":"product_cat","embeddable":true,"href":"https:\/\/eltiosam.com.mx\/index.php\/wp-json\/wp\/v2\/product_cat?post=12286"},{"taxonomy":"product_tag","embeddable":true,"href":"https:\/\/eltiosam.com.mx\/index.php\/wp-json\/wp\/v2\/product_tag?post=12286"}],"curies":[{"name":"wp","href":"https:\/\/api.w.org\/{rel}","templated":true}]}}