{"id":12282,"date":"2025-09-22T18:58:37","date_gmt":"2025-09-22T18:58:37","guid":{"rendered":"https:\/\/eltiosam.com.mx\/?post_type=product&#038;p=12282"},"modified":"2025-09-22T18:58:37","modified_gmt":"2025-09-22T18:58:37","slug":"congelador-11mabechm11ppl","status":"publish","type":"product","link":"https:\/\/eltiosam.com.mx\/index.php\/product\/congelador-11mabechm11ppl\/","title":{"rendered":"CONGELADOR 11&#8243;\tMABE\tCHM11PPL"},"content":{"rendered":"<p>Congelador Blanco de 11 pies c\u00fabicos\/301L con tecnolog\u00eda ColdExtra 150 que mantiene el fr\u00edo hasta por 150 horas sin electricidad. Cuenta con sistema de enfriamiento\/congelaci\u00f3n de triple funci\u00f3n, manija tipo bolsillo para f\u00e1cil acceso y 9 niveles de temperatura hasta -29\u00b0C. Incluye cerradura de seguridad y dos canastas de alambre para distribuci\u00f3n uniforme del aire.<\/p>\n","protected":false},"excerpt":{"rendered":"<p>Congelador Blanco de 11 pies c\u00fabicos\/301L con tecnolog\u00eda ColdExtra 150 que mantiene el fr\u00edo hasta por 150 horas sin electricidad. Cuenta con sistema de enfriamiento\/congelaci\u00f3n de triple funci\u00f3n, manija tipo bolsillo para f\u00e1cil acceso y 9 niveles de temperatura hasta -29\u00b0C. Incluye cerradura de seguridad y dos canastas de alambre para distribuci\u00f3n uniforme del aire.<\/p>\n","protected":false},"featured_media":12284,"template":"","meta":{"_joinchat":[]},"product_brand":[],"product_cat":[52],"product_tag":[21],"class_list":{"0":"post-12282","1":"product","2":"type-product","3":"status-publish","4":"has-post-thumbnail","6":"product_cat-congeladores","7":"product_tag-mabe","9":"first","10":"instock","11":"shipping-taxable","12":"product-type-simple"},"_links":{"self":[{"href":"https:\/\/eltiosam.com.mx\/index.php\/wp-json\/wp\/v2\/product\/12282","targetHints":{"allow":["GET"]}}],"collection":[{"href":"https:\/\/eltiosam.com.mx\/index.php\/wp-json\/wp\/v2\/product"}],"about":[{"href":"https:\/\/eltiosam.com.mx\/index.php\/wp-json\/wp\/v2\/types\/product"}],"wp:featuredmedia":[{"embeddable":true,"href":"https:\/\/eltiosam.com.mx\/index.php\/wp-json\/wp\/v2\/media\/12284"}],"wp:attachment":[{"href":"https:\/\/eltiosam.com.mx\/index.php\/wp-json\/wp\/v2\/media?parent=12282"}],"wp:term":[{"taxonomy":"product_brand","embeddable":true,"href":"https:\/\/eltiosam.com.mx\/index.php\/wp-json\/wp\/v2\/product_brand?post=12282"},{"taxonomy":"product_cat","embeddable":true,"href":"https:\/\/eltiosam.com.mx\/index.php\/wp-json\/wp\/v2\/product_cat?post=12282"},{"taxonomy":"product_tag","embeddable":true,"href":"https:\/\/eltiosam.com.mx\/index.php\/wp-json\/wp\/v2\/product_tag?post=12282"}],"curies":[{"name":"wp","href":"https:\/\/api.w.org\/{rel}","templated":true}]}}