{"id":12278,"date":"2025-09-22T18:57:23","date_gmt":"2025-09-22T18:57:23","guid":{"rendered":"https:\/\/eltiosam.com.mx\/?post_type=product&#038;p=12278"},"modified":"2025-09-22T18:57:24","modified_gmt":"2025-09-22T18:57:24","slug":"congelador-9mabechm9ppl","status":"publish","type":"product","link":"https:\/\/eltiosam.com.mx\/index.php\/product\/congelador-9mabechm9ppl\/","title":{"rendered":"CONGELADOR 9&#8243;\tMABE\tCHM9PPL"},"content":{"rendered":"<p>Congelador Blanco de 9 pies c\u00fabicos\/251L con tecnolog\u00eda ColdExtra 150 que mantiene el fr\u00edo hasta por 150 horas sin electricidad. Cuenta con nivel de congelaci\u00f3n 4 estrellas, manija tipo bolsillo para f\u00e1cil acceso y gas refrigerante ecol\u00f3gico R600A. Incluye cerradura de seguridad, iluminaci\u00f3n interior LED y sistema de control electromec\u00e1nico.<\/p>\n","protected":false},"excerpt":{"rendered":"<p>Congelador Blanco de 9 pies c\u00fabicos\/251L con tecnolog\u00eda ColdExtra 150 que mantiene el fr\u00edo hasta por 150 horas sin electricidad. Cuenta con nivel de congelaci\u00f3n 4 estrellas, manija tipo bolsillo para f\u00e1cil acceso y gas refrigerante ecol\u00f3gico R600A. Incluye cerradura de seguridad, iluminaci\u00f3n interior LED y sistema de control electromec\u00e1nico.<\/p>\n","protected":false},"featured_media":12280,"template":"","meta":{"_joinchat":[]},"product_brand":[],"product_cat":[52],"product_tag":[21],"class_list":{"0":"post-12278","1":"product","2":"type-product","3":"status-publish","4":"has-post-thumbnail","6":"product_cat-congeladores","7":"product_tag-mabe","9":"first","10":"instock","11":"shipping-taxable","12":"product-type-simple"},"_links":{"self":[{"href":"https:\/\/eltiosam.com.mx\/index.php\/wp-json\/wp\/v2\/product\/12278","targetHints":{"allow":["GET"]}}],"collection":[{"href":"https:\/\/eltiosam.com.mx\/index.php\/wp-json\/wp\/v2\/product"}],"about":[{"href":"https:\/\/eltiosam.com.mx\/index.php\/wp-json\/wp\/v2\/types\/product"}],"wp:featuredmedia":[{"embeddable":true,"href":"https:\/\/eltiosam.com.mx\/index.php\/wp-json\/wp\/v2\/media\/12280"}],"wp:attachment":[{"href":"https:\/\/eltiosam.com.mx\/index.php\/wp-json\/wp\/v2\/media?parent=12278"}],"wp:term":[{"taxonomy":"product_brand","embeddable":true,"href":"https:\/\/eltiosam.com.mx\/index.php\/wp-json\/wp\/v2\/product_brand?post=12278"},{"taxonomy":"product_cat","embeddable":true,"href":"https:\/\/eltiosam.com.mx\/index.php\/wp-json\/wp\/v2\/product_cat?post=12278"},{"taxonomy":"product_tag","embeddable":true,"href":"https:\/\/eltiosam.com.mx\/index.php\/wp-json\/wp\/v2\/product_tag?post=12278"}],"curies":[{"name":"wp","href":"https:\/\/api.w.org\/{rel}","templated":true}]}}