{"id":12270,"date":"2025-09-22T18:49:09","date_gmt":"2025-09-22T18:49:09","guid":{"rendered":"https:\/\/eltiosam.com.mx\/?post_type=product&#038;p=12270"},"modified":"2025-09-22T18:49:09","modified_gmt":"2025-09-22T18:49:09","slug":"congelador-5mabechm5bpl","status":"publish","type":"product","link":"https:\/\/eltiosam.com.mx\/index.php\/product\/congelador-5mabechm5bpl\/","title":{"rendered":"CONGELADOR 5&#8243;\tMABE\tCHM5BPL"},"content":{"rendered":"<p>Exclusiva tecnolog\u00eda que mantiene frescos los alimentos hasta por 100 horas sin energ\u00eda el\u00e9ctrica.Triple funci\u00f3n que enfr\u00eda, congela y mantiene la temperatura ideal para tus alimentos. 9 niveles de temperatura: para regularla de acuerdo a cada necesidad.<\/p>\n","protected":false},"excerpt":{"rendered":"<p>Exclusiva tecnolog\u00eda que mantiene frescos los alimentos hasta por 100 horas sin energ\u00eda el\u00e9ctrica.Triple funci\u00f3n que enfr\u00eda, congela y mantiene la temperatura ideal para tus alimentos. 9 niveles de temperatura: para regularla de acuerdo a cada necesidad.<\/p>\n","protected":false},"featured_media":12273,"template":"","meta":{"_joinchat":[]},"product_brand":[],"product_cat":[52],"product_tag":[21],"class_list":{"0":"post-12270","1":"product","2":"type-product","3":"status-publish","4":"has-post-thumbnail","6":"product_cat-congeladores","7":"product_tag-mabe","9":"first","10":"instock","11":"shipping-taxable","12":"product-type-simple"},"_links":{"self":[{"href":"https:\/\/eltiosam.com.mx\/index.php\/wp-json\/wp\/v2\/product\/12270","targetHints":{"allow":["GET"]}}],"collection":[{"href":"https:\/\/eltiosam.com.mx\/index.php\/wp-json\/wp\/v2\/product"}],"about":[{"href":"https:\/\/eltiosam.com.mx\/index.php\/wp-json\/wp\/v2\/types\/product"}],"wp:featuredmedia":[{"embeddable":true,"href":"https:\/\/eltiosam.com.mx\/index.php\/wp-json\/wp\/v2\/media\/12273"}],"wp:attachment":[{"href":"https:\/\/eltiosam.com.mx\/index.php\/wp-json\/wp\/v2\/media?parent=12270"}],"wp:term":[{"taxonomy":"product_brand","embeddable":true,"href":"https:\/\/eltiosam.com.mx\/index.php\/wp-json\/wp\/v2\/product_brand?post=12270"},{"taxonomy":"product_cat","embeddable":true,"href":"https:\/\/eltiosam.com.mx\/index.php\/wp-json\/wp\/v2\/product_cat?post=12270"},{"taxonomy":"product_tag","embeddable":true,"href":"https:\/\/eltiosam.com.mx\/index.php\/wp-json\/wp\/v2\/product_tag?post=12270"}],"curies":[{"name":"wp","href":"https:\/\/api.w.org\/{rel}","templated":true}]}}