{"id":12266,"date":"2025-09-22T18:47:43","date_gmt":"2025-09-22T18:47:43","guid":{"rendered":"https:\/\/eltiosam.com.mx\/?post_type=product&#038;p=12266"},"modified":"2025-09-22T18:47:43","modified_gmt":"2025-09-22T18:47:43","slug":"horno-de-gas-30mabehm8020nn1","status":"publish","type":"product","link":"https:\/\/eltiosam.com.mx\/index.php\/product\/horno-de-gas-30mabehm8020nn1\/","title":{"rendered":"HORNO DE GAS 30&#8243;\tMABE\tHM8020NN1"},"content":{"rendered":"<p>Horno gas 80 cm. Convertible a gas natural. Termostato con sistema de seguridad. Encendido electr\u00f3nico Glowbar. Asador superior el\u00e9ctrico ideal para dorar, cocinar, asar y cocinar. Dise\u00f1o innovador con frente vidrio y puerta panor\u00e1mica para mejor visibilidad de tus platillos. Temperatura de 90\u00b0 a 190\u00b0 C. Timer mec\u00e1nico de 5 a 60 min. Frente de vidrio en perillas. Perillas robustas. 4 niveles en cavidad. 2 parrillas est\u00e1ndar. Luz interior hal\u00f3gena. Sistema de horneado perfect cook. Recubrimiento interior Easy Clean Pro. Steam Clean manual. Desfogue frontal<\/p>\n","protected":false},"excerpt":{"rendered":"<p>Horno gas 80 cm. Convertible a gas natural. Termostato con sistema de seguridad. Encendido electr\u00f3nico Glowbar. Asador superior el\u00e9ctrico ideal para dorar, cocinar, asar y cocinar. Dise\u00f1o innovador con frente vidrio y puerta panor\u00e1mica para mejor visibilidad de tus platillos. Temperatura de 90\u00b0 a 190\u00b0 C. Timer mec\u00e1nico de 5 a 60 min. Frente de vidrio en perillas. Perillas robustas. 4 niveles en cavidad. 2 parrillas est\u00e1ndar. Luz interior hal\u00f3gena. Sistema de horneado perfect cook. Recubrimiento interior Easy Clean Pro. Steam Clean manual. Desfogue frontal<\/p>\n","protected":false},"featured_media":12269,"template":"","meta":{"_joinchat":[]},"product_brand":[],"product_cat":[176],"product_tag":[21],"class_list":{"0":"post-12266","1":"product","2":"type-product","3":"status-publish","4":"has-post-thumbnail","6":"product_cat-hornos-de-gas","7":"product_tag-mabe","9":"first","10":"instock","11":"shipping-taxable","12":"product-type-simple"},"_links":{"self":[{"href":"https:\/\/eltiosam.com.mx\/index.php\/wp-json\/wp\/v2\/product\/12266","targetHints":{"allow":["GET"]}}],"collection":[{"href":"https:\/\/eltiosam.com.mx\/index.php\/wp-json\/wp\/v2\/product"}],"about":[{"href":"https:\/\/eltiosam.com.mx\/index.php\/wp-json\/wp\/v2\/types\/product"}],"wp:featuredmedia":[{"embeddable":true,"href":"https:\/\/eltiosam.com.mx\/index.php\/wp-json\/wp\/v2\/media\/12269"}],"wp:attachment":[{"href":"https:\/\/eltiosam.com.mx\/index.php\/wp-json\/wp\/v2\/media?parent=12266"}],"wp:term":[{"taxonomy":"product_brand","embeddable":true,"href":"https:\/\/eltiosam.com.mx\/index.php\/wp-json\/wp\/v2\/product_brand?post=12266"},{"taxonomy":"product_cat","embeddable":true,"href":"https:\/\/eltiosam.com.mx\/index.php\/wp-json\/wp\/v2\/product_cat?post=12266"},{"taxonomy":"product_tag","embeddable":true,"href":"https:\/\/eltiosam.com.mx\/index.php\/wp-json\/wp\/v2\/product_tag?post=12266"}],"curies":[{"name":"wp","href":"https:\/\/api.w.org\/{rel}","templated":true}]}}