{"id":12264,"date":"2025-09-22T18:45:18","date_gmt":"2025-09-22T18:45:18","guid":{"rendered":"https:\/\/eltiosam.com.mx\/?post_type=product&#038;p=12264"},"modified":"2025-09-22T18:45:19","modified_gmt":"2025-09-22T18:45:19","slug":"horno-electrico-60cmmabehm6031ewai","status":"publish","type":"product","link":"https:\/\/eltiosam.com.mx\/index.php\/product\/horno-electrico-60cmmabehm6031ewai\/","title":{"rendered":"HORNO EL\u00c9CTRICO 60CM\tMABE\tHM6031EWAI"},"content":{"rendered":"<p>Cocina mejor con tecnolog\u00eda Utimate desde que empiezas a preparar, hasta que terminas de limpiar. Grill superior el\u00e9ctrico, ideal para dorar, tostar y gratinar todos tus platillos. Recubrimiento Easy Clean Pro, recubre la cavidad del horno para limpiar t\u00e1n f\u00e1cil como un vidrio.Perfect Cook, alimentos bien cocidos por dentro y por fuera. Puerta panor\u00e1mica, tus alimentos siempre a la vista.<\/p>\n","protected":false},"excerpt":{"rendered":"<p>Cocina mejor con tecnolog\u00eda Utimate desde que empiezas a preparar, hasta que terminas de limpiar. Grill superior el\u00e9ctrico, ideal para dorar, tostar y gratinar todos tus platillos. Recubrimiento Easy Clean Pro, recubre la cavidad del horno para limpiar t\u00e1n f\u00e1cil como un vidrio.Perfect Cook, alimentos bien cocidos por dentro y por fuera. Puerta panor\u00e1mica, tus alimentos siempre a la vista.<\/p>\n","protected":false},"featured_media":12263,"template":"","meta":{"_joinchat":[]},"product_brand":[],"product_cat":[69],"product_tag":[21],"class_list":{"0":"post-12264","1":"product","2":"type-product","3":"status-publish","4":"has-post-thumbnail","6":"product_cat-horno","7":"product_tag-mabe","9":"first","10":"instock","11":"shipping-taxable","12":"product-type-simple"},"_links":{"self":[{"href":"https:\/\/eltiosam.com.mx\/index.php\/wp-json\/wp\/v2\/product\/12264","targetHints":{"allow":["GET"]}}],"collection":[{"href":"https:\/\/eltiosam.com.mx\/index.php\/wp-json\/wp\/v2\/product"}],"about":[{"href":"https:\/\/eltiosam.com.mx\/index.php\/wp-json\/wp\/v2\/types\/product"}],"wp:featuredmedia":[{"embeddable":true,"href":"https:\/\/eltiosam.com.mx\/index.php\/wp-json\/wp\/v2\/media\/12263"}],"wp:attachment":[{"href":"https:\/\/eltiosam.com.mx\/index.php\/wp-json\/wp\/v2\/media?parent=12264"}],"wp:term":[{"taxonomy":"product_brand","embeddable":true,"href":"https:\/\/eltiosam.com.mx\/index.php\/wp-json\/wp\/v2\/product_brand?post=12264"},{"taxonomy":"product_cat","embeddable":true,"href":"https:\/\/eltiosam.com.mx\/index.php\/wp-json\/wp\/v2\/product_cat?post=12264"},{"taxonomy":"product_tag","embeddable":true,"href":"https:\/\/eltiosam.com.mx\/index.php\/wp-json\/wp\/v2\/product_tag?post=12264"}],"curies":[{"name":"wp","href":"https:\/\/api.w.org\/{rel}","templated":true}]}}